{"id":100880,"date":"2025-05-15T07:54:00","date_gmt":"2025-05-15T07:54:00","guid":{"rendered":"https:\/\/simracergear.com\/products\/fanatec-csl-dd-8-nm\/"},"modified":"2025-11-28T04:42:46","modified_gmt":"2025-11-28T04:42:46","slug":"fanatec-csl-dd-8-nm","status":"publish","type":"product","link":"https:\/\/simracergear.com\/sv\/products\/fanatec-csl-dd-8-nm\/","title":{"rendered":"Fanatec CSL DD QR2 (8 Nm)"},"content":{"rendered":"<h2>Fanatec CSL DD QR2 (8 Nm): det verkliga kvalitativa spr\u00e5nget i mellanklassen?<\/h2>\n<p>Fanatec CSL DD QR2 (8 Nm) \u00e4r placerad i ett mycket eftertraktat omr\u00e5de: den \"tillg\u00e4ngliga\" direktdrivningen, men tillr\u00e4ckligt seri\u00f6s f\u00f6r att tillfredsst\u00e4lla en kr\u00e4vande simracer. Vi \u00e4r inte l\u00e4ngre p\u00e5 en instegsniv\u00e5, men \u00e4nnu inte p\u00e5 kraftmonstren i den allra \u00f6versta \u00e4nden. P\u00e5 papperet utlovar den den b\u00e4sta kompromissen: hyfsat vridmoment, ren Direct Drive, bred kompatibilitet och ett nytt QR2-system som \u00e4ntligen ska l\u00f6sa problemet med parasitspel i navet.<\/p>\n<p>Det som \u00e4r s\u00e5 tilltalande \u00e4r l\u00f6ftet om ren kraft\u00e5terkoppling, utan att beh\u00f6va investera i en bas som \u00e4r tv\u00e5 eller tre g\u00e5nger dyrare. Tanken \u00e4r att erbjuda en mycket b\u00e4ttre k\u00e4nsla \u00e4n remdrivna baser och de f\u00f6rsta l\u00e5gpris-DD:erna, samtidigt som de kan anv\u00e4ndas i en n\u00e5gorlunda styv cockpit.<\/p>\n<p>Min analysvinkel \u00e4r enkel: precisionen i \u00e5terkopplingen, den \u00f6vergripande mekaniska kvaliteten och den konsekventa vardagsupplevelsen. \u00c4r 8 Nm verkligen tillr\u00e4ckligt f\u00f6r att f\u00f6r\u00e4ndra k\u00f6rbeteendet p\u00e5 banan? Ger QR2 en verklig vinst i styvhet och sj\u00e4lvf\u00f6rtroende? Och framf\u00f6r allt, h\u00e5ller den h\u00e4r basen som hj\u00e4rtat i en utvecklande setup, eller kommer du snabbt att finna dig sj\u00e4lv begr\u00e4nsad s\u00e5 snart du g\u00f6r lite seri\u00f6sa framsteg?<\/p>\n<h2>Design &amp; tillverkning: kompakt, seri\u00f6s, mer mogen<\/h2>\n<p>I handen ger CSL DD QR2 (8 Nm) ett omedelbart intryck av t\u00e4thet. Metallchassit med sina v\u00e4lbearbetade sidor inger mer f\u00f6rtroende \u00e4n m\u00e5nga \"plastbaser\" i l\u00e4gre prisklasser. Inget l\u00e5ter ih\u00e5ligt, inget r\u00f6r sig n\u00e4r du hanterar det. Du f\u00e5r intrycket av ett kompakt block som \u00e4r konstruerat f\u00f6r att klara belastningen fr\u00e5n en Direct Drive utan att darra.<\/p>\n<p>Finishen \u00e4r ren: lack, kanter, kontakter - allt \u00e4r i linje med vad man kan f\u00f6rv\u00e4nta sig av en seri\u00f6s mellanklassprodukt. Vi \u00e4r inte p\u00e5 samma \"lyxartikelniv\u00e5\" som vissa baser i toppsegmentet, men det utstr\u00e5lar en produkt som \u00e4r utformad f\u00f6r att h\u00e5lla i flera \u00e5r. Den upplevda styvheten \u00e4r god, s\u00e4rskilt n\u00e4r den \u00e4r korrekt monterad p\u00e5 en str\u00f6mlinjeformad aluminiumcockpit eller ett mycket styvt st\u00e5lchassi.<\/p>\n<p>Den stora f\u00f6r\u00e4ndringen kommer fr\u00e5n QR2. I handen k\u00e4nns navet mer solitt, mer seri\u00f6st \u00e4n det gamla systemet. Det l\u00e5ser fastare, med mindre k\u00e4nsla av potentiellt \"spel\". Det \u00e4r l\u00e4tt att se f\u00f6rdelen med detta: att begr\u00e4nsa de parasitiska mikror\u00f6relserna mellan kedjestaget och sv\u00e4nghjulet, som undergr\u00e4ver precisionen hos en Direct Drive. Detta \u00e4r en viktig punkt: det r\u00e5a vridmomentet \u00e4r v\u00e4rdel\u00f6st om den mekaniska anslutningen \u00e4r mjuk.<\/p>\n<p>Det som kan vara en liten besvikelse \u00e4r n\u00e5gra detaljer som \u00e4r mer \"funktionella\" \u00e4n premium: designen \u00e4r ganska enkel, till och med lite kall, och ventilationen \u00e4r m\u00e4rkbar beroende p\u00e5 installationen. J\u00e4mf\u00f6rt med n\u00e5gra av konkurrenternas mer visuellt sofistikerade baser fokuserar CSL DD helt klart mer p\u00e5 effektivitet \u00e4n p\u00e5 utseende.<\/p>\n<p>J\u00e4mf\u00f6rt med en remdrift till liknande pris m\u00e4rks kvaliteten p\u00e5 konstruktionen och kompaktheten omedelbart. J\u00e4mf\u00f6rt med kraftfullare direktdrivningar \u00e4r k\u00e4nslan av \"of\u00f6rst\u00f6rbar tank\" lite l\u00e4gre, men f\u00f6r en 8Nm \u00e4r balansen mellan storlek och styrka mycket bra.<\/p>\n<h2>Inst\u00e4llningar, kundanpassning och kompatibilitet: flexibelt men sv\u00e5rt att t\u00e4mja<\/h2>\n<p>N\u00e4r det g\u00e4ller inst\u00e4llningar talar vi om det klassiska Fanatec-ekosystemet. Profilerna i PC-drivrutinen g\u00f6r att du kan finjustera force feedback: total intensitet, filtrering, friktion, d\u00e4mpning, interpolering etc. F\u00f6r min del fann jag att n\u00e5gra parametrar verkligen gjorde skillnad: den totala f\u00f6rst\u00e4rkningen, FFB-filtret och niv\u00e5n p\u00e5 \"d\u00e4mpningen\" f\u00f6r att lugna h\u00f6ghastighetsoscillationer.<\/p>\n<p>Gr\u00e4nssnittet \u00e4r inte det mest moderna p\u00e5 marknaden, men det \u00e4r fortfarande l\u00e4ttl\u00e4st. Det tar lite tid att f\u00f6rst\u00e5 effekten av varje reglage, s\u00e4rskilt om du \u00e4r ny p\u00e5 Direct Drive. Den goda nyheten \u00e4r att n\u00e4r du v\u00e4l har hittat en solid f\u00f6rinst\u00e4llning f\u00f6r ett eller tv\u00e5 spel, r\u00f6r du s\u00e4llan inst\u00e4llningarna efter\u00e5t. Du kan k\u00f6ra runt och finjustera dina inst\u00e4llningar i sm\u00e5 steg och koncentrera dig p\u00e5 att k\u00f6ra.<\/p>\n<p>Det finns en inl\u00e4rningskurva, s\u00e4rskilt om du kommer fr\u00e5n en nyb\u00f6rjarratt d\u00e4r du l\u00e4mnat allt till \"standard\". H\u00e4r har varje inst\u00e4llning ett verkligt inflytande p\u00e5 rattens beteende. Det kanske kommer som en \u00f6verraskning, men det \u00e4r ocks\u00e5 det som g\u00f6r att du kan anpassa basen till din stil: mer r\u00e5 och nerv\u00f6s, eller mer filtrerad och smidig.<\/p>\n<p>N\u00e4r det g\u00e4ller kompatibilitet passar CSL DD QR2 f\u00f6ga f\u00f6rv\u00e5nande in i Fanatecs ekosystem: rattar fr\u00e5n sortimentet, pedaler, v\u00e4xlar, handbroms. P\u00e5 PC \u00e4r det helt klart d\u00e4r vi har st\u00f6rst frihet och d\u00e4r potentialen utnyttjas fullt ut. P\u00e5 konsoler beror kompatibiliteten fortfarande p\u00e5 vilken ratt som \u00e4r monterad, men den h\u00e4r basen \u00e4r utformad f\u00f6r att fungera i en blandad PC- och konsolkonfiguration, f\u00f6rutsatt att du v\u00e4ljer din ratt med omsorg.<\/p>\n<p>N\u00e4r det g\u00e4ller uppgraderingsm\u00f6jligheterna \u00e4r CSL DD 8 Nm en h\u00e5llbar bas. Du kan b\u00f6rja med en instegsratt och sedan gradvis uppgradera resten av utrustningen: lastcellsvevst\u00e4ll, ratt av h\u00f6gre kvalitet, styvare cockpit. Det \u00e4r inte bara en startpunkt, det \u00e4r en bas som kan anv\u00e4ndas n\u00e4r du g\u00e5r vidare utan att omedelbart begr\u00e4nsas.<\/p>\n<h2>K\u00e4nslor i spel: d\u00e4r 8 Nm kommer till sin r\u00e4tt<\/h2>\n<p>V\u00e4l ute p\u00e5 banan m\u00e4rks skillnaden mellan en remdriven bas och en svagare Direct Drive omedelbart i hur ren returen \u00e4r. CSL DD QR2 skickar ut en ren, exakt FFB, med lite \"fuzz\" runt mittpunkten. Du f\u00f6rst\u00e5r omedelbart vad bilen g\u00f6r. Vridmomentet p\u00e5 8 Nm f\u00f6rblir rimligt, men tillr\u00e4ckligt starkt f\u00f6r att \u00f6verf\u00f6ra belastningsvariationer utan att kollapsa.<\/p>\n<p>Det som \u00e4r mest sl\u00e5ende med kurvtagning \u00e4r hur ratten f\u00f6ljer vikt\u00f6verf\u00f6ringen. Vid infarten kan du k\u00e4nna hur fram\u00e4nden belastas, hur styrningen gradvis h\u00e5rdnar och sedan subtilt l\u00e4ttar om du kommer f\u00f6r snabbt eller om fram\u00e4nden b\u00f6rjar stalla. Det \u00e4r inte v\u00e5ldsamt, det \u00e4r l\u00e4tt att l\u00e4sa av. Styrningen talar tydligt, utan att skrika i on\u00f6dan.<\/p>\n<p>Greppavl\u00e4sningarna \u00e4r mycket bra f\u00f6r den h\u00e4r effektniv\u00e5n. P\u00e5 en GT eller formelbil kan du tydligt k\u00e4nna n\u00e4r d\u00e4cket slirar n\u00e5got, n\u00e4r bilen flyter p\u00e5 gr\u00e4nsen. Du k\u00e4nner naturligtvis inte alla mikrodetaljer som du skulle g\u00f6ra p\u00e5 en mycket kraftfullare och mer avancerad bil, men f\u00f6r ren och konsekvent k\u00f6rning \u00e4r det mer \u00e4n tillr\u00e4ckligt. Det ger dig sj\u00e4lvf\u00f6rtroende, och det sj\u00e4lvf\u00f6rtroendet \u00f6vers\u00e4tts till renare kurvtagning och b\u00e4ttre uppm\u00e4tt bromsning.<\/p>\n<p>Vibrationer \u00e4r en bra indikator. Med QR2 finns det mindre k\u00e4nsla av spel eller parasitisk vibration vid ratten \/ basl\u00e4nken. Sn\u00e4va kanter, \"korvar\" och stall vid kanten av banan kommer fram ganska tydligt utan att ratten f\u00f6rvandlas till en tryckluftsborr. Du kan k\u00e4nna variationerna i textur och grepp utan att bli m\u00e4ttad av ljud.<\/p>\n<p>Under l\u00e5nga sessioner \u00e4r konsekvensen en verklig styrka. Vridmomentet p\u00e5 8 Nm f\u00f6rblir stabilt och kedjestaget k\u00e4nns inte varmt eller begr\u00e4nsat. Tr\u00f6tthet i armarna beror fr\u00e4mst p\u00e5 din anpassningsniv\u00e5: vid 100 % drar det lite, men med en v\u00e4l anpassad kurva kan du enkelt h\u00e5lla p\u00e5 i flera timmar utan att k\u00e4nna att du k\u00e4mpar mot kedjestaget. Detta \u00e4r viktigt f\u00f6r simracerf\u00f6rare som g\u00f6r m\u00e5nga l\u00e5nga lopp eller uth\u00e5llighetsarbete.<\/p>\n<p>CSL DD QR2 reagerar bra p\u00e5 snabba korrigeringar. Att motstyra p\u00e5 en bakhjulsdriven glidbana och ta upp \u00f6verstyrning vid kurvutg\u00e5ngar \u00e4r hanterbart och l\u00e4tt att l\u00e4sa av. Basen \u00e4r inte lika \"explosiv\" som en mycket kraftfullare Direct Drive, men det \u00e4r inte n\u00f6dv\u00e4ndigtvis ett fel. H\u00e4r talar vi om n\u00e5got snabbt och kontrollerbart. Du kan sl\u00e4ppa taget om bilen lite mer, men \u00e4nd\u00e5 ha en k\u00e4nsla av att du kommer att kunna ta tillbaka den.<\/p>\n<p>J\u00e4mf\u00f6rt med en mindre kraftfull bas, t.ex. en liten instegsmodell med Direct Drive, ligger den st\u00f6rsta vinsten i den anv\u00e4ndbara vridmomentreserven. Du kan k\u00f6ra med en n\u00e5got h\u00f6gre FFB utan att styrningen kraschar under h\u00f6g kompression eller i snabba kurvor. Du f\u00e5r en b\u00e4ttre k\u00e4nsla f\u00f6r skillnaderna mellan olika bilar och banor. J\u00e4mf\u00f6rt med en mycket kraftfullare bas f\u00f6rlorar du en del av den r\u00e5a fysiska effekten och en del av de ultrafina mikrodetaljerna, men du undviker ocks\u00e5 \"f\u00f6r mycket\"-effekten som kan tr\u00f6tta ut dig eller bli ohanterlig i en cockpit som inte \u00e4r s\u00e4rskilt styv.<\/p>\n<p>Sammantaget \u00e4r inlevelsen mycket bra f\u00f6r den h\u00e4r kategorin. Du f\u00e5r en k\u00e4nsla av att du verkligen k\u00f6r p\u00e5 greppet, att du arbetar med ratten snarare \u00e4n mot den. Det \u00e4r d\u00e4r basen verkligen f\u00f6r\u00e4ndrar upplevelsen f\u00f6r n\u00e5gon som kommer fr\u00e5n instegsniv\u00e5n.<\/p>\n<h2>Vem \u00e4r det till f\u00f6r? Dagliga styrkor och svagheter<\/h2>\n<p>CSL DD QR2 (8 Nm) riktar sig helt klart till den motiverade simracerf\u00f6raren. Inte n\u00f6dv\u00e4ndigtvis en eSport-f\u00f6rare, men n\u00e5gon som k\u00f6r regelbundet, som vill utvecklas och som ser sin setup som en investering snarare \u00e4n en enkel kringutrustning. F\u00f6r en nyb\u00f6rjare \u00e4r det anv\u00e4ndbart, men du beh\u00f6ver lite tid f\u00f6r att komma underfund med FFB och inst\u00e4llningarna. F\u00f6r en medelm\u00e5ttig PC-anv\u00e4ndare \u00e4r det en riktig sweet spot. F\u00f6r avancerade anv\u00e4ndare beror allt p\u00e5 deras f\u00f6rv\u00e4ntningar n\u00e4r det g\u00e4ller kraft och ultimat finess.<\/p>\n<p>Det som \u00f6vertygade mig mest var balansen mellan precision, vridmoment och komfort. De 8 Nm \u00e4r tillr\u00e4ckligt f\u00f6r att ge bilen en seri\u00f6s k\u00e4nsla, utan att kr\u00e4va en monstru\u00f6st styv cockpit eller kroppsbyggarens underarmar. QR2 ger l\u00e4nkaget en rej\u00e4l styvhet, vilket g\u00f6r hela paketet renare och mer sammanh\u00e4ngande. Allt detta i ett kompakt format som passar perfekt p\u00e5 ett kontor eller i en vanlig aluminiumcockpit.<\/p>\n<p>En annan positiv punkt \u00e4r dess plats i Fanatecs ekosystem. Du kan montera en GT-ratt, en rund ratt av rallytyp, en \u00f6ppen ratt, koppla ihop den med ett vevparti med lastceller och en v\u00e4xelspak, allt med en enda bas som h\u00e5ller. Det ger en verklig k\u00e4nsla av samst\u00e4mmighet i installationen. Du kan bygga upp saker och ting bit f\u00f6r bit utan att det k\u00e4nns som om du b\u00f6rjar fr\u00e5n b\u00f6rjan.<\/p>\n<p>N\u00e4r det g\u00e4ller gr\u00e4nser m\u00e5ste du vara klar i huvudet. Om du \u00e4r ute efter en ultrafysisk, mycket tung upplevelse, med ett massivt vridmoment som kastar tillbaka varje oj\u00e4mnhet som ett slag, kommer 8 Nm att verka klokt. Det handlar mer om precision \u00e4n brutalitet. Dessutom kr\u00e4ver inst\u00e4llningarna ett minimum av nyfikenhet: om du l\u00e4mnar allt obearbetat eller d\u00e5ligt konfigurerat kan det sluta med en k\u00e4nsla som inte \u00e4r lika bra som vad basmodellen kan erbjuda. Slutligen kommer det upplevda v\u00e4rdet att bero p\u00e5 din f\u00f6rv\u00e4ntningsniv\u00e5: f\u00f6r vissa \u00e4r det den perfekta balansen mellan kostnad och prestanda; f\u00f6r andra kan du lika g\u00e4rna spara lite mer och g\u00e5 direkt till en kraftfullare modell.<\/p>\n<p>N\u00e4r det g\u00e4ller investeringar \u00e4r CSL DD QR2 ett \"f\u00f6rnuftigt\" men ambiti\u00f6st k\u00f6p. Det \u00e4r en seri\u00f6s investering, men du vet varf\u00f6r: b\u00e4ttre greppavl\u00e4sning, b\u00e4ttre konsistens, b\u00e4ttre inlevelse. F\u00f6r n\u00e5gon som spelar regelbundet k\u00e4nns skillnaden med en mer grundl\u00e4ggande ratt p\u00e5 varje varv. Och det r\u00e4knas verkligen i simracing.<\/p>\n<h2>Omd\u00f6me: ett riktigt hj\u00e4rta i installationen f\u00f6r seri\u00f6sa simracer<\/h2>\n<p>Fanatec CSL DD QR2 (8 Nm) tillf\u00f6r n\u00e5got mycket konkret till en setup: den stabiliserar mitten av din k\u00f6rupplevelse. Den f\u00f6rvandlar en hyfsad setup till en trov\u00e4rdig s\u00e5dan. Du f\u00e5r b\u00e4ttre feedback, mekanisk konsistens och komfort \u00f6ver tid. Det \u00e4r inte det mest spektakul\u00e4ra alternativet p\u00e5 marknaden, men det \u00e4r ett av de mest konsekventa f\u00f6r den som vill ta ett steg fram\u00e5t utan att spr\u00e4nga budgeten eller cockpitens struktur.<\/p>\n<p>P\u00e5 marknaden \u00e4r den tydligt placerad i det solida mellanskiktet, men med en \"pivot\"-k\u00e4nsla: tillr\u00e4ckligt seri\u00f6s f\u00f6r att finnas kvar i en utvecklande setup under l\u00e5ng tid, tillr\u00e4ckligt tillg\u00e4nglig f\u00f6r att inte f\u00f6rbli en avl\u00e4gsen dr\u00f6m. Inte en leksak, \u00e4nnu inte ett absolut vapen, men ett p\u00e5litligt verktyg f\u00f6r framsteg.<\/p>\n<p>Jag skulle framf\u00f6r allt rekommendera den till PC-spelare och konsolanv\u00e4ndare som vill ha en rej\u00e4l kvalitetsh\u00f6jning j\u00e4mf\u00f6rt med sin nuvarande ratt, utan att str\u00e4va efter extrem kraft. Om du huvudsakligen \u00e4r en l\u00e4tt arkadspelare kommer detta att vara \u00f6verdimensionerat. Om du redan har en mycket kraftfull bas kommer det h\u00e4r att vara ett steg bak\u00e5t.<\/p>\n<p>Om du letar efter en ren, exakt och v\u00e4lbyggd Direct Drive som kan bli mittpunkten i en seri\u00f6s setup under flera \u00e5r, kan den h\u00e4r produkten helt klart g\u00f6ra skillnad i din setup.<\/p>","protected":false},"excerpt":{"rendered":"<p>Denna CSL DD 8 Nm gav mig k\u00e4nslan av att verkligen klarg\u00f6ra vad bilen g\u00f6r, med en ren, konsekvent feedback utan att bli alltf\u00f6r fysisk. Det \u00e4r vettigt f\u00f6r vanliga simracers som vill g\u00e5 bortom startniv\u00e5n utan att falla in i den allra h\u00f6gsta toppen. Hela paketet erbjuder en solid och h\u00e5llbar grund f\u00f6r att utveckla din setup.<\/p>","protected":false},"featured_media":101861,"comment_status":"open","ping_status":"closed","template":"","meta":{"_acf_changed":false,"_et_pb_use_builder":"","_et_pb_old_content":"","_et_gb_content_width":""},"product_brand":[158],"product_cat":[155],"product_tag":[149],"class_list":{"0":"post-100880","1":"product","2":"type-product","3":"status-publish","4":"has-post-thumbnail","6":"product_brand-fanatec","7":"product_cat-base","8":"product_tag-pc","10":"first","11":"instock","12":"shipping-taxable","13":"product-type-external"},"acf":[],"_links":{"self":[{"href":"https:\/\/simracergear.com\/sv\/wp-json\/wp\/v2\/product\/100880","targetHints":{"allow":["GET"]}}],"collection":[{"href":"https:\/\/simracergear.com\/sv\/wp-json\/wp\/v2\/product"}],"about":[{"href":"https:\/\/simracergear.com\/sv\/wp-json\/wp\/v2\/types\/product"}],"replies":[{"embeddable":true,"href":"https:\/\/simracergear.com\/sv\/wp-json\/wp\/v2\/comments?post=100880"}],"wp:featuredmedia":[{"embeddable":true,"href":"https:\/\/simracergear.com\/sv\/wp-json\/wp\/v2\/media\/101861"}],"wp:attachment":[{"href":"https:\/\/simracergear.com\/sv\/wp-json\/wp\/v2\/media?parent=100880"}],"wp:term":[{"taxonomy":"product_brand","embeddable":true,"href":"https:\/\/simracergear.com\/sv\/wp-json\/wp\/v2\/product_brand?post=100880"},{"taxonomy":"product_cat","embeddable":true,"href":"https:\/\/simracergear.com\/sv\/wp-json\/wp\/v2\/product_cat?post=100880"},{"taxonomy":"product_tag","embeddable":true,"href":"https:\/\/simracergear.com\/sv\/wp-json\/wp\/v2\/product_tag?post=100880"}],"curies":[{"name":"wp","href":"https:\/\/api.w.org\/{rel}","templated":true}]}}