{"id":100937,"date":"2025-05-15T07:56:00","date_gmt":"2025-05-15T07:56:00","guid":{"rendered":"https:\/\/simracergear.com\/products\/fanatec-csl-dd-ready2race-f1-esports-bundle-for-pc\/"},"modified":"2025-11-28T08:54:06","modified_gmt":"2025-11-28T08:54:06","slug":"fanatec-csl-dd-ready2race-f1-esports-bundle-for-pc","status":"publish","type":"product","link":"https:\/\/simracergear.com\/sv\/products\/fanatec-csl-dd-ready2race-f1-esports-bundle-for-pc\/","title":{"rendered":"Fanatec CSL DD Ready2Race F1 Esports-paket f\u00f6r PC"},"content":{"rendered":"<h2>Fanatec CSL DD Ready2Race F1 Esports Bundle: det nyckelf\u00e4rdiga F1-direktdrivningspaketet f\u00f6r PC<\/h2>\n<p>Fanatec CSL DD Ready2Race F1 Esports Bundle f\u00f6r PC \u00e4r tydligt inriktat p\u00e5 en specifik nisch: erbjuder en riktig direktdrivning, ett hjul i F1-stil och ett funktionellt pedalbord, allt i ett sammanh\u00e4ngande paket f\u00f6r att komma ig\u00e5ng p\u00e5 PC utan att beh\u00f6va bygga din installation bit f\u00f6r bit.<\/p>\n<p>Den \u00e4r baserad p\u00e5 en CSL DD, s\u00e5 det \u00e4r en kompakt direktdrivning, utformad som ett prisv\u00e4rt premiumtillbeh\u00f6r till DD-tekniken. Paketet riktar sig till dem som vill ha ett ensitsigt\/F1-orienterat paket med eSport-look och -k\u00e4nsla, som \u00e4r l\u00e4tt att ta till sig, och tanken \u00e4r att l\u00e4gga en solid grund f\u00f6r att g\u00e5 vidare i Fanatecs ekosystem.<\/p>\n<p>Produkten utlovar en stor vinst i finess i kraft\u00e5terkopplingen j\u00e4mf\u00f6rt med b\u00e4ltes- eller kugghjulsrattar, samtidigt som den f\u00f6rblir plug-and-race f\u00f6r en motiverad men inte n\u00f6dv\u00e4ndigtvis expert PC-anv\u00e4ndare. Min vinkel h\u00e4r \u00e4r enkel: k\u00e4nsla vid ratten, FFB-precision, m\u00e5ngsidighet i paketet bortom F1, komfort vid anv\u00e4ndning under l\u00e5nga sessioner och verkligt intresse som en investering i en seri\u00f6s simracingupps\u00e4ttning.<\/p>\n<p>Vi tittar p\u00e5 ett kit som vill introducera en \"seri\u00f6s men fortfarande fram\u00e5tstr\u00e4vande\" spelare till v\u00e4rlden av direktdrivning, med en mycket uttalad F1-identitet. Fr\u00e5gan \u00e4r: h\u00e5ller det vad det lovar i spelet, och \u00e4r det verkligen v\u00e4rt priset f\u00f6r att komma in i Fanatecs ekosystem?<\/p>\n<h2>Design och tillverkning: seri\u00f6s, kompakt, tydligt F1-orienterad<\/h2>\n<p>CSL DD-basen ger ett omedelbart intryck av t\u00e4thet. Enheten \u00e4r kompakt och ganska tung f\u00f6r sin storlek, med ett metallh\u00f6lje som fungerar som b\u00e5de chassi och kylfl\u00e4ns. Det k\u00e4nns som en produkt som \u00e4r utformad f\u00f6r att klara timmar av anv\u00e4ndning utan att vackla. Ingenting k\u00e4nns ih\u00e5ligt, ingenting r\u00f6r sig n\u00e4r det v\u00e4l \u00e4r ordentligt fastsatt i ett styvt st\u00f6d.<\/p>\n<p>F1 Esports-ratten \u00e4r helt klart den visuella stj\u00e4rnan i paketet. Det \u00e4r ett kompakt format, inspirerat av moderna ensitsiga rattar, med m\u00e5nga knappar, metallpaddlar och en frontpanel som blandar plast av god kvalitet, metallinsatser och bel\u00e4ggningar som inte ser ut som leksaker. Det \u00e4r inte m\u00e4rkets absoluta toppmodell, men finishniv\u00e5n \u00e4r redan mycket tillfredsst\u00e4llande f\u00f6r det h\u00e4r prissegmentet.<\/p>\n<p>Vredet \u00e4r stadigt, rotatorerna har rena sp\u00e4rrar och paddlarna sn\u00e4pper till med en ren retur. Ratten \u00e4r l\u00e4tt i handen, vilket g\u00f6r det l\u00e4ttare att k\u00e4nna den direkta drivningen och g\u00f6ra snabba korrigeringar. Greppet \u00e4r ganska naturligt om du gillar rattar av F1-typ: du h\u00e5ller h\u00e4nderna i en fast position, tummarna faller p\u00e5 de viktiga funktionerna och allt \u00e4r inom bekv\u00e4mt r\u00e4ckh\u00e5ll.<\/p>\n<p>Det medf\u00f6ljande vevpartiet \u00e4r visuellt mer grundl\u00e4ggande, med en funktionell metall\/plastkonstruktion. Styvheten \u00e4r hyfsad, s\u00e4rskilt om du f\u00e4ster den ordentligt p\u00e5 en br\u00e4da eller i cockpit. Bromspedalen \u00e4r fortfarande ganska progressiv, men saknar lite av det ursprungliga motst\u00e5ndet f\u00f6r purister. Den fungerar, men man f\u00e5r en k\u00e4nsla av att det \u00e4r den mest \"entry-level\" artikeln i paketet.<\/p>\n<p>J\u00e4mf\u00f6rt med andra icke-direktdrivna l\u00f6sningar i mellanklassen \u00e4r hela paketet klart mer seri\u00f6st p\u00e5 bas- och hjulsidan. Basen ger inte intryck av att vara en \u00f6verg\u00e5ngsprodukt. \u00c5 andra sidan kommer de som kommer fr\u00e5n lyxigare rattar att m\u00e4rka att ratten, \u00e4ven om den \u00e4r solid, fortfarande inte n\u00e5r upp till de allra b\u00e4sta modellerna n\u00e4r det g\u00e4ller \u00e4dla material och \"lyxig\" k\u00e4nsla i handen.<\/p>\n<h2>Inst\u00e4llningar, anpassning och kompatibilitet: ett verkligt ekosystem bakom kulisserna<\/h2>\n<p>N\u00e4r det g\u00e4ller inst\u00e4llningar har Fanatec f\u00f6rdelen av att erbjuda ett ganska moget ekosystem f\u00f6r programvara f\u00f6r PC-datorer. Paketet har direkt kompatibilitet med Fanatecs drivrutin och dedikerade konfigurationsprogram. Det finns f\u00f6rdefinierade profiler f\u00f6r vissa spel, s\u00e5 att du snabbt kan komma ig\u00e5ng med en redan konsekvent inst\u00e4llning och sedan f\u00f6rfina den f\u00f6r att passa din smak.<\/p>\n<p>De mest anv\u00e4ndbara inst\u00e4llningarna \u00e4r l\u00e4ttillg\u00e4ngliga: FFB-intensitet, filter, d\u00e4mpare, friktion, maximal kraft, interpolering. Du kan justera linj\u00e4riteten i kraft\u00e5terkopplingen och anpassa renderingen efter om du f\u00f6redrar n\u00e5got gr\u00f6vre eller mjukare. Det finns en inl\u00e4rningskurva, men den \u00e4r fortfarande \u00f6verkomlig om du h\u00e5ller dig till huvudparametrarna i b\u00f6rjan. Du kan redan f\u00e5 en ren force feedback med bara n\u00e5gra enkla justeringar.<\/p>\n<p>F1 Esports-ratten ger en hel del anpassningsalternativ i spelet, tack vare de m\u00e5nga knapparna och rattarna. Detta \u00e4r praktiskt i de mer komplexa simulatorerna, d\u00e4r du kan justera ERS, differentialer, br\u00e4nsleblandning och andra parametrar i realtid. N\u00e4r du har mappat kontrollerna p\u00e5 r\u00e4tt s\u00e4tt kan du snabbt skapa en effektiv \"racing\"-ergonomi.<\/p>\n<p>Paketet annonseras f\u00f6r PC, och det \u00e4r helt klart den plattform d\u00e4r det kommer till sin r\u00e4tt. Med Fanatecs ekosystem kan du sedan ansluta andra rattar, pedaler, en v\u00e4xelspak eller en handbroms fr\u00e5n varum\u00e4rket, allt direkt till basen. Det \u00e4r en verklig styrka: du k\u00e4nner dig inte inl\u00e5st och du kan omedelbart se m\u00f6jligheterna till utveckling.<\/p>\n<p>N\u00e4r det g\u00e4ller skalbarhet fungerar det h\u00e4r paketet framf\u00f6r allt som en solid ink\u00f6rsport till Fanatecs v\u00e4rld. CSL DD-basen kan h\u00e5lla j\u00e4mna steg med en simracer under l\u00e5ng tid, s\u00e5 l\u00e4nge du h\u00e5ller dig till \"standardanv\u00e4ndning\" och inte letar efter extrema krafter. F1 Esports-hjulet kan kompletteras med ett GT- eller rallyhjul f\u00f6r fans av en m\u00e4ngd olika discipliner, och vevpartiet \u00e4r den logiska kandidaten f\u00f6r en framtida uppgradering till n\u00e5got fastare och mer exakt. Hela paketet utg\u00f6r en h\u00e5llbar bas, s\u00e5 l\u00e4nge du accepterar tanken p\u00e5 att uppgradera det p\u00e5 medell\u00e5ng sikt n\u00e4r du finner det l\u00e4mpligt.<\/p>\n<h2>K\u00e4nslor i spelet: d\u00e4r direktdrivning verkligen f\u00f6r\u00e4ndrar allt<\/h2>\n<p>P\u00e5 banan m\u00e4rks skillnaden mellan denna direktdrivning och ett remdrivet eller v\u00e4xlat sv\u00e4nghjul omedelbart. Den r\u00e5a kraften \u00e4r inte \u00f6verv\u00e4ldigande, men det finns ett verkligt spr\u00e5ng i informationens finess. Vi k\u00e4nner tydligare av de sm\u00e5 f\u00f6rlusterna av grepp, mikrokorrigeringarna i framvagnen, bilens reaktioner n\u00e4r vi belastar d\u00e4cket vid ing\u00e5ngen till en kurva.<\/p>\n<p>Precisionen i FFB \u00e4r CSL DD:s starka sida i det h\u00e4r paketet. Vridmomentvariationerna \u00e4r snabba och tydliga. N\u00e4r du kommer in i en kurva kan du k\u00e4nna n\u00e4r d\u00e4cket b\u00f6rjar slira snarare \u00e4n att bara uppleva ett \"block\" av motst\u00e5nd. N\u00e4r du k\u00f6r \u00f6ver gr\u00e4nsen avlastas ratten mer gradvis, vilket ger lite mer utrymme f\u00f6r att \u00e5terh\u00e4mta bilen.<\/p>\n<p>N\u00e4r det g\u00e4ller att l\u00e4sa av v\u00e4ggreppet erbjuder basen det som m\u00e5nga s\u00f6ker n\u00e4r de byter till direktdrift: k\u00e4nslan av att d\u00e4cken pratar kontinuerligt. Ytf\u00f6r\u00e4ndringar, \u00f6verg\u00e5ngen fr\u00e5n en ren bana till en smutsig eller v\u00e5t sektion och f\u00f6rlust av grepp i h\u00f6g hastighet \u00e4r alla l\u00e4ttare att l\u00e4sa av. Du f\u00f6rst\u00e5r snabbare varf\u00f6r du k\u00f6r brett, varf\u00f6r du tappar greppet och hur du ska korrigera det.<\/p>\n<p>Vibratorerna \u00e4r v\u00e4l \u00e5tergivna, utan \u00f6verdriven artificiell k\u00e4nsla om inst\u00e4llningen \u00e4r r\u00e4tt. De stora chikanvibratorerna ger en solid retur i h\u00e4nderna, men framf\u00f6r allt k\u00e4nner du nyanserna: en platt vibrator k\u00e4nns \"torrare\", medan en mer aggressiv vibrator skakar ratten lite mer. P\u00e5 vissa simulatorer kan du till och med k\u00e4nna banans sm\u00e5 oregelbundenheter, vilket f\u00f6rst\u00e4rker k\u00e4nslan av att k\u00f6ra p\u00e5 n\u00e5got levande.<\/p>\n<p>I snabba korrigeringar spelar l\u00e4ttheten hos F1 Esports-ratten tydligt till f\u00f6rm\u00e5n f\u00f6r kontrollen. Direktdrivningen reagerar mycket snabbt p\u00e5 riktningsf\u00f6r\u00e4ndringar och ratten k\u00e4nns inte som om den sl\u00e4par. Om du pl\u00f6tsligt glider eller \u00f6verstyr kan du motstyra utan att k\u00e4mpa mot tr\u00f6gheten i ratten, vilket ger dig sj\u00e4lvf\u00f6rtroende. Ratten \u00e5terg\u00e5r naturligt till mitten, utan \u00f6verdriven \u00e5terfj\u00e4dring om FFB \u00e4r korrekt inst\u00e4llt.<\/p>\n<p>Under l\u00e5nga sessioner \u00e4r konsekvensen av force feedback m\u00e4rkbar. Basen bibeh\u00e5ller samma responsivitet, utan n\u00e5gon obehaglig v\u00e4rmek\u00e4nsla vid normal anv\u00e4ndning. Hur tr\u00f6tt du k\u00e4nner dig beror fr\u00e4mst p\u00e5 vilken kraft du v\u00e4ljer, men totalt sett kan du k\u00f6ra i flera timmar med god precision. Det slutar med att du blir ett med ratten, vilket \u00e4r precis vad du vill ha i seri\u00f6s simracing.<\/p>\n<p>J\u00e4mf\u00f6rt med en mindre kraftfull remdriven bas \u00e4r den st\u00f6rsta f\u00f6rdelen att budskapet blir tydligare. Det \u00e4r inte bara \"starkare\", det \u00e4r \"finare\". Du g\u00f6r f\u00e4rre slumpm\u00e4ssiga korrigeringar, fler f\u00f6rv\u00e4ntade korrigeringar. Omv\u00e4nt, n\u00e4r CSL DD st\u00e4lls inf\u00f6r mer kraftfulla, avancerade direktdrivna baser, spelar den inte med samma intensitet. De som gillar mycket h\u00f6ga krafter eller ultra-grova effekter kommer att ha begr\u00e4nsat utrymme f\u00f6r f\u00f6rb\u00e4ttringar h\u00e4r. Men i ett realistiskt F1 \/ GT-sammanhang \u00e4r den tillg\u00e4ngliga kraften fortfarande mer \u00e4n tillr\u00e4ckligt f\u00f6r de flesta anv\u00e4ndare.<\/p>\n<p>Sammantaget \u00e4r f\u00f6rdjupningen i en ensitsig mycket framg\u00e5ngsrik. Rattformatet i kombination med den direkta drivningen ger dig verkligen k\u00e4nslan av att k\u00f6ra n\u00e5got exakt, livligt och nerv\u00f6st. Du kan k\u00e4nna hur bilen andas under dina h\u00e4nder. Du k\u00e4mpar inte l\u00e4ngre mot utrustningen, du k\u00e4mpar mot klockan. Det \u00e4r d\u00e4r basen verkligen f\u00f6r\u00e4ndrar upplevelsen.<\/p>\n<h2>Vem \u00e4r den till f\u00f6r? Vad vi gillar, vad vi inte gillar<\/h2>\n<p>Det h\u00e4r paketet \u00e4r tydligt inriktat p\u00e5 PC-spelare som vill ta ett seri\u00f6st steg fram\u00e5t, med en tydlig preferens f\u00f6r F1 och formelbilar. Det passar bra f\u00f6r motiverade nyb\u00f6rjare som redan har k\u00f6rt lite p\u00e5 en enklare ratt, men det passar s\u00e4rskilt bra f\u00f6r avancerade simracerf\u00f6rare som vet att de vill stanna kvar i hobbyn och letar efter en trov\u00e4rdig, uppgraderingsbar installation. F\u00f6r en ren tillf\u00e4llighetsspelare som s\u00e4llan spelar kan investeringen verka \u00f6verdriven, s\u00e4rskilt om du inte riktigt utnyttjar potentialen i direktdrivningen.<\/p>\n<p>Bland de positiva punkterna \u00e4r den f\u00f6rsta den \u00f6vergripande sammanh\u00e5llningen av paketet. Med kedjestag med direktdrivning, ergonomiskt F1-hjul och funktionellt vevparti \u00e4r detta ett f\u00e4rdigt paket som inte k\u00e4nns som ett g\u00f6r-det-sj\u00e4lv-projekt. Den andra \u00e4r kvaliteten p\u00e5 force feedback f\u00f6r detta sortiment: CSL DD erbjuder redan en mycket skarp k\u00e4nsla, tillr\u00e4ckligt f\u00f6r att k\u00f6ra seri\u00f6st p\u00e5 de viktigaste simulatorerna p\u00e5 marknaden. Slutligen \u00e4r integrationen i Fanatecs ekosystem ett verkligt plus: du k\u00f6per en bas som kan rymma andra hjul, ett b\u00e4ttre vevparti, ytterligare kringutrustning, utan att beh\u00f6va b\u00f6rja fr\u00e5n b\u00f6rjan.<\/p>\n<p>N\u00e4r det g\u00e4ller begr\u00e4nsningarna g\u00e4ller den f\u00f6rsta det ursprungliga vevpartiet. Det g\u00f6r jobbet, men saknar f\u00f6rfining f\u00f6r dem som vill ha en bromsk\u00e4nsla som ligger mycket n\u00e4ra den verkliga, med h\u00f6gt motst\u00e5nd och en trycksensor. Det \u00e4r helt klart det element du vill f\u00f6rb\u00e4ttra f\u00f6rst. Andra punkten: F1 Esports-hjulet, \u00e4ven om det \u00e4r solitt och trevligt, saknar finishniv\u00e5n hos de allra b\u00e4sta Fanatec-hjulen, s\u00e4rskilt n\u00e4r det g\u00e4ller premiummaterial och \"proffsk\u00e4nsla\". Slutligen \u00e4r paketet endast f\u00f6r PC: de som hoppas p\u00e5 blandad anv\u00e4ndning av konsol\/PC m\u00e5ste v\u00e4nda sig till andra konfigurationer i sortimentet.<\/p>\n<p>N\u00e4r det g\u00e4ller det upplevda v\u00e4rdet k\u00e4nner vi att vi betalar lika mycket f\u00f6r att f\u00e5 tillg\u00e5ng till en riktig direktdrivning som f\u00f6r att f\u00e5 tillg\u00e5ng till Fanatecs ekosystem. F\u00f6r n\u00e5gon som vill g\u00f6ra framsteg, testa flera discipliner och utveckla sin setup under flera \u00e5r \u00e4r paketet meningsfullt: det \u00e4r inte bara ett n\u00f6jesink\u00f6p, det \u00e4r en investering i en bas som inte kommer att vara f\u00f6r\u00e5ldrad efter n\u00e5gra m\u00e5nader. F\u00f6r en tveksam eller tillf\u00e4llig spelare kommer den extra kostnaden j\u00e4mf\u00f6rt med ett enklare hjul att vara sv\u00e5rare att motivera.<\/p>\n<h2>Omd\u00f6me: en riktig \"seri\u00f6s intr\u00e4desbiljett\" till v\u00e4rlden av F1-direktdrift p\u00e5 PC<\/h2>\n<p>Detta Fanatec CSL DD Ready2Race F1 Esports-paket \u00e4ndrar helt klart ryggraden i en installation. Du g\u00e5r fr\u00e5n en ratt f\u00f6r massmarknaden till ett kit som \u00e4r utformat f\u00f6r seri\u00f6s simracing, med en ren direktdrivningsbas, en responsiv F1-ratt och ett anst\u00e4ndigt vevparti. Det \u00e4r ett kit som f\u00f6r\u00e4ndrar hur du l\u00e4ser av bilen, s\u00e4rskilt i ensitsiga och GT-racing.<\/p>\n<p>P\u00e5 marknaden \u00e4r den positionerad som en solid direktdrivning i mellanklassen, med ett tydligt eSport-fokus. Det \u00e4r varken en leksak eller ett elitistiskt kraftmonster: det \u00e4r en pivotpunkt. Den \u00e4r perfekt f\u00f6r dig som vill b\u00f6rja med p\u00e5litlig h\u00e5rdvara och sedan gradvis g\u00e5 upp i pris med kringutrustning.<\/p>\n<p>Jag skulle rekommendera det till en PC-simracer som verkligen vill f\u00f6rdjupa sig i F1 och relaterade discipliner, som \u00e4r beredd att ta lite tid att st\u00e4lla in sin FFB och som ser simracing som en vanlig aktivitet, inte bara en nyfikenhet. F\u00f6r n\u00e5gon som k\u00f6r v\u00e4ldigt lite, eller som inte vill bli knuten till ett visst ekosystem, \u00e4r det inte det b\u00e4sta valet.<\/p>\n<p>Om du letar efter ett trov\u00e4rdigt paket med direktdrivning som \u00e4r F1-fokuserat, skalbart och redan redo att k\u00f6ras p\u00e5 PC, kan den h\u00e4r produkten helt klart g\u00f6ra hela skillnaden f\u00f6r din installation.<\/p>","protected":false},"excerpt":{"rendered":"<p>Det h\u00e4r paketet gav mig k\u00e4nslan av att byta till en mer l\u00e4sbar och kontrollerad k\u00f6rstil, med ett verkligt spr\u00e5ng i precision och inlevelse, s\u00e4rskilt i F1 och GT. Det \u00e4r en vettig l\u00f6sning f\u00f6r motiverade PC-simk\u00f6rare som redan har en del utrustning och som vill ha en seri\u00f6s, uppgraderingsbar bas med direktdrivning i st\u00e4llet f\u00f6r bara en konsumentratt. N\u00e4r det g\u00e4ller v\u00e4rde f\u00f6rblir hela paketet sammanh\u00e4ngande om du har en l\u00e5ngsiktig syn.<\/p>","protected":false},"featured_media":100938,"comment_status":"open","ping_status":"closed","template":"","meta":{"_acf_changed":false,"_et_pb_use_builder":"","_et_pb_old_content":"","_et_gb_content_width":""},"product_brand":[158],"product_cat":[161,173],"product_tag":[149],"class_list":{"0":"post-100937","1":"product","2":"type-product","3":"status-publish","4":"has-post-thumbnail","6":"product_brand-fanatec","7":"product_cat-volant","8":"product_cat-volants-fanatec","9":"product_tag-pc","11":"first","12":"instock","13":"shipping-taxable","14":"product-type-external"},"acf":[],"_links":{"self":[{"href":"https:\/\/simracergear.com\/sv\/wp-json\/wp\/v2\/product\/100937","targetHints":{"allow":["GET"]}}],"collection":[{"href":"https:\/\/simracergear.com\/sv\/wp-json\/wp\/v2\/product"}],"about":[{"href":"https:\/\/simracergear.com\/sv\/wp-json\/wp\/v2\/types\/product"}],"replies":[{"embeddable":true,"href":"https:\/\/simracergear.com\/sv\/wp-json\/wp\/v2\/comments?post=100937"}],"wp:featuredmedia":[{"embeddable":true,"href":"https:\/\/simracergear.com\/sv\/wp-json\/wp\/v2\/media\/100938"}],"wp:attachment":[{"href":"https:\/\/simracergear.com\/sv\/wp-json\/wp\/v2\/media?parent=100937"}],"wp:term":[{"taxonomy":"product_brand","embeddable":true,"href":"https:\/\/simracergear.com\/sv\/wp-json\/wp\/v2\/product_brand?post=100937"},{"taxonomy":"product_cat","embeddable":true,"href":"https:\/\/simracergear.com\/sv\/wp-json\/wp\/v2\/product_cat?post=100937"},{"taxonomy":"product_tag","embeddable":true,"href":"https:\/\/simracergear.com\/sv\/wp-json\/wp\/v2\/product_tag?post=100937"}],"curies":[{"name":"wp","href":"https:\/\/api.w.org\/{rel}","templated":true}]}}