{"id":100957,"date":"2025-05-15T07:56:00","date_gmt":"2025-05-15T07:56:00","guid":{"rendered":"https:\/\/simracergear.com\/products\/fanatec-csl-dd-ready2race-forza-motorsport-bundle-5-nm-for-xbox-pc\/"},"modified":"2025-11-28T04:53:05","modified_gmt":"2025-11-28T04:53:05","slug":"fanatec-csl-dd-ready2race-forza-motorsport-bundle-5-nm-for-xbox-pc","status":"publish","type":"product","link":"https:\/\/simracergear.com\/sv\/products\/fanatec-csl-dd-ready2race-forza-motorsport-bundle-5-nm-for-xbox-pc\/","title":{"rendered":"Fanatec CSL DD Ready2Race Forza Motorsport-paket (5 Nm) f\u00f6r Xbox &amp; PC"},"content":{"rendered":"<h2>Fanatec CSL DD Ready2Race Forza Motorsport (5 Nm): paketet som verkligen tar saker och ting till n\u00e4sta niv\u00e5?<\/h2>\n<p>Fanatec CSL DD Ready2Race Forza Motorsport Bundle (5 Nm) \u00e4r helt klart den \"seri\u00f6sa\" ing\u00e5ngspunkten till Direct Drive-v\u00e4rlden p\u00e5 Xbox och PC. Vi pratar inte l\u00e4ngre om en enkel remdriven ratt f\u00f6r nyb\u00f6rjare, men \u00e4nnu inte p\u00e5 en extrem racingbasis. Det h\u00e4r \u00e4r ett paket som \u00e4r utformat f\u00f6r dem som vill sluta \"leka\" med en ratt och b\u00f6rja \"k\u00f6ra\" med n\u00e5got trov\u00e4rdigt.<\/p>\n<p>P\u00e5 papperet utlovas en ren, exakt och kompakt direktdrivning, med en Xbox Forza Motorsport-liknande ratt och en enkel men uppgraderingsbar CSL-pedalenhet. Tanken \u00e4r att erbjuda ett sammanh\u00e4ngande, f\u00e4rdigt att anv\u00e4nda paket som \u00e4r prisv\u00e4rt j\u00e4mf\u00f6rt med de mer muskul\u00f6sa upps\u00e4ttningarna p\u00e5 marknaden.<\/p>\n<p>Min vinkel h\u00e4r \u00e4r enkel: erbjuder det h\u00e4r paketet, i sin 5Nm-version, ett verkligt spr\u00e5ng fram\u00e5t n\u00e4r det g\u00e4ller k\u00e4nsla j\u00e4mf\u00f6rt med remdrivna rattar i instegs-\/mellanklassen? H\u00e5ller det \u00f6ver tid, n\u00e4r det g\u00e4ller komfort, inlevelse och m\u00e5ngsidighet, utan att tvinga dig att \u00e4ndra allt om sex m\u00e5nader? Och framf\u00f6r allt, \u00e4r kombinationen bas + ratt + pedaler balanserad, eller \u00e4r det ett element som tydligt drar ner resten?<\/p>\n<h2>Design &amp; tillverkning: ett kompakt men seri\u00f6st paket<\/h2>\n<p>I handen utstr\u00e5lar CSL DD Base omedelbart n\u00e5got mer seri\u00f6st \u00e4n en konventionell konsumentratt. Den kompakta, t\u00e4ta metallkroppen ger intryck av ett massivt block. Man f\u00e5r en k\u00e4nsla av att den \u00e4r gjord f\u00f6r att h\u00e5llas h\u00e5rt och aldrig r\u00f6ra sig. De integrerade kylfl\u00e4nsarna bidrar till k\u00e4nslan av en \"ren\" produkt som \u00e4r utformad f\u00f6r att fungera under l\u00e5ng tid utan \u00f6verhettning eller aggressivt fl\u00e4ktljud.<\/p>\n<p>Den medf\u00f6ljande Xbox-orienterade Forza Motorsport-ratten \u00e4r en blandning av metall och plast, med en greppzon som fortfarande \u00e4r trevlig. Det \u00e4r inte haute couture-l\u00e4der, men greppet \u00e4r hyfsat, knapparna k\u00e4nns bra under fingrarna och riktningskorset och Xbox-tangenterna \u00e4r l\u00e4tta att n\u00e5. Det som \u00e4r sl\u00e5ende \u00e4r att hela grejen inte k\u00e4nns som en leksak. Du kan k\u00e4nna att du sitter p\u00e5 en mycket flexibel plastratt. Ringen har en hyfsad styvhet, utan att vara i niv\u00e5 med m\u00e4rkets toppmodeller.<\/p>\n<p>Paddlarna \u00e4r av metall med ett tydligt, rent klick. De \u00e4r inte extremt tysta, men det finns en verklig mekanisk k\u00e4nsla i dem. Den \u00f6vergripande monteringen \u00e4r ren, utan \u00f6verdrivet spel eller oroande knakningar. CSL-pedalerna \u00e4r \u00e5 andra sidan lite mer \"visuellt enkla\": metall och plast, en enkel design, men en ganska styv struktur n\u00e4r de v\u00e4l \u00e4r ordentligt monterade eller s\u00e4krade. Pedalerna erbjuder ett hyfsat motst\u00e5nd f\u00f6r nyb\u00f6rjare, s\u00e4rskilt bromsen som erbjuder en viss grad av progressivitet, \u00e4ven utan lastcell.<\/p>\n<p>J\u00e4mf\u00f6rt med mer mainstream-kompletta kit vinner vi i densitet, upplevd styvhet och \u00f6vergripande seriositet. \u00c5 andra sidan \u00e4r det tydligt att detta paket har utformats f\u00f6r att vara \u00e5terh\u00e5llsamt: mindre lyxiga ytbehandlingar, n\u00e5got enklare material p\u00e5 ratten och pedalerna, men konsekvent med positioneringen, j\u00e4mf\u00f6rt med rattar och f\u00e4lgar i toppsegmentet fr\u00e5n samma m\u00e4rke.<\/p>\n<h2>Inst\u00e4llningar, anpassning och kompatibilitet: ett betryggande ekosystem<\/h2>\n<p>N\u00e4r det g\u00e4ller inst\u00e4llningar \u00e4r Fanatec sin vana trogen: du styr en stor del av parametrarna direkt fr\u00e5n ratten och basen och finjusterar dem sedan med hj\u00e4lp av PC-programvaran. De inbyggda f\u00f6rinst\u00e4llningarna f\u00f6r olika spel \u00e4r till stor hj\u00e4lp i b\u00f6rjan. Du kan starta n\u00e5gra nyckeltitlar p\u00e5 Xbox eller PC och f\u00e5 n\u00e5got som redan \u00e4r balanserat, utan att beh\u00f6va spendera en timme i menyerna.<\/p>\n<p>De riktigt anv\u00e4ndbara inst\u00e4llningarna finns d\u00e4r: total kraft, filter, effektintensitet, friktionsk\u00e4nsla, interpolering ... Du kan anpassa Direct Drives beteende till din stil, mjukare eller tuffare. Det finns helt klart en inl\u00e4rningskurva, s\u00e4rskilt om du vill f\u00e5 ut mesta m\u00f6jliga av FFB. Men basen kan utnyttjas ganska snabbt: \u00e4ven med n\u00e5gra enkla justeringar kan du uppn\u00e5 ett \u00f6vertygande resultat. De som gillar att optimera kommer att kunna gr\u00e4va djupare i varje parameter, medan de som vill spela direkt inte kommer att g\u00e5 vilse.<\/p>\n<p>Xbox- och PC-kompatibilitet \u00e4r en verklig styrka i det h\u00e4r paketet. Xbox-knapparna p\u00e5 ratten g\u00f6r den enklare att anv\u00e4nda p\u00e5 konsoler, med en igenk\u00e4nning som i allm\u00e4nhet \u00e4r direkt. P\u00e5 PC st\u00f6ds Fanatecs ekosystem i stor utstr\u00e4ckning av de viktigaste simracingspelen och mer arkadliknande racingspel. Det \u00e4r bara att koppla in den, v\u00e4lja profil eller tilldela kontrollerna och k\u00f6ra ig\u00e5ng.<\/p>\n<p>Det omgivande ekosystemet g\u00f6r hela skillnaden: du kan senare byta ut ratten mot en mer racingbetonad modell, l\u00e4gga till en H- eller sekventiell v\u00e4xelspak, en analog handbroms, uppgradera vevpartiet med en lastcellsmodul eller till och med \u00f6ka kedjestaget till 8 Nm med uppgraderingssatsen om du inte redan har en s\u00e5dan. Det \u00e4r helt klart en startpunkt f\u00f6r n\u00e5got mer omfattande, utan att vara en \u00e5terv\u00e4ndsgr\u00e4nd. Paketet fungerar som en h\u00e5llbar bas som kan uppgraderas stegvis, vilket \u00e4r mycket uppskattat n\u00e4r man inte vill k\u00f6pa allt p\u00e5 en g\u00e5ng.<\/p>\n<h2>K\u00e4nslor i spelet: d\u00e4r Direct Drive verkligen f\u00f6r\u00e4ndrar spelet<\/h2>\n<p>P\u00e5 den virtuella banan \u00e4r den tydligaste skillnaden j\u00e4mf\u00f6rt med en remdriven ratt precisionen i kraft\u00e5terkopplingen. Vid 5 Nm talar vi inte om v\u00e5ld, utan om finess. De sm\u00e5 bitarna av information om grepp, mikrof\u00f6rlusterna av grepp, \u00f6verg\u00e5ngarna mellan understyrning och \u00f6verstyrning skickas alla vidare till ratten. Du kan snabbt k\u00e4nna n\u00e4r d\u00e4cken b\u00f6rjar ta slut. Du f\u00f6rst\u00e5r omedelbart vad bilen g\u00f6r.<\/p>\n<p>I snabba kurvor f\u00f6rblir styrningen stabil och l\u00e4tt att l\u00e4sa av. Vridmomentet \u00e4r inte monstru\u00f6st, s\u00e5 du f\u00e5r inte k\u00e4nslan av att du fysiskt k\u00e4mpar med basen. Det \u00e4r mer som en ratt som \u00e4r l\u00e4tt att kontrollera, samtidigt som den tydligt \u00f6verf\u00f6r dina anstr\u00e4ngningar. F\u00f6r konsolanv\u00e4ndning i vardagsrummet eller i en liten cockpit \u00e4r det en bra kompromiss: du beh\u00e5ller den precision som \u00e4r typisk f\u00f6r Direct Drive utan att beh\u00f6va ett ultrastyvt chassi f\u00f6r att klara extrema krafter.<\/p>\n<p>Greppavl\u00e4sning \u00e4r en verklig styrka. P\u00e5 en torr bana ger ratten subtila signaler: l\u00e4tt ljusning i b\u00f6rjan av lock-upen, fin vibration p\u00e5 kanterna, f\u00f6r\u00e4ndrat motst\u00e5nd n\u00e4r du \u00e4ndrar vinkeln eller belastningen. I v\u00e5tt v\u00e4glag eller p\u00e5 s\u00e4mre underlag \u00e4r variationerna tillr\u00e4ckligt tydliga f\u00f6r att man ska kunna f\u00f6rutse att greppet f\u00f6rs\u00e4mras. Du f\u00e5r inte det sensoriska v\u00e5ld som en kraftfullare bas ger, men du f\u00e5r b\u00e4ttre sj\u00e4lvf\u00f6rtroende. Du v\u00e5gar pressa bilen lite l\u00e4ngre just f\u00f6r att du kan l\u00e4sa av vad som h\u00e4nder b\u00e4ttre.<\/p>\n<p>Vibrationer och kanter \u00e4r v\u00e4l \u00e5tergivna, s\u00e4rskilt i spel som hanterar dessa effekter korrekt. Du kan k\u00e4nna texturen, frekvensen, utan att det \u00e4r en konstgjord skakning. P\u00e5 s\u00e5 s\u00e4tt undviker man effekten av en \"vibrerande handkontroll\" och h\u00e5ller den konsekvent med riktningen. Det \u00e4r h\u00e4r som basen verkligen f\u00f6r\u00e4ndrar upplevelsen: rattreaktionerna verkar vara kopplade till bilen, inte bara till skript.<\/p>\n<p>Under l\u00e5nga sessioner blir det m\u00e5ttliga vridmomentet p\u00e5 5 Nm en f\u00f6rdel n\u00e4r det g\u00e4ller komfort. Du kan rada upp stints utan att tappa sp\u00e5ret p\u00e5 grund av tr\u00f6tta underarmar. Konsistensen \u00e4r bra: ingen \u00f6verdriven uppv\u00e4rmning, ingen k\u00e4nsla av att f\u00f6rlora kraft under en session. Direktdrivning ger dig en k\u00e4nsla av mekaniskt flyt, utan remmar eller v\u00e4xlar som filtrerar eller f\u00f6rvr\u00e4nger signalen.<\/p>\n<p>Vid snabba korrigeringar reagerar underlaget snabbt. Ratten \u00e5terg\u00e5r, l\u00e4ttar och h\u00e5rdnar p\u00e5 ett f\u00f6ruts\u00e4gbart s\u00e4tt. Att f\u00e5nga upp en slirning, en \u00f6verstyrning eller ett mindre bromsfel blir mer intuitivt. J\u00e4mf\u00f6rt med en mindre kraftfull remdriven ratt kan du tydligt k\u00e4nna f\u00f6rb\u00e4ttringen i respons och renhet i signalen. J\u00e4mf\u00f6rt med en mer kraftfull direktdrivning (\u00f6ver 8-10 Nm) f\u00f6rlorar du uppenbarligen i r\u00e5 intensitet och fysiska \"st\u00f6tar\", men du beh\u00e5ller det v\u00e4sentliga: en fin l\u00e4sning av h\u00e4ndelser och mycket trevlig kontroll.<\/p>\n<p>Den \u00f6vergripande inlevelsen \u00e4r solid f\u00f6r ett paket p\u00e5 den h\u00e4r niv\u00e5n. Du f\u00e5r tillr\u00e4ckligt med feedback och tillr\u00e4ckligt med information f\u00f6r att k\u00e4nna dig kopplad till bilen utan att den blir skr\u00e4mmande. Du f\u00e5r en ratt som f\u00e5r dig att vilja utvecklas, att arbeta med dina banor, bromspunkter och omk\u00f6rningar. F\u00f6r m\u00e5nga spelare \u00e4r det en verklig v\u00e4rldsf\u00f6r\u00e4ndring j\u00e4mf\u00f6rt med deras f\u00f6rsta ratt.<\/p>\n<h2>Vem \u00e4r det till f\u00f6r? Verkliga styrkor och svagheter<\/h2>\n<p>CSL DD Ready2Race Forza Motorsport 5 Nm riktar sig fr\u00e4mst till tv\u00e5 profiler: motiverade nyb\u00f6rjare som vill komma direkt in i en trov\u00e4rdig, uppgraderingsbar setup, och avancerade spelare som \u00e4r tr\u00f6tta p\u00e5 instegsrattar och vill byta till Direct Drive utan att spr\u00e4nga sin budget. P\u00e5 Xbox \u00e4r det s\u00e4rskilt intressant f\u00f6r dem som vill ha en kombination som \u00e4r redo att anv\u00e4ndas, erk\u00e4nd och stabil. P\u00e5 PC \u00e4r det fortfarande mycket relevant, s\u00e4rskilt om du vill dra nytta av Fanatecs ekosystem.<\/p>\n<p>En av de saker som jag uppskattar mest \u00e4r kvaliteten p\u00e5 force feedback f\u00f6r denna kraft. \u00c5terkopplingen \u00e4r ren, exakt och l\u00e4tt att l\u00e4sa av. Du kan verkligen k\u00e4nna skillnaden j\u00e4mf\u00f6rt med konventionella remdrivna sv\u00e4nghjul, utan att det g\u00e5r till \u00f6verdrift. Dessutom inneb\u00e4r basens kompakthet och finish att den enkelt kan integreras i ett skrivbord eller en l\u00e4tt cockpit, utan alltf\u00f6r m\u00e5nga begr\u00e4nsningar. Slutligen g\u00f6r Fanatecs ekosystem och paketets uppgraderingsm\u00f6jligheter (rattar, pedaler, effektuppgradering, v\u00e4xlar) det till en sammanh\u00e4ngande investering \u00f6ver tid. Du k\u00f6per inte en \u00e5terv\u00e4ndsgr\u00e4nd, du k\u00f6per en plattform.<\/p>\n<p>Det finns dock gr\u00e4nser. Den f\u00f6rsta \u00e4r kraften p\u00e5 5 Nm, som visserligen \u00e4r tillr\u00e4cklig f\u00f6r de flesta spelare, men som kan g\u00f6ra att de som s\u00f6ker en mycket fysisk k\u00e4nsla eller som redan har en kraftfull bas vill ha mer. Kompromissen \u00e4r helt klart en fr\u00e5ga om tillg\u00e4nglighet. Det andra \u00e4r det grundl\u00e4ggande CSL-vevsettet, som \u00e4r helt okej f\u00f6r nyb\u00f6rjare, men som kommer att visa sina begr\u00e4nsningar om du b\u00f6rjar leta efter mer avancerade bromssignaler; uppgradering till en lastcell blir n\u00e4stan oundviklig p\u00e5 medell\u00e5ng sikt f\u00f6r seri\u00f6s simracing. F\u00f6r det tredje \u00e4r rattens finish hyfsad men inte premium: vissa av materialen och k\u00e4nslan p\u00e5minner om en mellanklassprodukt, inte en f\u00e4lg i toppklass.<\/p>\n<p>N\u00e4r det g\u00e4ller det upplevda v\u00e4rdet \u00e4r paketet fortfarande en betydande investering, men det erbjuder ett verkligt kvalitativt spr\u00e5ng fram\u00e5t. Du betalar f\u00f6r Direct Drive, f\u00f6r Xbox\/PC-kompatibilitet, f\u00f6r ett komplett ekosystem och f\u00f6r en bas som kan st\u00f6dja flera uppgraderingar av installationen. F\u00f6r n\u00e5gon som vet att de kommer att stanna kvar inom simracing \u00e4r f\u00f6rh\u00e5llandet mellan investering och livstid ganska bra.<\/p>\n<h2>Bed\u00f6mning: en riktig pivot till \"riktig\" simracing<\/h2>\n<p>Detta Fanatec CSL DD Ready2Race Forza Motorsport 5 Nm-paket f\u00f6r\u00e4ndrar framf\u00f6r allt en sak i en setup: kvaliteten p\u00e5 l\u00e4nken mellan dig och bilen. Du g\u00e5r fr\u00e5n en ratt som \"simulerar\" v\u00e4gen lite grann till en bas som verkligen \u00f6verf\u00f6r det som det virtuella chassit g\u00f6r. Precisionen i Direct Drive, \u00e4ven vid 5 Nm, \u00e4r mer \u00e4n tillr\u00e4cklig f\u00f6r att f\u00f6r\u00e4ndra ditt s\u00e4tt att k\u00f6ra, ditt s\u00e4tt att korrigera och ditt s\u00e4tt att k\u00e4nna greppet.<\/p>\n<p>P\u00e5 marknaden \u00e4r det h\u00e4r paketet tydligt positionerat som ett mellanklassalternativ: \u00f6ver de klassiska massmarknadsrattarna, men under toppmodellerna med Direct Drive-baser och kraftigt utrustade pedaler. Det \u00e4r en l\u00f6sning som \u00e4r vettig f\u00f6r m\u00e5nga seri\u00f6sa spelare, utan att sikta in sig p\u00e5 ultra-simracer som vill ha allt fr\u00e5n b\u00f6rjan.<\/p>\n<p>Jag skulle rekommendera den till vanliga spelare som vill ta sin spelupplevelse till n\u00e4sta niv\u00e5 och som gillar tanken p\u00e5 att gradvis integrera sin h\u00e5rdvara i Fanatecs ekosystem. F\u00f6r n\u00e5gon som spelar ibland eller bara letar efter en extremt billig l\u00f6sning \u00e4r det inte det b\u00e4sta valet. P\u00e5 samma s\u00e4tt, om du siktar direkt p\u00e5 mycket h\u00f6g effekt och ett racingpedalbord, \u00e4r det b\u00e4ttre att du letar direkt h\u00f6gre upp.<\/p>\n<p>Om du letar efter din f\u00f6rsta riktiga Xbox\/PC Direct Drive som \u00e4r seri\u00f6s, skalbar och redan har mycket roligt varje dag, kan den h\u00e4r produkten g\u00f6ra hela skillnaden f\u00f6r din installation.<\/p>","protected":false},"excerpt":{"rendered":"<p>Det h\u00e4r paketet gav mig en k\u00e4nsla av att g\u00e5 fr\u00e5n en \"spelratt\" till ett seri\u00f6st k\u00f6rverktyg, med en mycket tydligare koppling till bilen. Det \u00e4r vettigt f\u00f6r vanliga Xbox- eller PC-spelare som vill ha en trov\u00e4rdig, uppgraderingsbar Direct Drive f\u00f6r f\u00f6rsta g\u00e5ngen. Hela paketet erbjuder ett konsekvent v\u00e4rde om du t\u00e4nker h\u00e5lla dig till simracing.<\/p>","protected":false},"featured_media":100958,"comment_status":"open","ping_status":"closed","template":"","meta":{"_acf_changed":false,"_et_pb_use_builder":"","_et_pb_old_content":"","_et_gb_content_width":""},"product_brand":[158],"product_cat":[161,173,170,169],"product_tag":[149,160],"class_list":{"0":"post-100957","1":"product","2":"type-product","3":"status-publish","4":"has-post-thumbnail","6":"product_brand-fanatec","7":"product_cat-volant","8":"product_cat-volants-fanatec","9":"product_cat-volants-xbox-one","10":"product_cat-volants-xbox-series-x-s","11":"product_tag-pc","12":"product_tag-xbox","14":"first","15":"instock","16":"shipping-taxable","17":"product-type-external"},"acf":[],"_links":{"self":[{"href":"https:\/\/simracergear.com\/sv\/wp-json\/wp\/v2\/product\/100957","targetHints":{"allow":["GET"]}}],"collection":[{"href":"https:\/\/simracergear.com\/sv\/wp-json\/wp\/v2\/product"}],"about":[{"href":"https:\/\/simracergear.com\/sv\/wp-json\/wp\/v2\/types\/product"}],"replies":[{"embeddable":true,"href":"https:\/\/simracergear.com\/sv\/wp-json\/wp\/v2\/comments?post=100957"}],"wp:featuredmedia":[{"embeddable":true,"href":"https:\/\/simracergear.com\/sv\/wp-json\/wp\/v2\/media\/100958"}],"wp:attachment":[{"href":"https:\/\/simracergear.com\/sv\/wp-json\/wp\/v2\/media?parent=100957"}],"wp:term":[{"taxonomy":"product_brand","embeddable":true,"href":"https:\/\/simracergear.com\/sv\/wp-json\/wp\/v2\/product_brand?post=100957"},{"taxonomy":"product_cat","embeddable":true,"href":"https:\/\/simracergear.com\/sv\/wp-json\/wp\/v2\/product_cat?post=100957"},{"taxonomy":"product_tag","embeddable":true,"href":"https:\/\/simracergear.com\/sv\/wp-json\/wp\/v2\/product_tag?post=100957"}],"curies":[{"name":"wp","href":"https:\/\/api.w.org\/{rel}","templated":true}]}}