{"id":100975,"date":"2025-05-15T07:57:00","date_gmt":"2025-05-15T07:57:00","guid":{"rendered":"https:\/\/simracergear.com\/products\/fanatec-csl-dd-ready2race-mclaren-elite-bundle-8-nm-for-xbox-pc\/"},"modified":"2025-11-28T04:54:20","modified_gmt":"2025-11-28T04:54:20","slug":"fanatec-csl-dd-ready2race-mclaren-elite-bundle-8-nm-for-xbox-pc","status":"publish","type":"product","link":"https:\/\/simracergear.com\/sv\/products\/fanatec-csl-dd-ready2race-mclaren-elite-bundle-8-nm-for-xbox-pc\/","title":{"rendered":"Fanatec CSL DD Ready2Race McLaren Elite-paket (8 Nm) f\u00f6r Xbox &amp; PC"},"content":{"rendered":"<h2>Fanatec CSL DD Ready2Race McLaren Elite-paket (8 Nm) : test och fullst\u00e4ndig recension<\/h2>\n<p>Fanatec CSL DD Ready2Race McLaren Elite Bundle (8 Nm) \u00e4r tydligt positionerat som ett \"seri\u00f6st\" paket f\u00f6r att byta till direktdrivning utan att kasta sig in i den allra \u00f6versta delen. Mellan de remdrivna basmodellerna och kraftmonstren vill det h\u00e4r paketet hitta r\u00e4tt balans: sp\u00e4nning, Xbox\/PC-kompatibilitet och en McLaren-ratt som talar direkt till GT- och F1-fans.<\/p>\n<p>Framf\u00f6r allt lovar det h\u00e4r paketet tv\u00e5 saker: ett stort hopp i inlevelse j\u00e4mf\u00f6rt med konventionella rattar, och en n\u00e4stan nyckelf\u00e4rdig installation f\u00f6r snabb k\u00f6rning utan att beh\u00f6va s\u00e4tta ihop allt sj\u00e4lv. Den vinkel jag hade i \u00e5tanke n\u00e4r jag testade det: exakt kraft\u00e5terkoppling, anv\u00e4ndarv\u00e4nlighet \u00f6ver tid och verkligt v\u00e4rde f\u00f6r pengarna i ett \"kr\u00e4vande men rimligt simracer\"-sammanhang.<\/p>\n<p>Det \u00e4r tydligt att Fanatec riktar in sig p\u00e5 spelare som \u00e4r tr\u00f6tta p\u00e5 \"leksaksh\u00e5rdvara\" och vill ha n\u00e5got som \u00e4r trov\u00e4rdigt, stabilt och uppgraderingsbart, utan att budgeten blir f\u00f6r stor. Paketet uppfyller m\u00e5nga krav p\u00e5 papperet. Fr\u00e5gan \u00e4r: h\u00e5ller de 8 Nm och McLaren Elite-paketet vad de lovar p\u00e5 banan, och f\u00f6r vilken f\u00f6rarprofil \u00e4r det h\u00e4r paketet verkligen meningsfullt?<\/p>\n<h2>Design och tillverkning: seri\u00f6s, kompakt och prestandainriktad<\/h2>\n<p>CSL DD-basen sticker ut visuellt genom sin kompakthet och sitt metallblock i v\u00e4rmesk\u00e5psstil. Det m\u00e4rks direkt att den \u00e4r utformad som ett verktyg och inte som en dekorativ leksak. Fl\u00e4nsarna anv\u00e4nds f\u00f6r passiv avledning, vilket ger den ett tekniskt utseende och f\u00f6rst\u00e4rker intrycket av t\u00e4thet. I handen inger basen f\u00f6rtroende: den \u00e4r kompakt, tung f\u00f6r sin storlek och har inget m\u00e4rkbart spel.<\/p>\n<p>McLaren GT3 v2-ratten ger paketet en extra wow-faktor. U-formad, modern GT3-inspirerad, med en rad olika alternativ p\u00e5 framsidan. Greppet \u00e4r behagligt och bel\u00e4ggningen ger ett bra grepp, \u00e4ven under l\u00e5nga sessioner. Knapparna \u00e4r m\u00e5nga men v\u00e4l f\u00f6rdelade, och tumhjulet och den lilla centrala sk\u00e4rmen ger k\u00e4nslan av ett \"riktigt racingverktyg\". Det k\u00e4nns som om du kan kartl\u00e4gga allt du beh\u00f6ver utan att g\u00f6ra f\u00f6r m\u00e5nga kompromisser.<\/p>\n<p>Den \u00f6vergripande styvheten \u00e4r bra f\u00f6r den h\u00e4r kategorin. Quick Release Lite g\u00f6r jobbet, \u00e4ven om man f\u00e5r k\u00e4nslan av att man inte anv\u00e4nder m\u00e4rkets toppmoderna QR-system. Det finns ibland en liten k\u00e4nsla av flex eller spel som \u00e4r m\u00e4rkbar om du letar efter det lilla djuret, s\u00e4rskilt j\u00e4mf\u00f6rt med mer premium QR, men inget som \u00e4r en ol\u00e4genhet under normala k\u00f6rf\u00f6rh\u00e5llanden.<\/p>\n<p>Vad som \u00e4r f\u00f6rv\u00e5nande \u00e4r den \u00f6vergripande niv\u00e5n p\u00e5 finishen f\u00f6r ett paket i mellanklasssegmentet. Det finns inget billigt \u00f6ver det, \u00e4ven om n\u00e5gra av plastdelarna p\u00e5 ratten \u00e4r en p\u00e5minnelse om att vi inte har att g\u00f6ra med en produkt med obegr\u00e4nsat pris. J\u00e4mf\u00f6rt med instegsrattar med b\u00e4lten eller v\u00e4xlar \u00e4r det h\u00e4r helt klart ett steg upp\u00e5t: t\u00e4tare, mer seri\u00f6st, mer \"simracingverktyg\" \u00e4n \"speltillbeh\u00f6r\".<\/p>\n<h2>Inst\u00e4llningar, anpassning och kompatibilitet: ett ekosystem som h\u00e5ller m\u00e5ttet<\/h2>\n<p>N\u00e4r det g\u00e4ller inst\u00e4llningar g\u00f6r Fanatecs ekosystem hela skillnaden. N\u00e4r basen har installerats kan du med hj\u00e4lp av den integrerade menyn via knappen p\u00e5 ratten och inst\u00e4llningarna i PC-programvaran verkligen anpassa CSL DD:s beteende till din stil. Du kan justera den totala kraften, linj\u00e4riteten, friktionseffekterna, k\u00e4nsligheten runt mitten och det s\u00e4tt p\u00e5 vilket FFB filtrerar bort detaljer.<\/p>\n<p>Inl\u00e4rningskurvan \u00e4r rimlig. Det \u00e4r l\u00e4tt att anv\u00e4nda en grundl\u00e4ggande f\u00f6rinst\u00e4llning och komma undan med det. Men s\u00e5 snart man b\u00f6rjar pilla med parametrarna inser man att det finns gott om utrymme f\u00f6r finjusteringar f\u00f6r varje simulator: en profil f\u00f6r ACC, en f\u00f6r iRacing, en f\u00f6r fler arkadspel och s\u00e5 vidare. F\u00f6r n\u00e5gon som kommer fr\u00e5n en enkel ratt tar det lite tid, men man beh\u00f6ver inte vara ingenj\u00f6r f\u00f6r att komma fram till n\u00e5got som \u00e4r mycket tillfredsst\u00e4llande.<\/p>\n<p>P\u00e5 PC kan du dra full nytta av alla alternativ, firmwareuppdateringar och avancerade inst\u00e4llningar. P\u00e5 Xbox \u00e4r det mer plug &amp; play, med den stora f\u00f6rdelen med officiell kompatibilitet. Du kopplar in den, v\u00e4ljer spelet och \u00e4r redo att k\u00f6ra. F\u00f6r n\u00e5gon som k\u00f6r b\u00e5de konsoler och datorer \u00e4r det h\u00e4r paketet verkligen relevant.<\/p>\n<p>Fanatecs ekosystem \u00e4r en verklig styrka. Du kan koppla in andra rattar fr\u00e5n sortimentet, mer avancerade vevsatser, en v\u00e4xelspak, en handbroms och \u00e4nd\u00e5 beh\u00e5lla samma bas. Paketet \u00e4r helt klart en solid ing\u00e5ngspunkt till Fanatecs v\u00e4rld. Kedjestaget p\u00e5 8 Nm \u00e4r tillr\u00e4ckligt kraftfullt f\u00f6r att h\u00e5lla j\u00e4mna steg med cyklistens framsteg utan att snabbt bli f\u00f6r\u00e5ldrat. Du kan b\u00f6rja med det h\u00e4r paketet och sedan uppgradera vevpartiet eller byta ut ratten vid ett senare tillf\u00e4lle utan att beh\u00f6va b\u00f6rja om fr\u00e5n b\u00f6rjan.<\/p>\n<h2>K\u00e4nslor i spelet: d\u00e4r Direct Drive f\u00f6r\u00e4ndrar allt<\/h2>\n<p>N\u00e4r du v\u00e4l \u00e4r ute p\u00e5 banan f\u00f6rst\u00e5r du omedelbart vad Direct Drive-basen g\u00f6r, \u00e4ven \"bara\" vid 8 Nm. Precisionen i kraft\u00e5terkopplingen \u00e4r tydlig. \u00d6verg\u00e5ngen mellan grepp och glid \u00e4r mycket tydligare \u00e4n med en rem- eller kugghjulsbas. Du k\u00e4mpar inte l\u00e4ngre mot en mekanism, du l\u00e4ser verkligen av vad bilen g\u00f6r.<\/p>\n<p>I kurvor ger ratten ett bra progressivt motst\u00e5nd. Du kan k\u00e4nna vikten som \u00f6verf\u00f6rs, belastningen p\u00e5 framvagnen och \u00f6gonblicket n\u00e4r framvagnen b\u00f6rjar bli m\u00e4ttad. Det \u00e4r inte brutalt, utan snarare rent och l\u00e4ttl\u00e4st. Styrningen \u00e5terfokuserar naturligt, utan mekaniska ryck. D\u00e4r vi verkligen vinner \u00e4r i mikrokorrigeringarna: en l\u00e4tt \u00f6verstyrning, en n\u00e5got aggressiv vibrator, sent bromstryck... allt hanteras tidigare, renare.<\/p>\n<p>Grepp\u00e5terkoppling \u00e4r en av v\u00e5ra starka sidor. I simulatorer som ACC, iRacing eller rFactor kan du k\u00e4nna hur bilen blir l\u00e4ttare vid \u00e5teracceleration, hur bakaxeln b\u00f6rjar r\u00f6ra p\u00e5 sig och d\u00e4cken v\u00e4rms upp. Du korrigerar snabbare, n\u00e4stan i v\u00e4ntan, helt enkelt f\u00f6r att vridmomentets mikrovariationer i ratten \u00e4r mer nyanserade. Med en b\u00e4ltebas finns den h\u00e4r informationen, men den \u00e4r ofta filtrerad eller f\u00f6rvr\u00e4ngd. H\u00e4r \u00e4r den mer direkt, mer \"ansluten\".<\/p>\n<p>Vibratorer sticker ut mycket bra. Du kan k\u00e4nna texturen, frekvensen, skillnaden mellan en platt vibrator och en aggressiv korvvibrator. Direct Drive \u00f6verf\u00f6r informationen utan att tvinga upp den totala kraften. Du beh\u00f6ver inte k\u00f6ra med 100 % effekt f\u00f6r att f\u00e5 detaljer. \u00c4ven vid m\u00e5ttliga effektniv\u00e5er f\u00f6rblir signalen rik. Det \u00e4r h\u00e4r som basen verkligen f\u00f6r\u00e4ndrar upplevelsen: mindre r\u00e5styrka, mer anv\u00e4ndbar finess.<\/p>\n<p>Under l\u00e5nga sessioner \u00e4r konsekvensen det viktigaste. Ingen irriterande v\u00e4rmeutveckling, ingen m\u00e4rkbar kraftf\u00f6rlust. Basen f\u00f6rblir stabil och tyst, och k\u00e4nslan f\u00f6r\u00e4ndras inte \u00f6ver tid. Komforten spelar ocks\u00e5 en stor roll: du kan anpassa kraften s\u00e5 att du inte f\u00f6rst\u00f6r dina armar, samtidigt som du beh\u00e5ller tillr\u00e4ckligt med information. F\u00f6r n\u00e5gon som cyklar i flera timmar i str\u00e4ck \u00e4r det ett stort plus.<\/p>\n<p>Vid snabba korrigeringar erbjuder vridmomentet p\u00e5 8 Nm en bra kompromiss. Basen \u00e4r tillr\u00e4ckligt responsiv f\u00f6r att klara av \u00f6verstyrning, stora f\u00f6rflyttningar och snabba \u00f6verg\u00e5ngar utan f\u00f6rdr\u00f6jning. Vi har inte samma brutalitet som en bas med 15+ Nm, men vi har mer tillg\u00e4nglig kontroll. F\u00f6r m\u00e5nga f\u00f6rare \u00e4r detta till och med en f\u00f6rdel: mindre tr\u00f6tthet, mer kontroll, mindre risk att bli \u00f6verraskad av ett stort styrutslag.<\/p>\n<p>J\u00e4mf\u00f6rt med en kraftfullare bas f\u00f6rlorar vi lite n\u00e4r det g\u00e4ller \"v\u00e5ld\" och fysiska f\u00f6rnimmelser vid stora kollisioner, men vi beh\u00e5ller det v\u00e4sentliga: precision, progressivitet och l\u00e4sbarhet i bilens beteende. J\u00e4mf\u00f6rt med en mindre kraftfull remdriven bas \u00e4r det ett stort steg fram\u00e5t n\u00e4r det g\u00e4ller inlevelse och kontroll. Man f\u00e5r verkligen intrycket av att man har f\u00f6rflyttat sig till en annan kategori av simracing.<\/p>\n<h2>Vem \u00e4r den till f\u00f6r? Vad vi tycker om \/ Vad vi inte tycker om<\/h2>\n<p>Fanatec CSL DD Ready2Race McLaren Elite Bundle (8 Nm) riktar sig, enligt min mening, till tre huvudprofiler: den ambiti\u00f6sa nyb\u00f6rjaren som vill g\u00e5 direkt till seri\u00f6s utrustning utan att k\u00f6pa tv\u00e5 g\u00e5nger, den medelgoda som vill byta till Direct Drive med en kontrollerad budget och konsol-\/PC-spelaren som letar efter en sammanh\u00e4ngande, uppgraderingsbar l\u00f6sning. Om du redan anv\u00e4nder en liten instegsratt och b\u00f6rjar k\u00e4nna dig begr\u00e4nsad \u00e4r det h\u00e4r paketet ett bra alternativ f\u00f6r dig.<\/p>\n<p>Det jag s\u00e4rskilt gillar \u00e4r Direct Drive 8 Nm-bas + v\u00e4lutrustad McLaren-ratt + Fanatec-ekosystem. K\u00e4nslan i spelet \u00e4r ren, exakt och \u00f6vertygande f\u00f6r en sim-racerspelare som vill utvecklas. Paketet \u00e4r sammanh\u00e4ngande: du beh\u00f6ver inte fundera p\u00e5 vilken ratt du ska ta, allt \u00e4r utformat f\u00f6r att fungera tillsammans. Och det \u00e4r verkligen uppgraderingsbart: du kan beh\u00e5lla basen och \u00e4ndra resten av installationen \u00f6ver tid. F\u00f6r den prestandaniv\u00e5 som erbjuds \u00e4r det upplevda v\u00e4rdet mycket bra, s\u00e4rskilt om man j\u00e4mf\u00f6r med kostnaden f\u00f6r en toppmodell plus en premiumratt som k\u00f6ps separat.<\/p>\n<p>Det finns dock n\u00e5gra begr\u00e4nsningar som man b\u00f6r ha i \u00e5tanke. F\u00f6rst och fr\u00e4mst passar de 8 Nm inte dem som \u00e4r ute efter den mycket fysiska och brutala k\u00e4nslan hos de stora t\u00e4vlingscyklarna. Vi talar om en kompromiss mellan kraft och komfort, inte en maskin som sliter ut armarna. F\u00f6r det andra \u00e4r n\u00e5gra av de sista detaljerna p\u00e5 ratten (plast, QR Lite) en p\u00e5minnelse om att paketet \u00e4r kalibrerat f\u00f6r att f\u00f6rbli tillg\u00e4ngligt, och det kan f\u00e5 den som \u00e4r mest besatt av styvhet att krypa ihop lite. Slutligen l\u00e5ser Fanatec-ekosystemet, praktiskt som det \u00e4r, dig lite in i varum\u00e4rket p\u00e5 medell\u00e5ng sikt: utm\u00e4rkt om du \u00e4r ett fan, mindre perfekt om du gillar att blanda tillverkare.<\/p>\n<p>N\u00e4r det g\u00e4ller investering \u00e4r detta helt klart ett v\u00e4l \u00f6verv\u00e4gt men h\u00e5llbart k\u00f6p. Det \u00e4r inte det billigaste paketet p\u00e5 marknaden, men utbudet av k\u00e4nslor och m\u00f6jligheten att uppgradera det \u00f6ver tid g\u00f6r kostnaden mycket mer logisk \u00e4n en mellanklassratt som inte g\u00e5r att uppgradera och som du snabbt vill byta ut.<\/p>\n<h2>Slutsats: en riktig \"sweet spot\" f\u00f6r att byta till Direct Drive<\/h2>\n<p>Fanatec CSL DD Ready2Race McLaren Elite Bundle (8 Nm) \u00e4r en tydlig game-changer f\u00f6r en setup som anv\u00e4nder en rem- eller kugghjulsdriven ratt. N\u00e4r du byter till Direct Drive f\u00e5r du en precision, finess och l\u00e4sbarhet i bilens beteende som f\u00f6r\u00e4ndrar ditt s\u00e4tt att k\u00f6ra. Du vinner i sj\u00e4lvf\u00f6rtroende, konsekvens och ren k\u00f6rgl\u00e4dje.<\/p>\n<p>P\u00e5 marknaden ligger det h\u00e4r paketet i det \u00f6vre mellanskiktet: tillr\u00e4ckligt kraftfullt f\u00f6r att vara trov\u00e4rdigt f\u00f6r en seri\u00f6s simracer, tillr\u00e4ckligt tillg\u00e4ngligt f\u00f6r att inte vara reserverat f\u00f6r eliten. Det \u00e4r en viktig punkt i en installations utveckling: mer \u00e4n bara en uppgradering, det \u00e4r en ny grund att bygga vidare p\u00e5.<\/p>\n<p>Jag skulle s\u00e4rskilt rekommendera den till medelgoda och avancerade spelare som vill ha en m\u00e5ngsidig Direct Drive f\u00f6r Xbox och PC, utan att dyka ner i det mycket avancerade, och till dem som vill f\u00f6rankra sig i ett sammanh\u00e4ngande, utvecklande ekosystem. Om du letar efter en upps\u00e4ttning som kan ta dig till en helt ny niv\u00e5 av inlevelse, samtidigt som den \u00e4r anv\u00e4ndbar p\u00e5 daglig basis utan att tr\u00f6tta ut dig, kan den h\u00e4r produkten helt klart g\u00f6ra skillnad i din installation.<\/p>","protected":false},"excerpt":{"rendered":"<p>Det h\u00e4r paketet gav mig en k\u00e4nsla av att jag verkligen hade kommit en bit p\u00e5 v\u00e4g n\u00e4r det g\u00e4ller inlevelse och kontroll, utan att f\u00f6r den skull hamna i en extrem eller tr\u00f6ttande installation. Framf\u00f6r allt \u00e4r det vettigt f\u00f6r motiverade simracerf\u00f6rare, p\u00e5 Xbox eller PC, som vill ha en trov\u00e4rdig Direct Drive som kan uppgraderas utan att beh\u00f6va g\u00f6ra flera ink\u00f6p. Hela paketet erbjuder en mycket solid helhet och v\u00e4rde f\u00f6r det h\u00e4r segmentet.<\/p>","protected":false},"featured_media":100976,"comment_status":"open","ping_status":"closed","template":"","meta":{"_acf_changed":false,"_et_pb_use_builder":"","_et_pb_old_content":"","_et_gb_content_width":""},"product_brand":[158],"product_cat":[161,173,170,169],"product_tag":[149,160],"class_list":{"0":"post-100975","1":"product","2":"type-product","3":"status-publish","4":"has-post-thumbnail","6":"product_brand-fanatec","7":"product_cat-volant","8":"product_cat-volants-fanatec","9":"product_cat-volants-xbox-one","10":"product_cat-volants-xbox-series-x-s","11":"product_tag-pc","12":"product_tag-xbox","14":"first","15":"instock","16":"shipping-taxable","17":"product-type-external"},"acf":[],"_links":{"self":[{"href":"https:\/\/simracergear.com\/sv\/wp-json\/wp\/v2\/product\/100975","targetHints":{"allow":["GET"]}}],"collection":[{"href":"https:\/\/simracergear.com\/sv\/wp-json\/wp\/v2\/product"}],"about":[{"href":"https:\/\/simracergear.com\/sv\/wp-json\/wp\/v2\/types\/product"}],"replies":[{"embeddable":true,"href":"https:\/\/simracergear.com\/sv\/wp-json\/wp\/v2\/comments?post=100975"}],"wp:featuredmedia":[{"embeddable":true,"href":"https:\/\/simracergear.com\/sv\/wp-json\/wp\/v2\/media\/100976"}],"wp:attachment":[{"href":"https:\/\/simracergear.com\/sv\/wp-json\/wp\/v2\/media?parent=100975"}],"wp:term":[{"taxonomy":"product_brand","embeddable":true,"href":"https:\/\/simracergear.com\/sv\/wp-json\/wp\/v2\/product_brand?post=100975"},{"taxonomy":"product_cat","embeddable":true,"href":"https:\/\/simracergear.com\/sv\/wp-json\/wp\/v2\/product_cat?post=100975"},{"taxonomy":"product_tag","embeddable":true,"href":"https:\/\/simracergear.com\/sv\/wp-json\/wp\/v2\/product_tag?post=100975"}],"curies":[{"name":"wp","href":"https:\/\/api.w.org\/{rel}","templated":true}]}}