{"id":101029,"date":"2025-05-15T07:58:00","date_gmt":"2025-05-15T07:58:00","guid":{"rendered":"https:\/\/simracergear.com\/products\/fanatec-csl-pedals\/"},"modified":"2025-11-28T04:57:42","modified_gmt":"2025-11-28T04:57:42","slug":"fanatec-csl-pedals","status":"publish","type":"product","link":"https:\/\/simracergear.com\/sv\/products\/fanatec-csl-pedals\/","title":{"rendered":"Fanatec CSL-pedaler"},"content":{"rendered":"<h2>Fanatec CSL-pedaler: pedaler i instegs-\/mellanprissegmentet som redan g\u00f6r skillnad<\/h2>\n<p>I en simulerad racingupps\u00e4ttning g\u00f6r ett pedalbord ofta mer f\u00f6r varvtiderna \u00e4n en dyrare ratt. Fanatec CSL Pedals \u00e4r den perfekta ing\u00e5ngen till Fanatecs ekosystem: ett prisv\u00e4rt pedalbord i metall som \u00e4r utformat f\u00f6r att senare kunna uppgraderas med en lastcell.<\/p>\n<p>P\u00e5 papperet utlovar den mer kontrollerbar bromsning \u00e4n en vanlig potentiometerpedal, en mycket mer seri\u00f6s konstruktion \u00e4n \"plastpedaler\" i instegsklassen och bred PC- och konsolkompatibilitet via Fanatec-baser.<\/p>\n<p>Min vinkel h\u00e4r \u00e4r enkel: hur mycket f\u00f6rb\u00e4ttrar dessa pedaler konsistensen, bromss\u00e4kerheten och den \u00f6vergripande noggrannheten, s\u00e4rskilt f\u00f6r n\u00e5gon som kommer fr\u00e5n ett grundl\u00e4ggande vevparti? \u00c4r det verkligen v\u00e4rt att investera i detta snarare \u00e4n ett nytt sv\u00e4nghjul eller en kraftfullare bas? Och framf\u00f6r allt, h\u00e5ller det h\u00e4r vevpartiet \u00f6ver tid och f\u00f6rblir trevligt att anv\u00e4nda n\u00e4r du b\u00f6rjar cykla p\u00e5 allvar, i flera timmar \u00e5t g\u00e5ngen?<\/p>\n<h2>Design &amp; tillverkning: \u00e4ntligen metall<\/h2>\n<p>Det f\u00f6rsta du l\u00e4gger m\u00e4rke till med Fanatec CSL-pedalerna \u00e4r hur solida de k\u00e4nns. Med sin metallstruktur, styva bas och t\u00e4ta pedaler \u00e4r det l\u00e5ngt ifr\u00e5n en l\u00e4ttviktig pedalboard i plast. Det k\u00e4nns som en seri\u00f6s produkt, \u00e4ven om den \u00e4r tydligt positionerad i instegs-\/mellansegmentet.<\/p>\n<p>Pedalarmarna \u00e4r stadiga, utan n\u00e5got s\u00e4rskilt spel. V\u00e4l p\u00e5 marken eller f\u00e4st i en cockpit ger det hela inte intryck av att vilja r\u00f6ra sig vid minsta h\u00e5rda inbromsning. Vikten \u00e4r fortfarande rimlig, men basen \u00e4r tillr\u00e4ckligt bred f\u00f6r att inge f\u00f6rtroende. Man f\u00e5r en k\u00e4nsla av att den \u00e4r konstruerad f\u00f6r att skruvas fast p\u00e5 ett chassi, men p\u00e5 marken, med en matta eller en st\u00f6tf\u00e5ngare, \u00e4r den fortfarande anv\u00e4ndbar.<\/p>\n<p>Finishen \u00e4r hyfsad: inte lyxig, men ren. Du kan se att designen har optimerats f\u00f6r att h\u00e5lla kostnaderna nere, med ganska enkla former och en n\u00e5got \"industriell\" look. Det \u00e4r inte en premiumprodukt som f\u00e5r en setup att gl\u00e4nsa som vissa pedalbord i toppklassen, men det \u00e4r inte heller syftet. Den \u00e4r funktionell, ren och osmyckad.<\/p>\n<p>Det som f\u00f6rv\u00e5nar \u00e4r den \u00f6vergripande styvheten f\u00f6r den h\u00e4r prisniv\u00e5n. Kedjestaget vrider sig knappt alls, inte ens n\u00e4r du trycker h\u00e5rt p\u00e5 bromsen. Pedalerna har inte den d\u00e4r mjuka eller svampiga k\u00e4nslan som du hittar p\u00e5 n\u00e5gra av v\u00e5ra konkurrenters instegsmodeller. K\u00e4nslan under f\u00f6tterna \u00e4r skarp och direkt.<\/p>\n<p>Den lilla besvikelsen kommer fr\u00e5n de begr\u00e4nsade fysiska justeringarna och den ganska enkla utformningen av pedalerna. Plattorna \u00e4r inte s\u00e4rskilt breda och h\u00f6jd- och vinkeljusteringen f\u00f6rblir grundl\u00e4ggande. J\u00e4mf\u00f6rt med mer avancerade vevpartier g\u00e5r vi miste om m\u00f6jligheten till \"mekanisk\" anpassning och komforten med fin positionering. Men om man j\u00e4mf\u00f6r med ett vanligt vevparti i plast ger CSL-pedalerna ett tydligt intryck av att ha g\u00e5tt upp en kategori.<\/p>\n<h2>Inst\u00e4llningar, anpassning och kompatibilitet<\/h2>\n<p>N\u00e4r det g\u00e4ller fysiska justeringar erbjuder Fanatec CSL-pedalerna det viktigaste utan att g\u00e5 s\u00e4rskilt l\u00e5ngt. Du kan justera pedalavst\u00e5ndet och sidopositionen, och spela lite med slagl\u00e4ngden via de mekaniska stoppen. Bromspedalens motst\u00e5nd, i grundversionen (utan lastcell), baseras dock mer p\u00e5 pedalr\u00f6relsen \u00e4n p\u00e5 trycket. Det \u00e4r tillr\u00e4ckligt f\u00f6r att f\u00f6rb\u00e4ttra j\u00e4mnheten, men det ers\u00e4tter inte en riktig lastcell.<\/p>\n<p>Med lastcellsmodulen som tillval \u00e4ndras filosofin tydligt: bromsen styrs av den kraft som ut\u00f6vas, med mycket st\u00f6rre motst\u00e5nd och en fastare slutpunkt. Det \u00e4r h\u00e4r som vevpartiet verkligen kommer till sin r\u00e4tt f\u00f6r den som vill arbeta med sina bromspunkter, dosering och konsekvens varv efter varv. Du g\u00e5r fr\u00e5n en \"OK\"-broms till en broms som verkligen kan anv\u00e4ndas f\u00f6r att pressa tempot.<\/p>\n<p>F\u00f6r mjukvaruinst\u00e4llningar anv\u00e4nder du Fanatec-drivrutinen och, beroende p\u00e5 vilken bas som anv\u00e4nds, hjul- eller basmenyerna. Du kan kalibrera slagl\u00e4ngden, st\u00e4lla in d\u00f6dpunkterna och anpassa den maximala bromstr\u00f6skeln. Gr\u00e4nssnittet \u00e4r ganska tydligt, med anv\u00e4ndbara alternativ utan att \u00f6versk\u00f6ljas av obskyra parametrar. Inl\u00e4rningskurvan \u00e4r rimlig: n\u00e5gra f\u00f6rs\u00f6k, tv\u00e5 eller tre justeringar och du kommer snabbt att hitta en inst\u00e4llning som passar dig.<\/p>\n<p>Kompatibilitet \u00e4r en av de stora f\u00f6rdelarna. P\u00e5 PC-datorer har vi den st\u00f6rsta flexibiliteten. P\u00e5 konsoler m\u00e5ste pedalbordet anslutas till en kompatibel Fanatec-bas, och det \u00e4r basen som pratar med konsolen. I praktiken inneb\u00e4r det att CSL-pedalerna integreras s\u00f6ml\u00f6st f\u00f6r konsolspelare som redan \u00e4r en del av Fanatecs ekosystem. F\u00f6r PC-spelare finns den extra f\u00f6rdelen med flexibilitet n\u00e4r det g\u00e4ller kalibrar och spel.<\/p>\n<p>N\u00e4r det g\u00e4ller ekosystemet \u00e4r det h\u00e4r vevpartiet en naturlig matchning f\u00f6r m\u00e4rkets rattar, kedjestag, v\u00e4xlar och handbromsar. Det \u00e4r perfekt som instegsmodell: du b\u00f6rjar med baspaketet, l\u00e4gger sedan till lastcellen och uppgraderar s\u00e5 sm\u00e5ningom till ett mer avancerat vevparti samtidigt som du beh\u00e5ller resten av installationen.<\/p>\n<p>I praktiken ser jag det mer som en \"seri\u00f6s nyb\u00f6rjare\" \u00e4n som en slutgiltig produkt f\u00f6r den extremt kr\u00e4vande puristen. Men f\u00f6r en b\u00e4ttre racerf\u00f6rare eller en konsolspelare som vill ta ett rej\u00e4lt kliv fram\u00e5t \u00e4r uppgraderingsm\u00f6jligheterna ett riktigt bra argument.<\/p>\n<h2>Fanatec CSL-pedaler: f\u00f6rnimmelser i spel<\/h2>\n<p>V\u00e4l ute p\u00e5 banan \u00e4r det helt klart bromsningen som tar \u00f6verhanden n\u00e4r det g\u00e4ller k\u00e4nslan. J\u00e4mf\u00f6rt med ett vanligt vevparti i instegsklassen m\u00e4rks skillnaden omedelbart i hur du kan upprepa samma bromspunkt varv efter varv.<\/p>\n<p>Med standardversionen (utan lastcell) styrs bromsen fortfarande huvudsakligen av slagl\u00e4ngden, men motst\u00e5ndet \u00e4r mer progressivt och linj\u00e4rt \u00e4n med en bottenbroms av plast. Du f\u00e5r en b\u00e4ttre k\u00e4nsla f\u00f6r slutet av slaget, du vet var du befinner dig i tiden och du doserar mer naturligt. Den st\u00f6rsta f\u00f6rdelen \u00e4r konsekvensen. Hjull\u00e5sningar kommer inte som n\u00e5gon st\u00f6rre \u00f6verraskning och du bromsar senare och beh\u00e5ller kontrollen.<\/p>\n<p>Med lastcellsmodulen \u00e4ndrar vevpartiet dimension. Bromsen blir mycket h\u00e5rdare och man bromsar mer med benet \u00e4n med fotleden. Hj\u00e4rnan fokuserar p\u00e5 kraft snarare \u00e4n position. Som ett resultat blir dina referenspunkter mycket l\u00e4ttare att h\u00e5lla, s\u00e4rskilt n\u00e4r du bromsar h\u00e5rt efter l\u00e5nga rakstr\u00e4ckor. Det \u00e4r h\u00e4r som vevpartiet verkligen sparar tid. Du f\u00f6rst\u00e5r omedelbart vad bilen g\u00f6r.<\/p>\n<p>I kurvor hanteras mass\u00f6verf\u00f6ringsarbetet b\u00e4ttre. Du kan sl\u00e4ppa bromsen mer gradvis f\u00f6r att h\u00e5lla bilen stabil n\u00e4r du kommer in i kurvan, utan att pl\u00f6tsligt v\u00e4xla fr\u00e5n \"kraftig inbromsning\" till \"ingenting alls\". P\u00e5 GT- eller prototypbilar f\u00f6r\u00e4ndrar denna fina kontroll \u00f6ver inbromsningsfasen det sj\u00e4lvf\u00f6rtroende du har n\u00e4r du attackerar. Bilen blir mer f\u00f6ruts\u00e4gbar, s\u00e4rskilt vid kurvtagning.<\/p>\n<p>Gaspedalen \u00e4r enkel men effektiv. Det finns tillr\u00e4ckligt med slagl\u00e4ngd f\u00f6r att leverera en ren dos kraft, utan besv\u00e4rliga h\u00e5rda punkter eller markerade d\u00f6da zoner. Du kan k\u00e4nna skillnaden mot ett vevparti som \u00e4r f\u00f6r mjukt eller f\u00f6r kort n\u00e4r du t\u00e4vlar. Du har mer utrymme att justera gasreglaget och undvika att snurra.<\/p>\n<p>P\u00e5 vibrerande ytor ger pedalerna inte direkt feedback som en ratt kan med FFB, men gaspedalens precision hj\u00e4lper till att f\u00e5nga en bil som hoppar lite mer rent. Du kan korrigera l\u00e4tt \u00f6verstyrning genom att modulera gasreglaget mycket fint. Sm\u00e5, snabba korrigeringar blir mer naturliga, mindre \"allt eller inget\". Det \u00e4r diskret, men under l\u00e5nga sessioner minskar den mentala tr\u00f6ttheten lite eftersom du har f\u00f6rtroende f\u00f6r pedalernas respons.<\/p>\n<p>Efter flera timmars k\u00f6rning \u00e4r komforten fortfarande hyfsad. Pedalr\u00f6relsen belastar inte vristerna i on\u00f6dan och motst\u00e5ndet, \u00e4ven med lastcellen, ligger inom rimliga v\u00e4rden f\u00f6r hemmabruk. Vi talar inte om en ultrah\u00e5rd broms som p\u00e5 ett fullv\u00e4rdigt t\u00e4vlingsvevst\u00e4ll, utan snarare om en bra kompromiss mellan realism och komfort.<\/p>\n<p>J\u00e4mf\u00f6rt med en toppmodern lastcell eller hydraulisk pedalboard \u00e4r CSL-pedalerna uppenbarligen mindre raffinerade n\u00e4r det g\u00e4ller mikrovariationer och mindre anpassningsbara n\u00e4r det g\u00e4ller k\u00e4nslan. Fot\u00e5terkopplingen \u00e4r lite \"enklare\", mindre nyanserad. Men j\u00e4mf\u00f6rt med en pedalboard f\u00f6r ett baspaket \u00e4r det kvalitativa spr\u00e5nget enormt. D\u00e4r en pedal med l\u00e5gt omf\u00e5ng tenderar att g\u00f6ra bilen nerv\u00f6s och of\u00f6ruts\u00e4gbar vid inbromsning, \u00e5terst\u00e4ller CSL-pedalerna lugnet, l\u00e4sbarheten och den ber\u00f6mda k\u00e4nslan av kontroll.<\/p>\n<p>F\u00f6r att sammanfatta k\u00e4nslorna: det h\u00e4r vevpartiet \u00e4r framf\u00f6r allt en sj\u00e4lvf\u00f6rtroendeh\u00f6jare. Du vet vad du g\u00f6r, du vet vad bilen kommer att g\u00f6ra. Och det \u00e4r precis vad du vill ha fr\u00e5n ett bra vevparti f\u00f6r simracing.<\/p>\n<h2>Vem \u00e4r den till f\u00f6r? Och vad vi gillar \/ inte gillar<\/h2>\n<p>Fanatec CSL-pedalerna riktar sig fr\u00e4mst till spelare som vill bryta sig loss fr\u00e5n \"leksakspedalbr\u00e4dorna\" utan att spr\u00e4nga sin budget. En motiverad nyb\u00f6rjare som kommer fr\u00e5n ett grundl\u00e4ggande konsol-\/pc-paket kommer att tycka att det \u00e4r ett stort kvalitetsspr\u00e5ng. En simracer p\u00e5 mellanniv\u00e5, som b\u00f6rjar fokusera p\u00e5 bromspunkter och varvtider, kommer att tycka att det \u00e4r ett sammanh\u00e4ngande verktyg f\u00f6r framsteg, s\u00e4rskilt med lastcellen. F\u00f6r en f\u00f6rare som redan \u00e4r mycket avancerad, med en stel cockpit och en stor volym k\u00f6rtimmar, kommer det att vara mer av ett \u00f6verg\u00e5ngsval eller en sekund\u00e4r inst\u00e4llning.<\/p>\n<p>Det jag uppskattar mest \u00e4r byggkvaliteten i f\u00f6rh\u00e5llande till priset. Att ha en helmetallkonstruktion utan st\u00f6rre glapp f\u00f6r\u00e4ndrar omedelbart det sj\u00e4lvf\u00f6rtroende du har n\u00e4r du trycker h\u00e5rt p\u00e5 bromsen. F\u00f6r det andra g\u00f6r m\u00f6jligheten att l\u00e4gga till lastcellsmodulen vid ett senare tillf\u00e4lle det till en utm\u00e4rkt startpunkt f\u00f6r uppgradering, utan att beh\u00f6va \u00e4ndra allt n\u00e4r du g\u00e5r vidare. Slutligen ger den \u00f6vergripande k\u00e4nslan av cykeln, s\u00e4rskilt konsistensen av bromsning, en verklig p\u00e5taglig f\u00f6rb\u00e4ttring av prestanda och n\u00f6je, s\u00e4rskilt om du kommer fr\u00e5n ett plastvevst\u00e4ll.<\/p>\n<p>Men det finns gr\u00e4nser. De fysiska justeringsm\u00f6jligheterna \u00e4r fortfarande ganska begr\u00e4nsade: vinkel, h\u00f6jd, pedalform, allt \u00e4r lite fast j\u00e4mf\u00f6rt med mer avancerade modeller. De som gillar att justera varje detalj i sin position kan tycka att det \u00e4r lite begr\u00e4nsat. Versionen utan lastcell \u00e4r visserligen korrekt, men ger inte den d\u00e4r \"kraft snarare \u00e4n slag\" -k\u00e4nslan som verkligen g\u00f6r skillnad n\u00e4r man arbetar p\u00e5 en tiondel. Du uppmuntras tydligt att investera i den extra modulen. Slutligen \u00e4r estetiken och den allm\u00e4nna k\u00e4nslan fortfarande som hos en produkt som \u00e4r optimerad f\u00f6r priset, inte ett premiumvevst\u00e4ll: detta hindrar inte prestanda, men vissa anv\u00e4ndare som \u00e4r mycket fokuserade p\u00e5 \"n\u00f6jet med objekt\" kommer att bli saknade.<\/p>\n<p>N\u00e4r det g\u00e4ller investeringar \u00e4r f\u00f6rh\u00e5llandet mellan v\u00e4rde och prestanda mycket bra. F\u00f6r en begr\u00e4nsad budget inneb\u00e4r det ett verkligt steg fram\u00e5t i hierarkin av vevstakar. Det faktum att du kan uppgradera med en lastcell inneb\u00e4r att du inte beh\u00f6ver s\u00e4lja allt f\u00f6r att flytta upp i intervallet. Det \u00e4r ett k\u00f6p som \u00e4r meningsfullt f\u00f6r m\u00e5nga inst\u00e4llningar, s\u00e4rskilt om du vill g\u00f6ra framsteg p\u00e5 medell\u00e5ng sikt.<\/p>\n<h2>Omd\u00f6me: en riktigt bra utg\u00e5ngspunkt<\/h2>\n<p>Fanatec CSL-pedalerna g\u00f6r inte anspr\u00e5k p\u00e5 att konkurrera med pedalbord som kostar flera hundra euro mer. Det \u00e4r inte det som \u00e4r po\u00e4ngen. Dess styrka ligger i att omvandla en genomsnittlig setup till en redan mycket solid bas, s\u00e4rskilt n\u00e4r det g\u00e4ller bromsning. F\u00f6r n\u00e5gon som k\u00f6r med en hyfsad ratt men ett enkelt vevparti \u00e4r det ofta uppgraderingen som har den mest omedelbara inverkan p\u00e5 varvtider och j\u00e4mnhet.<\/p>\n<p>P\u00e5 marknaden \u00e4r den tydligt positionerad i det seri\u00f6sa instegs-\/mellansegmentet: ovanf\u00f6r paketpedalborden, under premiummonstren med lastceller eller hydraulik med h\u00f6g kapacitet. I det h\u00e4r segmentet h\u00e5ller den sin plats mycket bra, s\u00e4rskilt tack vare skalbarheten som erbjuds av lastcellsmodulen och den naturliga integrationen i Fanatecs ekosystem.<\/p>\n<p>Jag skulle utan tvekan rekommendera den till PC- eller konsolspelare som redan har en Fanatec-bas och som vill ge sin bilstyrning ett rej\u00e4lt lyft utan att beh\u00f6va v\u00e4lja ett mycket komplext vevparti. F\u00f6r en simracer som redan \u00e4r utrustad med en bra lastcell eller ett hydrauliskt vevparti kommer detta inte att vara en uppgradering, utan snarare en sekund\u00e4r produkt eller ett budgetval.<\/p>\n<p>Om du letar efter en solid, uppgraderingsbar pedalboard som \u00e4r mer exakt \u00e4n en instegsmodell, kan den h\u00e4r produkten g\u00f6ra hela skillnaden f\u00f6r din installation.<\/p>","protected":false},"excerpt":{"rendered":"<p>Det h\u00e4r pedalbordet gav mig en verklig k\u00e4nsla av extra kontroll, s\u00e4rskilt vid inbromsning, med en konsekvens som tydligt f\u00f6r\u00e4ndrar varvtider och sj\u00e4lvf\u00f6rtroende p\u00e5 banan. Det \u00e4r en vettig l\u00f6sning f\u00f6r spelare som vill komma bort fr\u00e5n \"leksakspedaler\" utan att sikta p\u00e5 det allra b\u00e4sta, s\u00e4rskilt p\u00e5 datorer eller konsoler med Fanatec-bas. Hela paketet f\u00f6rblir sammanh\u00e4ngande och relevant som en uppgraderingsbar ing\u00e5ngspunkt.<\/p>","protected":false},"featured_media":101030,"comment_status":"open","ping_status":"closed","template":"","meta":{"_acf_changed":false,"_et_pb_use_builder":"","_et_pb_old_content":"","_et_gb_content_width":""},"product_brand":[158],"product_cat":[162],"product_tag":[149,159,160],"class_list":{"0":"post-101029","1":"product","2":"type-product","3":"status-publish","4":"has-post-thumbnail","6":"product_brand-fanatec","7":"product_cat-pedalier","8":"product_tag-pc","9":"product_tag-playstation","10":"product_tag-xbox","12":"first","13":"instock","14":"shipping-taxable","15":"product-type-external"},"acf":[],"_links":{"self":[{"href":"https:\/\/simracergear.com\/sv\/wp-json\/wp\/v2\/product\/101029","targetHints":{"allow":["GET"]}}],"collection":[{"href":"https:\/\/simracergear.com\/sv\/wp-json\/wp\/v2\/product"}],"about":[{"href":"https:\/\/simracergear.com\/sv\/wp-json\/wp\/v2\/types\/product"}],"replies":[{"embeddable":true,"href":"https:\/\/simracergear.com\/sv\/wp-json\/wp\/v2\/comments?post=101029"}],"wp:featuredmedia":[{"embeddable":true,"href":"https:\/\/simracergear.com\/sv\/wp-json\/wp\/v2\/media\/101030"}],"wp:attachment":[{"href":"https:\/\/simracergear.com\/sv\/wp-json\/wp\/v2\/media?parent=101029"}],"wp:term":[{"taxonomy":"product_brand","embeddable":true,"href":"https:\/\/simracergear.com\/sv\/wp-json\/wp\/v2\/product_brand?post=101029"},{"taxonomy":"product_cat","embeddable":true,"href":"https:\/\/simracergear.com\/sv\/wp-json\/wp\/v2\/product_cat?post=101029"},{"taxonomy":"product_tag","embeddable":true,"href":"https:\/\/simracergear.com\/sv\/wp-json\/wp\/v2\/product_tag?post=101029"}],"curies":[{"name":"wp","href":"https:\/\/api.w.org\/{rel}","templated":true}]}}