{"id":101039,"date":"2025-05-15T07:59:00","date_gmt":"2025-05-15T07:59:00","guid":{"rendered":"https:\/\/simracergear.com\/products\/fanatec-csl-pedals-clutch-kit\/"},"modified":"2025-11-28T04:58:08","modified_gmt":"2025-11-28T04:58:08","slug":"fanatec-csl-pedals-clutch-kit","status":"publish","type":"product","link":"https:\/\/simracergear.com\/sv\/products\/fanatec-csl-pedals-clutch-kit\/","title":{"rendered":"Fanatec CSL Pedaler Kopplingssats"},"content":{"rendered":"<p>I simracingens lilla v\u00e4rld spelar Fanatec CSL Pedals Clutch Kit en mycket specifik roll: det \u00e4r den ut\u00f6kning som f\u00f6rvandlar den grundl\u00e4ggande CSL-pedalpanelen till en \"komplett\" trepedalenhet, med en dedikerad kopplingspedal. Det \u00e4r inte en spektakul\u00e4r produkt, men en viktig del i \u00f6verg\u00e5ngen fr\u00e5n paddlar till mer realistisk hantering av starter och v\u00e4xlingar.<\/p>\n<p>Det h\u00e4r kitet tilltalar av tre enkla sk\u00e4l: priset \u00e4r fortfarande \u00f6verkomligt inom Fanatecs ekosystem, det integreras snyggt med det ursprungliga CSL-vevpartiet och det l\u00e5ter dig njuta av en mer \"mekanisk\" upplevelse utan att hoppa direkt till ett toppmodernt lastcellsvevparti. Det \u00e4r en liten uppgradering, men en som har stor inverkan p\u00e5 hur du k\u00f6r, s\u00e4rskilt i klassiska, GT- eller rallyformler.<\/p>\n<p>F\u00f6r min del tittade jag s\u00e4rskilt p\u00e5 tre saker: byggkvaliteten (eftersom en d\u00e5ligt utformad tredje pedal kan f\u00f6rst\u00f6ra hela vevsatsens ergonomi), den konsekventa k\u00e4nslan j\u00e4mf\u00f6rt med de tv\u00e5 originalpedalerna och det verkliga intresset f\u00f6r spel, s\u00e4rskilt i b\u00f6rjan, i h\u00e4l-t\u00e5 och i kopplingshantering i en manuell bil. Tanken \u00e4r att ta reda p\u00e5 om detta kopplingskit \u00e4r v\u00e4rt besv\u00e4ret i en CSL-installation, eller om det vore b\u00e4ttre att spara ihop till en mer avancerad l\u00f6sning.<\/p>\n<h2>Design och tillverkning<\/h2>\n<p>Fanatec CSL Pedals Clutch Kit anv\u00e4nder exakt samma formspr\u00e5k som CSL-pedalbr\u00e4dan: metallram och -arm, pedalplatta i st\u00e5l, sober, l\u00e4tt industriell look. I handen \u00e4r det f\u00f6rsta intrycket bra: det \u00e4r t\u00e4tt, utan parasitspel och en verklig k\u00e4nsla av styvhet. N\u00e4r pedalen v\u00e4l \u00e4r monterad p\u00e5 f\u00e4stet k\u00e4nns den inte som ett \"till\u00e4gg\" utan som en del av originalenheten.<\/p>\n<p>Finishen \u00f6verensst\u00e4mmer med resten av CSL-serien: det h\u00e4r \u00e4r en instegsmodell\/mellanklassmodell, s\u00e5 det finns inga maskinbearbetade delar med juvelfinish, utan ett rent, funktionellt paket, ut\u00f6ver de plastvevpaket som ofta finns i paket med massmarknadsrattar. F\u00e4stpunkterna sitter bra, justeringarna \u00e4r seri\u00f6sa och inget knakar eller skramlar p\u00e5 ett oroande s\u00e4tt.<\/p>\n<p>K\u00e4nslan under foten \u00e4r fortfarande typisk f\u00f6r fj\u00e4derbelastade pedaler: ganska l\u00e5ng slagl\u00e4ngd, progressivt men linj\u00e4rt motst\u00e5nd, ingen \"kick\" eller h\u00e5rd punkt som en sportbilskoppling. F\u00f6r ett kit som \u00e4r dedikerat till kopplingar kanske vissa f\u00f6rv\u00e4ntar sig en mer uttalad k\u00e4nsla, med en tydligare greppzon. H\u00e4r h\u00e5ller vi oss till en ganska enhetlig pedal, som har f\u00f6rdelen att den \u00e4r l\u00e4tt att ta till sig, men lite mindre spektakul\u00e4r n\u00e4r det g\u00e4ller realism.<\/p>\n<p>J\u00e4mf\u00f6rt med mer seri\u00f6sa vevsatser med dedikerade kopplingar och mer sofistikerade mekanismer \u00e4r detta Clutch Kit uppenbarligen enklare. Men om jag j\u00e4mf\u00f6r det med de tredje pedalerna i plastf\u00f6rpackningar p\u00e5 nyb\u00f6rjarniv\u00e5 \u00e4r vinsten i styvhet, stabilitet och upplevd h\u00e5llbarhet tydlig. Det k\u00e4nns som en riktig h\u00e5rdvara, inte som ett br\u00e4ckligt extra tillbeh\u00f6r.<\/p>\n<h2>Inst\u00e4llningar, anpassning och kompatibilitet<\/h2>\n<p>Detta kit installeras fysiskt p\u00e5 den grundl\u00e4ggande CSL-pedalbr\u00e4dan. N\u00e4r det g\u00e4ller monteringen \u00e4r proceduren okomplicerad: du f\u00e4ster pedalen p\u00e5 tv\u00e4rst\u00e5ngen, ansluter kabeln till det lilla elektroniska kortet som medf\u00f6ljer, och pedalbordet identifieras automatiskt som tre pedaler av Fanatec-basen. Det finns inga menyer f\u00f6r sj\u00e4lva Clutch Kit, utan allt sk\u00f6ts via de vanliga pedalbordsinst\u00e4llningarna i Fanatec-drivrutinerna p\u00e5 datorn eller via basen p\u00e5 konsolen.<\/p>\n<p>Justeringsm\u00f6jligheterna f\u00f6ljer CSL-logiken: pedalens sidoposition, begr\u00e4nsad lutning genom justering av f\u00e4stpunkterna och en liten variation i motst\u00e5ndet via fj\u00e4dern och dess f\u00f6rsp\u00e4nning. Vi talar inte h\u00e4r om avancerade inst\u00e4llningar som justerbara stopp eller mekaniska kurv\u00e4ndringar, men du kan fortfarande anpassa positionen f\u00f6r att uppn\u00e5 r\u00e4tt h\u00e4l-t\u00e5-position och undvika att f\u00e5 en koppling som \u00e4r f\u00f6r l\u00e5ngt utanf\u00f6r mitten.<\/p>\n<p>Inl\u00e4rningskurvan \u00e4r ganska mild. Vi anv\u00e4nder fortfarande en koppling med positionssensor, s\u00e5 doseringen \u00e4r mycket l\u00e4tt att l\u00e4sa av. N\u00e4r du v\u00e4l har st\u00e4llt in slagl\u00e4ngden och kalibrerat vevpartiet i drivrutinerna kommer du snabbt att hitta r\u00e4tt. F\u00f6r n\u00e5gon som kommer fr\u00e5n ett vevparti med tv\u00e5 pedaler utan koppling \u00e4r det en snabb justering. Det viktiga \u00e4r snarare de ergonomiska inst\u00e4llningarna i cockpit \u00e4n mjukvaruinst\u00e4llningarna.<\/p>\n<p>N\u00e4r det g\u00e4ller kompatibilitet f\u00f6ljer Clutch Kit CSL-pedalbr\u00e4dan: PC inga problem, konsoler via kompatibla Fanatec-baser. S\u00e5 l\u00e4nge pedalbordet k\u00e4nns igen, s\u00e5 g\u00f6r kopplingen det ocks\u00e5. Integrationen i ekosystemet \u00e4r komplett: CSL-bas, Clubsport, olika rattar, H-v\u00e4xel, handbroms etc. Detta kit \u00e4r helt klart ink\u00f6rsporten till en mer \"manuell\" inst\u00e4llning. Du kan sedan g\u00e5 vidare till en lastcellssats f\u00f6r bromsen, eller till och med byta vevparti vid ett senare tillf\u00e4lle. Denna kopplingssats \u00e4r inte ett m\u00e5l i sig, utan en sammanh\u00e4ngande mellanliggande tegelsten.<\/p>\n<h2>K\u00e4nslor p\u00e5 spel<\/h2>\n<p>P\u00e5 banan \u00e4r det f\u00f6rsta som sticker ut dess konsistens. CSL Clutch Kits kopplingspedal erbjuder ett ganska l\u00e5ngt, progressivt slag, s\u00e5 att du kan arbeta rent med skidpunkten. Du kan tydligt k\u00e4nna fotens position, utan ryck eller konstiga variationer. F\u00f6r st\u00e5ende start \u00e4r det v\u00e4ldigt bekv\u00e4mt: du kan dosera kopplingen f\u00f6r att undvika \u00f6verdriven glidning, s\u00e4rskilt p\u00e5 kraftfulla kraftverk.<\/p>\n<p>I kurvor \u00e4r kopplingen l\u00e4tt att hitta, \u00e4ven utan att titta p\u00e5 den, n\u00e4r man v\u00e4xlar med en H-v\u00e4xel eller sekventiell v\u00e4xelspak. Kraften som kr\u00e4vs \u00e4r m\u00e5ttlig, vilket begr\u00e4nsar tr\u00f6ttheten i v\u00e4nsterfoten under l\u00e5nga sessioner. Det \u00e4r inte kopplingen som kommer att bryta benet p\u00e5 dig efter en timmes uth\u00e5llighetsk\u00f6rning. Den \u00e4r mer ett effektivt verktyg \u00e4n en ultratrogen reproduktion av en racingkoppling.<\/p>\n<p>Pedalens j\u00e4mnhet hj\u00e4lper verkligen till vid snabba korrigeringar, s\u00e4rskilt n\u00e4r du v\u00e4xlar ned pl\u00f6tsligt i b\u00f6rjan av en kurva f\u00f6r att stabilisera bak\u00e4nden. Du f\u00e5r samma motst\u00e5nd, samma k\u00e4nsla, oavsett situationen p\u00e5 banan. Denna f\u00f6ruts\u00e4gbarhet inger f\u00f6rtroende: du vet exakt vad kopplingen kommer att g\u00f6ra n\u00e4r du trampar ner den eller n\u00e4r du sl\u00e4pper upp den f\u00f6rsiktigt. Mindre ok\u00e4nda faktorer, mer koncentration p\u00e5 banan.<\/p>\n<p>Avl\u00e4sningen av greppet beror fortfarande huvudsakligen p\u00e5 \u00e5terkopplingen fr\u00e5n ratten och bromsens kvalitet. Kopplingen \u00f6verf\u00f6r naturligtvis inte information om greppet i egentlig mening. Den bidrar dock till bilens \u00f6vergripande stabilitet vid start och nedv\u00e4xling. N\u00e4r kopplingsf\u00f6rh\u00e5llandet kontrolleras blir hjull\u00e5sning eller f\u00f6rlust av v\u00e4ggrepp mer f\u00f6ruts\u00e4gbart. Det \u00e4r l\u00e4ttare att f\u00f6rst\u00e5 vad bilen g\u00f6r n\u00e4r du tar ett steg tillbaka p\u00e5 gaspedalen.<\/p>\n<p>CSL Clutch Kit-kopplingen f\u00f6rblir ganska neutral p\u00e5 vibratorerna. Det finns ingen vibration som \u00f6verf\u00f6rs genom pedalen - det \u00e4r inte dess roll. Det som \u00e4r viktigt h\u00e4r \u00e4r att det inte finns n\u00e5gon rebound eller o\u00f6nskad r\u00f6relse av foten n\u00e4r du g\u00e5r \u00f6ver en vibrator medan du fortfarande sl\u00e4pper kopplingen. I detta avseende f\u00f6rhindrar vevpartiets styvhet irriterande deformationer, och du beh\u00e5ller ren kontroll.<\/p>\n<p>J\u00e4mf\u00f6rt med ett mer grundl\u00e4ggande vevparti med tv\u00e5 pedaler utan koppling \u00e4r skillnaden tydlig i alla discipliner d\u00e4r kopplingshantering \u00e4r viktig: rally, drifting, klassiska touringbilar, GT med manuell start. Du g\u00e5r fr\u00e5n \"semi-arkad\"-k\u00f6rning till n\u00e5got mer engagerande. Det k\u00e4nns verkligen som om du k\u00f6r med tre aktiva lemmar, inte bara tv\u00e5 f\u00f6tter f\u00f6r att gasa och bromsa.<\/p>\n<p>J\u00e4mf\u00f6rt med ett mer avancerat vevparti med en h\u00e5rd punkt eller flerfj\u00e4derkoppling \u00e4r CSL Clutch Kit enklare och skonsammare. Det f\u00f6rlorar lite mekanisk \"karakt\u00e4r\", men blir mer l\u00e4ttillg\u00e4ngligt. F\u00f6rdelen \u00e4r att det fortfarande \u00e4r mycket l\u00e4tt att leva med i vardagen: ingen huvudv\u00e4rk, inget \u00f6verraskande beteende, bara en kopplingspedal som \u00e4r f\u00f6renlig med resten av vevpartiet.<\/p>\n<p>Under l\u00e5nga pass \u00e4r avsaknaden av \u00f6verdriven tr\u00f6tthet en verklig styrka. Kraften som kr\u00e4vs f\u00f6rblir rimlig, l\u00f6pningen bekv\u00e4m och den elastiska returen konstant. Du kan k\u00f6ra lopp efter lopp utan att k\u00e4nna att din v\u00e4nsterfot \u00e4r \u00f6veranstr\u00e4ngd eller \u00f6m. F\u00f6r en simracer som k\u00f6r flera timmar i veckan \u00e4r det h\u00e4r en detalj som r\u00e4knas.<\/p>\n<h2>Vem \u00e4r den till f\u00f6r? Vad vi tycker om \/ Vad vi inte tycker om<\/h2>\n<p>Fanatec CSL Pedals Clutch Kit riktar sig fr\u00e4mst till simf\u00f6rare som \u00e4r utrustade med ett CSL-pedalbord med tv\u00e5 pedaler och som b\u00f6rjar k\u00e4nna sig tr\u00e5ngbodda med enbart rattpaddlarna. Typisk profil: Motiverad nyb\u00f6rjare eller seri\u00f6s forts\u00e4ttare som k\u00f6r mycket p\u00e5 PC eller konsol med manuella eller halvmanuella bilar och som vill ta upplevelsen till n\u00e4sta niv\u00e5 utan att spr\u00e4nga budgeten.<\/p>\n<p>Det som fungerar bra \u00e4r den naturliga integrationen i CSL-pedalbordet: samma material, samma logik, samma \u00f6vergripande k\u00e4nsla. Du installerar den, justerar den och du har ett sammanh\u00e4ngande, robust och trevligt paket. Den upplevda tillf\u00f6rlitligheten \u00e4r god, styvheten betryggande och den \u00f6vergripande upplevelsen l\u00e5ngt \u00f6verl\u00e4gsen vevpartier p\u00e5 ing\u00e5ngsniv\u00e5 f\u00f6r allm\u00e4nheten. En annan pluspunkt \u00e4r anv\u00e4ndarv\u00e4nligheten. Det g\u00e5r snabbt att komma ig\u00e5ng med kopplingen, doseringen \u00e4r l\u00e4tt att l\u00e4sa av och starten blir genast mer kontrollerad. Slutligen \u00e4r Fanatec-ekosystemets v\u00e4rde f\u00f6r pengarna attraktivt: f\u00f6r ett m\u00e5ttligt pris kan du l\u00e5sa upp en ny dimension av k\u00f6rning.<\/p>\n<p>\u00c5 andra sidan finns det n\u00e5gra begr\u00e4nsningar som man b\u00f6r ha i \u00e5tanke. I termer av \"realistisk kopplingsk\u00e4nsla\" \u00e4r Clutch Kit relativt linj\u00e4rt. Du f\u00e5r inte det d\u00e4r ber\u00f6mda h\u00e5rda greppet som du hittar p\u00e5 mer ambiti\u00f6sa vevpartier. De som letar efter en k\u00e4nsla som ligger mycket n\u00e4ra den i en sport- eller racingbil kommer att bli besvikna. En annan sak: de fysiska justeringsm\u00f6jligheterna \u00e4r ganska grundl\u00e4ggande. Du kan justera positionen och lite motst\u00e5nd, men du kan inte g\u00e5 s\u00e4rskilt l\u00e5ngt n\u00e4r det g\u00e4ller personalisering. Slutligen har det h\u00e4r kitet en sida som \u00e4r mycket specifik f\u00f6r Fanatecs ekosystem: du investerar i en del som bara \u00e4r meningsfull om du h\u00e5ller fast vid den. P\u00e5 l\u00e5ng sikt kanske vissa m\u00e4nniskor f\u00f6redrar att l\u00e4gga mer pengar p\u00e5 ett komplett vevparti som kan uppgraderas.<\/p>\n<p>N\u00e4r det g\u00e4ller investeringar beror det upplevda v\u00e4rdet mycket p\u00e5 hur du anv\u00e4nder det. Om du huvudsakligen k\u00f6r pallbilar \u00e4r intresset begr\u00e4nsat. Om du tillbringar timmar p\u00e5 H-m\u00f6nster, rally eller veteranbilar blir denna kopplingssats ett mycket v\u00e4rdefullt k\u00f6p, som kommer att f\u00f6rb\u00e4ttra kvaliteten p\u00e5 din k\u00f6rning.<\/p>\n<h2>Utl\u00e5tande<\/h2>\n<p>Fanatec CSL Pedals Clutch Kit f\u00f6r\u00e4ndrar inte en setup, men den kompletterar den p\u00e5 ett intelligent s\u00e4tt. Det tar en redan hyfsad CSL-pedalbr\u00e4da och l\u00e4gger till den saknade stenen f\u00f6r en trov\u00e4rdig k\u00f6rupplevelse med tre pedaler. Effekten \u00e4r mest uppenbar i hur du hanterar starter, nedv\u00e4xlingar och allt annat som har att g\u00f6ra med den \"mekaniska\" k\u00e4nslan av k\u00f6rningen.<\/p>\n<p>P\u00e5 marknaden \u00e4r det h\u00e4r kitet helt klart en mellanklassl\u00f6sning som ger valuta f\u00f6r pengarna, snarare \u00e4n en ultrarealistisk premiumprodukt. Det riktar sig till dem som vill ta ett steg upp fr\u00e5n instegsutrustningen, utan att n\u00f6dv\u00e4ndigtvis sikta direkt p\u00e5 ett t\u00e4vlingspedalbord. F\u00f6r anv\u00e4ndare som redan \u00e4r etablerade i Fanatecs ekosystem \u00e4r valet logiskt.<\/p>\n<p>Jag skulle inte rekommendera den till n\u00e5gon som f\u00f6redrar moderna bilar med paddlar och n\u00e4stan aldrig r\u00f6r en v\u00e4xelspak. I s\u00e5 fall \u00e4r det b\u00e4ttre att l\u00e4gga pengarna n\u00e5gon annanstans, p\u00e5 en b\u00e4ttre broms eller en b\u00e4ttre ratt. \u00c5 andra sidan, om du ofta k\u00f6r H-m\u00f6nster, klassiska GT-bilar, rallybilar eller driftbilar, kan det h\u00e4r kopplingssatsen helt klart g\u00f6ra hela skillnaden f\u00f6r din setup.<\/p>","protected":false},"excerpt":{"rendered":"<p>Detta kit ger en verklig vinst i inlevelse och kontroll n\u00e4r du anv\u00e4nder en shifter och manuella bilar: starter och nedv\u00e4xlingar blir renare och mjukare. Det \u00e4r s\u00e4rskilt anv\u00e4ndbart f\u00f6r simracerf\u00f6rare som redan \u00e4r utrustade med ett CSL vevparti med tv\u00e5 pedaler och som ofta k\u00f6r H-m\u00f6nster, klassiska GT-, rally- eller driftbilar. Pris\/nytta-f\u00f6rh\u00e5llandet \u00e4r konsekvent inom Fanatecs ekosystem.<\/p>","protected":false},"featured_media":101040,"comment_status":"open","ping_status":"closed","template":"","meta":{"_acf_changed":false,"_et_pb_use_builder":"","_et_pb_old_content":"","_et_gb_content_width":""},"product_brand":[158],"product_cat":[153],"product_tag":[149,159,160],"class_list":{"0":"post-101039","1":"product","2":"type-product","3":"status-publish","4":"has-post-thumbnail","6":"product_brand-fanatec","7":"product_cat-accessoires","8":"product_tag-pc","9":"product_tag-playstation","10":"product_tag-xbox","12":"first","13":"instock","14":"shipping-taxable","15":"product-type-external"},"acf":[],"_links":{"self":[{"href":"https:\/\/simracergear.com\/sv\/wp-json\/wp\/v2\/product\/101039","targetHints":{"allow":["GET"]}}],"collection":[{"href":"https:\/\/simracergear.com\/sv\/wp-json\/wp\/v2\/product"}],"about":[{"href":"https:\/\/simracergear.com\/sv\/wp-json\/wp\/v2\/types\/product"}],"replies":[{"embeddable":true,"href":"https:\/\/simracergear.com\/sv\/wp-json\/wp\/v2\/comments?post=101039"}],"wp:featuredmedia":[{"embeddable":true,"href":"https:\/\/simracergear.com\/sv\/wp-json\/wp\/v2\/media\/101040"}],"wp:attachment":[{"href":"https:\/\/simracergear.com\/sv\/wp-json\/wp\/v2\/media?parent=101039"}],"wp:term":[{"taxonomy":"product_brand","embeddable":true,"href":"https:\/\/simracergear.com\/sv\/wp-json\/wp\/v2\/product_brand?post=101039"},{"taxonomy":"product_cat","embeddable":true,"href":"https:\/\/simracergear.com\/sv\/wp-json\/wp\/v2\/product_cat?post=101039"},{"taxonomy":"product_tag","embeddable":true,"href":"https:\/\/simracergear.com\/sv\/wp-json\/wp\/v2\/product_tag?post=101039"}],"curies":[{"name":"wp","href":"https:\/\/api.w.org\/{rel}","templated":true}]}}