{"id":101211,"date":"2025-11-28T04:46:47","date_gmt":"2025-11-28T04:46:47","guid":{"rendered":"https:\/\/simracergear.com\/products\/fanatec-podium-racing-wheel-porsche-911-gt3-r\/"},"modified":"2025-11-28T04:46:47","modified_gmt":"2025-11-28T04:46:47","slug":"fanatec-podium-racing-wheel-porsche-911-gt3-r","status":"publish","type":"product","link":"https:\/\/simracergear.com\/sv\/products\/fanatec-podium-racing-wheel-porsche-911-gt3-r\/","title":{"rendered":"Fanatec Podium Racing Wheel Porsche 911 GT3 R"},"content":{"rendered":"<h2>Fanatec Podium Racing Wheel Porsche 911 GT3 R: test och recension av en direktdriven toppmodell<\/h2>\n<p>I simracingv\u00e4rlden \u00e4r Fanatec Podium Racing Wheel Porsche 911 GT3 R positionerat som en mycket avancerad kombination: kraftfull Direct Drive-bas, officiellt licensierad Porsche-ratt, paket som \u00e4r utformat f\u00f6r dem som vill ha en \"proffsk\u00e4nsla\" hemma. Vi befinner oss helt klart i premiumsegmentet, bortom remdrivna baser och \"f\u00e4rdiga att anv\u00e4nda\"-kit f\u00f6r nyb\u00f6rjare.<\/p>\n<p>Den h\u00e4r produkten utlovar ultradirekt force feedback, GT3-liknande inlevelse och bred kompatibilitet med Fanatecs ekosystem. P\u00e5 papperet \u00e4r det h\u00e4r kitet f\u00f6r kr\u00e4vande simulerare som vill komma n\u00e4rmare eSport-teamets h\u00e5rdvara.<\/p>\n<p>Min analysvinkel \u00e4r enkel: byggkvalitet, komfort i handen, precision i kraft\u00e5terkopplingen, beteende under l\u00e5nga sessioner och verkligt intresse f\u00f6r olika profiler (PC, konsol, ambiti\u00f6s nyb\u00f6rjare eller erfaren f\u00f6rare). Tanken \u00e4r att se om det h\u00e4r hjulet f\u00f6rtj\u00e4nar sin plats i en seri\u00f6s installation, och framf\u00f6r allt om det motiverar sitt pris j\u00e4mf\u00f6rt med andra nyare eller mer tillg\u00e4ngliga Direct Drive-baser.<\/p>\n<h2>Design och tillverkning: racerbilsk\u00e4nsla<\/h2>\n<p>I handen \u00e4r det f\u00f6rsta ordet som kommer att t\u00e4nka p\u00e5 \"solid\". Podium-basen utstr\u00e5lar t\u00e4thet med en maskinbearbetad metallkropp och rena ytbehandlingar. Inget r\u00f6r sig, inget k\u00e4nns ih\u00e5ligt. Den \u00f6vergripande styvheten inger omedelbart f\u00f6rtroende, s\u00e4rskilt om du kommer fr\u00e5n en remdriven ratt eller en l\u00e4ttare sats.<\/p>\n<p>Ratten till Porsche 911 GT3 R \u00e4r i sig en riktig h\u00f6jdpunkt. Du kan k\u00e4nna racinginspirationen i proportionerna, f\u00e4lgens form och knapparnas och rattarnas layout. Bekl\u00e4dnaden i alcantara eller l\u00e4der (beroende p\u00e5 version) ger ett riktigt bra grepp. I handen f\u00e5r du intrycket av att h\u00e5lla i en riktig GT3-ratt, med en diameter som \u00e4r l\u00e4mplig f\u00f6r k\u00f6rning p\u00e5 bana. Paddlarna \u00e4r enkla och metalliska, med ett tydligt klick. De \u00e4r exakta, torra och effektiva. Du \u00e4r inte r\u00e4dd f\u00f6r att missbruka dem n\u00e4r du bromsar sent.<\/p>\n<p>Den \u00f6vergripande kvaliteten \u00e4r klart b\u00e4ttre \u00e4n i mellanklassen. J\u00e4mf\u00f6rt med en ratt i CSL-serien eller vissa konkurrerande modeller som \u00e4r mer \"plastiga\" har k\u00e4nslan av soliditet \u00f6kat avsev\u00e4rt. Det \u00e4r l\u00e4tt att se varf\u00f6r investeringen \u00e4r v\u00e4rd det.<\/p>\n<p>Allt \u00e4r dock inte perfekt. Paketet \u00e4r fortfarande ganska tungt, vilket inneb\u00e4r att cockpiten m\u00e5ste vara styv. P\u00e5 ett l\u00e4tt stativ eller skrivbord f\u00e5r man snabbt en k\u00e4nsla av att detta inte \u00e4r r\u00e4tt milj\u00f6 f\u00f6r den. En del av de estetiska detaljerna kan verka lite \u00f6verdrivna om du f\u00f6redrar en sober stil, och de m\u00e5nga knapparna\/rattarna kan verka skr\u00e4mmande till en b\u00f6rjan. Men allt som allt \u00e4r det h\u00e4r en produkt som ger intryck av att h\u00e5lla l\u00e4nge, \u00e4ven vid intensiv anv\u00e4ndning.<\/p>\n<h2>Inst\u00e4llningar, kundanpassning och kompatibilitet: kraftfullt men kr\u00e4vande<\/h2>\n<p>N\u00e4r det g\u00e4ller inst\u00e4llningar \u00e4r det h\u00e4r ren Fanatec: m\u00e5nga alternativ, mycket kraft och m\u00e5nga m\u00f6jligheter till anpassning. Med menyerna som \u00e4r inbyggda i basenheten, i kombination med PC-programvaran, kan du justera den totala styrkan, linj\u00e4riteten, filtren, \u00e5tergivningen av fina detaljer, stoppen, den artificiella friktionen etc. F\u00f6r den som verkligen vill justera k\u00e4nslan i varje simulator finns det tillr\u00e4ckligt h\u00e4r. F\u00f6r den som verkligen vill justera k\u00e4nslan i varje simulator finns det mycket att g\u00f6ra.<\/p>\n<p>Den goda nyheten \u00e4r att det finns f\u00f6rinst\u00e4llningar och rekommenderade profiler som g\u00f6r att du kan utg\u00e5 fr\u00e5n en korrekt bas utan att g\u00e5 vilse bland parametrarna. Den d\u00e5liga nyheten \u00e4r att du m\u00e5ste vara beredd att l\u00e4gga ner lite tid p\u00e5 Podium-basen f\u00f6r att f\u00e5 ut mesta m\u00f6jliga av den. Inl\u00e4rningskurvan \u00e4r brantare \u00e4n p\u00e5 en enklare eller mindre kraftfull bas. N\u00e4r du b\u00f6rjar utnyttja det tillg\u00e4ngliga vridmomentet kan en d\u00e5ligt balanserad inst\u00e4llning snabbt g\u00f6ra ratten tr\u00f6ttsam eller f\u00f6r brutal.<\/p>\n<p>N\u00e4r det g\u00e4ller kompatibilitet \u00e4r Podium Racing Wheel Porsche 911 GT3 R utformat f\u00f6r att passa in i Fanatecs ekosystem: andra utbytbara rattar, Load Cell eller hydrauliska vevsatser, v\u00e4xlar, handbroms etc. Snabbkopplingen inneb\u00e4r att du kan byta ratt utan kr\u00e5ngel, vilket \u00e4r mycket anv\u00e4ndbart om du v\u00e4xlar mellan GT, formelbil och rally. P\u00e5 PC \u00e4r kompatibiliteten med de viktigaste simulatorerna mycket bred. P\u00e5 konsoler beror det helt p\u00e5 vilken variant som valts och vilken licens som finns ombord, men vi talar fortfarande om en ganska avancerad och kr\u00e4vande l\u00f6sning, som utnyttjas b\u00e4ttre p\u00e5 PC.<\/p>\n<p>N\u00e4r det g\u00e4ller skalbarhet \u00e4r detta mer av en destinationsbas \u00e4n en startpunkt. Det \u00e4r ett k\u00f6p f\u00f6r flera \u00e5r, inte ett provisoriskt steg f\u00f6re en h\u00f6gre modell. Du kan \u00e4ndra ratten, pedalerna och cockpiten runt den, men sj\u00e4lva basen \u00e4r helt klart hj\u00e4rtat i installationen.<\/p>\n<h2>Sensations in play: en direktdriven enhet som inte l\u00e4mnar n\u00e5got \u00e5t slumpen<\/h2>\n<p>D\u00e4r den h\u00e4r satsen verkligen kommer till sin r\u00e4tt \u00e4r p\u00e5 banan. Kraften i Direct Drive Podium anv\u00e4nds inte bara f\u00f6r att \"skaka\" h\u00e5rdare, den anv\u00e4nds ocks\u00e5 f\u00f6r att ge ett mycket finare dynamiskt omf\u00e5ng. Sm\u00e5 bitar av information kommer fram, liksom medelstora, och stora last\u00f6verf\u00f6ringar kompletterar bilden. Du f\u00e5r intrycket att bilen st\u00e4ndigt pratar.<\/p>\n<p>Vid kurvtagning m\u00e4rks FFB:s precision omedelbart. Ratten blir ett kirurgiskt verktyg f\u00f6r att positionera bilen med centimeternoggrannhet. Du kan k\u00e4nna n\u00e4r fronten b\u00f6rjar slira, inte genom en grov vibration utan genom en gradvis ljusning i kombination med mikror\u00f6relser i f\u00e4lgen. P\u00e5 en mindre kraftfull remdrift blir dessa finesser ofta utj\u00e4mnade eller f\u00f6rdr\u00f6jda.<\/p>\n<p>Greppet \u00e4r mycket tydligt: du kan l\u00e4sa av d\u00e4cket, inte bara banan. N\u00e4r du kommer ut ur kurvorna, med vridmomentet som kommer in och bakvagnen som letar efter gr\u00e4nsen, reagerar ratten med imponerande hastighet. Snabba korrigeringar \u00e4r mer intuitiva, n\u00e4stan naturliga. Du kommer att hitta dig sj\u00e4lv i glidflykter som skulle vara sv\u00e5rare att g\u00f6ra p\u00e5 en l\u00e5ngsammare eller mer filtrerad bas. Det \u00e4r h\u00e4r som basen verkligen f\u00f6r\u00e4ndrar upplevelsen.<\/p>\n<p>Vibratorer \u00e4r en annan bra indikator p\u00e5 kvaliteten p\u00e5 FFB. H\u00e4r f\u00e5r du inte bara ett enhetligt \"bzz\". Du kan se skillnaden mellan en platt vibrator, en aggressiv vibrator, en l\u00f6s kant eller en lite f\u00f6r bred utg\u00e5ng i gr\u00e4set. Du kan verkligen anv\u00e4nda vibratorerna som banmark\u00f6rer utan att f\u00e5 intrycket av att allt \u00e4r blandat.<\/p>\n<p>Under l\u00e5nga sessioner g\u00f6r den konsekventa force feedbacken en verklig skillnad. Ingen m\u00e4rkbar \u00f6verhettning, ingen m\u00e4rkbar f\u00f6rlust av vridmoment. Ratten f\u00f6rblir stabil, trogen och framf\u00f6r allt konsekvent i sina reaktioner. Tr\u00f6ttheten kommer mer fr\u00e5n armarna \u00e4n fr\u00e5n h\u00e5rdvaran. Du m\u00e5ste acceptera denna fysiska dimension: att utnyttja Podiums potential p\u00e5 en h\u00f6g niv\u00e5 kr\u00e4ver ett minimum av konditionering. Lyckligtvis kan du alltid s\u00e4nka effekten f\u00f6r att hitta en mer bekv\u00e4m kompromiss.<\/p>\n<p>J\u00e4mf\u00f6rt med en mer blygsam Direct Drive-bas eller remdrift \u00e4r bilen skarpare, mer responsiv och har en finare greppavl\u00e4sning. Bilen k\u00e4nns mindre \"sv\u00e4vande\" och mer uppkopplad. J\u00e4mf\u00f6rt med vissa \u00e4nnu mer extrema Direct Drives \u00e4r skillnaden mer i r\u00e5styrka \u00e4n i signalkvalitet. F\u00f6r seri\u00f6s simracing hemma \u00e4r vridmomentreserven redan mer \u00e4n tillr\u00e4cklig. Den verkliga vinsten ligger i sj\u00e4lvf\u00f6rtroendet: du v\u00e5gar bromsa senare, belasta framaxeln mer och vara mer aggressiv i korrigeringar, eftersom ratten f\u00f6ljer med utan att n\u00e5gonsin ge intryck av \u00f6verbelastning.<\/p>\n<h2>Vem \u00e4r den till f\u00f6r? Vad vi gillar, vad vi inte gillar<\/h2>\n<p>Den h\u00e4r ratten riktar sig helt klart till engagerade simulerare: medel\u00e5lders entusiaster som vill ta ett tydligt steg fram\u00e5t, erfarna f\u00f6rare som k\u00f6r regelbundet eller PC-orienterade anv\u00e4ndare som letar efter en \"n\u00e4stan permanent\" installation. F\u00f6r nyb\u00f6rjare \u00e4r det m\u00f6jligt, men investeringen \u00e4r betydande och kraften kan vara skr\u00e4mmande. P\u00e5 en konsol beh\u00e5ller den all sin attraktionskraft, men det \u00e4r p\u00e5 en PC som du f\u00e5r ut det mesta av den.<\/p>\n<p>Det jag s\u00e4rskilt gillar \u00e4r den \u00f6vergripande byggkvaliteten och k\u00e4nslan hos ratten till Porsche 911 GT3 R. Det k\u00e4nns verkligen som att du hanterar en racingh\u00e5rdvara, inte bara ett speltillbeh\u00f6r. Sedan har vi precisionen och rikedomen i force feedback, som f\u00f6r\u00e4ndrar din relation till bilen. Du f\u00f6rst\u00e5r omedelbart vad bilen g\u00f6r, vad den gillar och vad den inte gillar. Slutligen, integrationen i Fanatecs ekosystem, med m\u00f6jlighet att utveckla resten av installationen runt en solid bas: \u00e4ndra ratten, pedalerna, l\u00e4gga till en v\u00e4xelspak, handbroms och s\u00e5 vidare.<\/p>\n<p>\u00c5 andra sidan finns det flera punkter som \u00e4r v\u00e4rda att lyfta fram. Den f\u00f6rsta \u00e4r den finansiella investeringen, tydligt placerad i den \u00f6vre delen av marknaden. Det \u00e4r ett passionerat k\u00f6p, inte ett rationellt k\u00f6p f\u00f6r den som spelar ibland. Den andra \u00e4r inl\u00e4rningskurvan n\u00e4r det g\u00e4ller inst\u00e4llningar: f\u00f6r att verkligen dra nytta av Podium m\u00e5ste du vara villig att testa, justera och finjustera. De som vill \"plug and play\" utan att ifr\u00e5gas\u00e4tta riskerar att g\u00e5 miste om dess potential. Det tredje \u00e4r materialkraven: utan en styv cockpit, en v\u00e4l fixerad sits och en stabil milj\u00f6 kan du inte dra full nytta av det vridmoment som finns tillg\u00e4ngligt.<\/p>\n<p>N\u00e4r det g\u00e4ller det upplevda v\u00e4rdet, om du k\u00f6r mycket, flera g\u00e5nger i veckan, p\u00e5 seri\u00f6sa simuleringar, f\u00f6rsvarar Podium Racing Wheel Porsche 911 GT3 R sig mycket bra. Om du k\u00f6r ibland och din budget \u00e4r sn\u00e4v kan steget verka f\u00f6r h\u00f6gt f\u00f6r vad du verkligen kommer att f\u00e5 ut av det p\u00e5 daglig basis.<\/p>\n<h2>Omd\u00f6me: en viktig installation f\u00f6r kr\u00e4vande simracer-anv\u00e4ndare<\/h2>\n<p>I en simulerad racingupps\u00e4ttning blir Fanatec Podium Racing Wheel Porsche 911 GT3 R omedelbart mittpunkten. Det s\u00e4tter standarden f\u00f6r resten av h\u00e5rdvaran: styv cockpit, bra pedaler, sk\u00e4rm eller VR som h\u00e5ller m\u00e5ttet. Det placerar din installation i premiumkategorin, l\u00e5ngt \u00f6ver de flesta konsumentl\u00f6sningar.<\/p>\n<p>P\u00e5 marknaden kan den klassas som en toppmodell av Direct Drive f\u00f6r den breda allm\u00e4nheten, p\u00e5 gr\u00e4nsen till semi-professionell h\u00e5rdvara. Det h\u00e4r \u00e4r varken en nyb\u00f6rjarprodukt eller en enkel kosmetisk \"uppgradering\": det \u00e4r en filosofisk f\u00f6r\u00e4ndring med en mer seri\u00f6s inst\u00e4llning till virtuell styrning.<\/p>\n<p>Jag skulle rekommendera den till simhoppare som redan vet att de \u00e4r fast, som l\u00e4gger tid p\u00e5 banbrytande titlar och som vill ha ren, kraftfull och detaljerad kraft\u00e5terkoppling. F\u00f6r n\u00e5gon som precis har b\u00f6rjat, eller som huvudsakligen spelar konsolspel ibland, \u00e4r en billigare l\u00f6sning ofta mer meningsfull.<\/p>\n<p>Om du letar efter en uppslukande, v\u00e4lkonstruerad Direct Drive-ratt som kan ge dig en verklig k\u00e4nsla f\u00f6r bilen och fungera som en solid grund f\u00f6r en utvecklande installation, kan den h\u00e4r produkten helt klart g\u00f6ra skillnad i din installation.<\/p>","protected":false},"excerpt":{"rendered":"<p>Den h\u00e4r kombinationen ger en verklig k\u00e4nsla av racingutrustning hemma, med mycket l\u00e4sbar force feedback som f\u00f6r\u00e4ndrar hur du k\u00e4nner bilen och k\u00f6r p\u00e5 l\u00e5ng sikt. Det \u00e4r en vettig l\u00f6sning f\u00f6r simracingspelare som redan har investerat, s\u00e4rskilt p\u00e5 PC, och som \u00e4r redo att optimera sina inst\u00e4llningar och sin cockpit. F\u00f6rh\u00e5llandet mellan v\u00e4rde och pris f\u00f6rblir konsekvent om du k\u00f6r ofta.<\/p>","protected":false},"featured_media":101212,"comment_status":"open","ping_status":"closed","template":"","meta":{"_acf_changed":false,"_et_pb_use_builder":"","_et_pb_old_content":"","_et_gb_content_width":""},"product_brand":[158],"product_cat":[156],"product_tag":[149,159],"class_list":{"0":"post-101211","1":"product","2":"type-product","3":"status-publish","4":"has-post-thumbnail","6":"product_brand-fanatec","7":"product_cat-roue-de-volant","8":"product_tag-pc","9":"product_tag-playstation","11":"first","12":"instock","13":"shipping-taxable","14":"product-type-external"},"acf":[],"_links":{"self":[{"href":"https:\/\/simracergear.com\/sv\/wp-json\/wp\/v2\/product\/101211","targetHints":{"allow":["GET"]}}],"collection":[{"href":"https:\/\/simracergear.com\/sv\/wp-json\/wp\/v2\/product"}],"about":[{"href":"https:\/\/simracergear.com\/sv\/wp-json\/wp\/v2\/types\/product"}],"replies":[{"embeddable":true,"href":"https:\/\/simracergear.com\/sv\/wp-json\/wp\/v2\/comments?post=101211"}],"wp:featuredmedia":[{"embeddable":true,"href":"https:\/\/simracergear.com\/sv\/wp-json\/wp\/v2\/media\/101212"}],"wp:attachment":[{"href":"https:\/\/simracergear.com\/sv\/wp-json\/wp\/v2\/media?parent=101211"}],"wp:term":[{"taxonomy":"product_brand","embeddable":true,"href":"https:\/\/simracergear.com\/sv\/wp-json\/wp\/v2\/product_brand?post=101211"},{"taxonomy":"product_cat","embeddable":true,"href":"https:\/\/simracergear.com\/sv\/wp-json\/wp\/v2\/product_cat?post=101211"},{"taxonomy":"product_tag","embeddable":true,"href":"https:\/\/simracergear.com\/sv\/wp-json\/wp\/v2\/product_tag?post=101211"}],"curies":[{"name":"wp","href":"https:\/\/api.w.org\/{rel}","templated":true}]}}