{"id":101237,"date":"2025-05-15T08:04:00","date_gmt":"2025-05-15T08:04:00","guid":{"rendered":"https:\/\/simracergear.com\/products\/fanatec-podium-steering-wheel-fanatec-gt-world-challenge\/"},"modified":"2025-11-28T05:07:06","modified_gmt":"2025-11-28T05:07:06","slug":"fanatec-podium-steering-wheel-fanatec-gt-world-challenge","status":"publish","type":"product","link":"https:\/\/simracergear.com\/sv\/products\/fanatec-podium-steering-wheel-fanatec-gt-world-challenge\/","title":{"rendered":"Fanatec Podium-ratt Fanatec GT World Challenge"},"content":{"rendered":"<h2>Fanatec Podium-styrratt Fanatec GT World Challenge : test och fullst\u00e4ndig recension<\/h2>\n<p>Fanatec Podium-styrratten Fanatec GT World Challenge tillh\u00f6r helt klart kategorin GT-orienterade premiumrattar och \u00e4r utformad f\u00f6r Fanatec Direct Drive-baser. Denna produkt riktar sig till sim-racers som redan \u00e4r utrustade och som vill g\u00e5 upp i niv\u00e5 n\u00e4r det g\u00e4ller k\u00e4nsla, precision och ergonomi i t\u00e4vlingsstil.<\/p>\n<p>P\u00e5 papperet utlovar den h\u00e4r ratten en intressant kompromiss: Podium DNA (toppklass), en realistisk storlek f\u00f6r GT, seri\u00f6s konstruktion och ett gr\u00e4nssnitt som \u00e4r mycket inriktat p\u00e5 touringbilar och moderna GT3-bilar. Den kommer framf\u00f6r allt att tilltala dem som huvudsakligen k\u00f6r GT\/GT4\/TC-bilar i avancerade simulatorer, men som inte vill hamna i den ultraspecialiserade \"LMP\/Formula-prototyp\"-f\u00e4llan.<\/p>\n<p>Min vinkel h\u00e4r \u00e4r enkel: f\u00f6r\u00e4ndrar den h\u00e4r ratten verkligen ditt s\u00e4tt att k\u00f6ra j\u00e4mf\u00f6rt med en mer traditionell Fanatec-ratt, och framf\u00f6r allt, motiverar den sin premiumpositionering n\u00e4r det g\u00e4ller k\u00e4nsla, anv\u00e4ndarkomfort och effektivitet p\u00e5 banan? Erbjuder den verkligen n\u00e5got mer \u00e4n en GT-ratt i instegs- eller mellanklassen, eller betalar du mer f\u00f6r estetik och licensiering?<\/p>\n<h2>Design och tillverkning<\/h2>\n<p>I handen \u00e4r det f\u00f6rsta intrycket helt klart en t\u00e4thet. Fanatec GT World Challenge k\u00e4nns omedelbart solid, vilket \u00e4r typiskt f\u00f6r Podium-serien. Chassit \u00e4r tillverkat av styv metall, utan n\u00e5gon m\u00e4rkbar flex, inte ens n\u00e4r man trycker p\u00e5 f\u00e4lgen. Det k\u00e4nns som en sammanh\u00e4ngande, v\u00e4lmonterad enhet, utan parasitspel.<\/p>\n<p>Handtagen, i gummi eller strukturerat syntetmaterial beroende p\u00e5 version, ger ett mycket s\u00e4kert grepp. Det \u00e4r inte lika \"lyxigt\" som nya Alcantara, men det \u00e4r mer praktiskt f\u00f6r vardagsbruk, s\u00e4rskilt om du k\u00f6r under l\u00e5nga perioder eller utan handskar. I handen \u00e4r greppens form bekv\u00e4m, med bra st\u00f6d f\u00f6r tummarna. Du f\u00e5r snabbt en k\u00e4nsla av att du kan l\u00e5sa greppet utan att kl\u00e4mma f\u00f6r h\u00e5rt.<\/p>\n<p>De magnetiska paddlarna bidrar till racingk\u00e4nslan. Klicket \u00e4r skarpt, rent och snabbt, med ett kort slag. Det m\u00e4rks direkt att det h\u00e4r inte \u00e4r plast i instegsklass. F\u00f6r den som gillar exakta, mjuka v\u00e4xlingar \u00e4r det mycket tillfredsst\u00e4llande. Ljudet \u00e4r n\u00e4rvarande, men inte \u00f6verdrivet: det h\u00e4r \u00e4r en racingv\u00e4xel, inte en leksak.<\/p>\n<p>Frontpanelen, med sina knappar, rotorer och displayer, utstr\u00e5lar allvar. Reglagen \u00e4r v\u00e4lplacerade och l\u00e4tta att hitta utan att man beh\u00f6ver leta f\u00f6r mycket n\u00e4r man v\u00e4l har vant sig vid dem. Motst\u00e5ndet i de roterande reglagen \u00e4r v\u00e4lbalanserat, varken f\u00f6r h\u00e5rt eller f\u00f6r l\u00f6st. Det \u00e4r l\u00e4tt att se att den \u00e4r utformad f\u00f6r att hanteras i drift, \u00e4ven med handskar p\u00e5.<\/p>\n<p>D\u00e4r det ibland kan bli en liten besvikelse \u00e4r i vissa estetiska detaljer: finishen \u00e4r inte upp till niv\u00e5n f\u00f6r en ultra boutique-ratt i full carbon och anpassade knappar. Vi befinner oss fortfarande i det industriella Fanatec-universumet i toppklass, inte i en v\u00e4rld av handgjorda samlarobjekt. J\u00e4mf\u00f6rt med Fanatec-rattar i l\u00e4gre prisklasser m\u00e4rks skillnaden framf\u00f6r allt i styvheten, paddlarnas kvalitet och den \u00f6vergripande k\u00e4nslan av soliditet. Det k\u00e4nns verkligen som om vi har kommit en bit p\u00e5 v\u00e4g.<\/p>\n<p>Kort sagt, det h\u00e4r \u00e4r en ratt som ger dig sj\u00e4lvf\u00f6rtroende s\u00e5 fort du h\u00e5ller den i handen: du k\u00e4nner att den \u00e4r gjord f\u00f6r att klara timmar av intensiv k\u00f6rning p\u00e5 en Direct Drive-bas utan att vackla.<\/p>\n<h2>Inst\u00e4llningar, anpassning och kompatibilitet<\/h2>\n<p>Med Fanatec \u00e4r anpassningen i h\u00f6g grad en ekosystemfr\u00e5ga: inst\u00e4llningar via DD-basen, via Fanatec-programvaran p\u00e5 datorn och en sektion som \u00e4r direkt tillg\u00e4nglig p\u00e5 ratten beroende p\u00e5 kombinationen bas\/plattform. Det h\u00e4r \u00e4r inte en minimalistisk plug-and-play-produkt, utan en ratt som \u00e4r utformad f\u00f6r att finjusteras i en milj\u00f6 som redan \u00e4r Fanatec.<\/p>\n<p>Det finns tillr\u00e4ckligt med knappar och rattar f\u00f6r att mappa alla viktiga funktioner i en modern GT-bil: bromsf\u00f6rsp\u00e4nning, TC, ABS, motormappning, pit limiter, radio, displaybyte etc. Det \u00e4r l\u00e4tt att anpassa mappningen s\u00e5 att den passar simus, men du m\u00e5ste ta lite tid p\u00e5 dig i b\u00f6rjan f\u00f6r att hitta en logik som passar din k\u00f6rstil.<\/p>\n<p>Inl\u00e4rningskurvan \u00e4r rimlig. Till en b\u00f6rjan m\u00e5ste du leta efter r\u00e4tt knappar p\u00e5 banan, men layouten f\u00f6rblir sammanh\u00e4ngande. De fysiska markeringarna p\u00e5 vissa kontroller hj\u00e4lper dig att hitta dem utan att ta \u00f6gonen fr\u00e5n v\u00e4gen. Efter n\u00e5gra sessioner b\u00f6rjar du manipulera rotarierna \"blint\" utan att t\u00e4nka f\u00f6r mycket, vilket \u00e4r precis vad som \u00e4r m\u00e5let.<\/p>\n<p>N\u00e4r det g\u00e4ller kompatibilitet passar ratten naturligt in i Fanatecs ekosystem: m\u00e4rkets Direct Drive-kedjestag, egna pedaler, v\u00e4xlar, handbromsar och s\u00e5 vidare. P\u00e5 en PC kan du f\u00e5 ut mesta m\u00f6jliga av alla funktioner. P\u00e5 konsoler beror upplevelsen fr\u00e4mst p\u00e5 basen som den \u00e4r f\u00e4st vid, men sj\u00e4lva ratten f\u00f6rblir helt bekv\u00e4m i denna roll, s\u00e4rskilt f\u00f6r GT-orienterade titlar.<\/p>\n<p>N\u00e4r det g\u00e4ller uppgraderingsm\u00f6jligheter \u00e4r det inte en ing\u00e5ngspunkt, det \u00e4r en uppgradering. Den h\u00e4r ratten passar perfekt p\u00e5 en redan solid Direct Drive-bas. Den \u00e4r tillr\u00e4ckligt komplett f\u00f6r att kunna beh\u00e5llas under l\u00e5ng tid i en uppgraderingsbar setup. Du kan byta ut din Fanatec-bas eller f\u00f6rb\u00e4ttra din cockpit utan att ratten blir en svag l\u00e4nk. Det h\u00e4r \u00e4r helt klart en l\u00e5ngsiktig investering i styrkedjan.<\/p>\n<h2>K\u00e4nslor p\u00e5 spel<\/h2>\n<p>V\u00e4l ute p\u00e5 banan ligger skillnaden lika mycket i ergonomin som i den rena k\u00e4nslan av force feedback. Den h\u00e4r ratten \u00e4r baserad p\u00e5 Fanatec Direct Drive och \u00f6verf\u00f6r information med stor tydlighet. Du f\u00e5r inte en \"starkare\" FFB \u00e4n med en annan Fanatec-ratt, men du f\u00e5r en k\u00e4nsla av att allt passerar smidigare genom h\u00e4nderna tack vare f\u00e4lgens styvhet och greppens form.<\/p>\n<p>Det som \u00e4r mest sl\u00e5ende i kurvorna \u00e4r greppets tydlighet. Du kan k\u00e4nna ganska exakt n\u00e4r fram\u00e4nden b\u00f6rjar glida, n\u00e4r bak\u00e4nden lossar, n\u00e4r bilen kraschar in i en vibrator. GT-formen, som \u00e4r mer kompakt \u00e4n en stor rund ratt i rallystil, ger dig kortare och mer nerv\u00f6sa r\u00f6relser. Detta hj\u00e4lper enormt n\u00e4r det g\u00e4ller att positionera bilen, s\u00e4rskilt i de tekniska sektionerna.<\/p>\n<p>P\u00e5 vibratorer g\u00f6r sv\u00e4nghjulets styva struktur och den solida anslutningen till basen hela skillnaden. Vibrationer och belastnings\u00e4ndringar d\u00e4mpas inte. Du kan k\u00e4nna banans struktur, de aggressiva trottoarkanterna, de halare omr\u00e5dena med fri passage. Detta \u00e4r mycket anv\u00e4ndbart f\u00f6r att bed\u00f6ma hur l\u00e5ngt du kan bita i en vibrator utan att kastas av.<\/p>\n<p>F\u00f6r snabba korrigeringar hj\u00e4lper den rimliga diametern och ett bra grepp verkligen till. Du kan koppla motstyrningen med mindre amplitud och h\u00f6gre hastighet. Ratten f\u00f6ljer med utan tr\u00f6ghet, utan d\u00f6dtid. De magnetiska paddlarna \u00e4r l\u00e4tta att n\u00e5, \u00e4ven n\u00e4r du r\u00f6r dig h\u00e5rt, s\u00e5 att du inte missar en v\u00e4xling mitt i en strid.<\/p>\n<p>Under l\u00e5nga sessioner h\u00e5ller komforten bra. Greppen tr\u00f6ttar inte ut h\u00e4nderna f\u00f6r mycket, och formen g\u00f6r att du kan variera greppet n\u00e5got utan att tappa kontrollen. Om du k\u00f6r med en mycket kraftfull bas m\u00e5ste du \u00e4nd\u00e5 anpassa FFB lite, men ratten ger dig inte intrycket av att \"k\u00e4mpa\" mot ett d\u00e5ligt utformat verktyg. Tv\u00e4rtom, den passar bra ihop med anstr\u00e4ngningen.<\/p>\n<p>J\u00e4mf\u00f6rt med en Fanatec-ratt i instegs- eller mellanklassen k\u00e4nns bilen mer exakt, \u00e5terkopplingen \u00e4r mer sammanh\u00e4ngande och det k\u00e4nns som om man har b\u00e4ttre kontroll. Bilen verkar svara mer direkt, s\u00e4rskilt n\u00e4r man g\u00f6r sm\u00e5 korrigeringar. Det \u00e4r subtilt, men n\u00e4r du b\u00f6rjar k\u00f6ra fort g\u00f6r den subtiliteten hela skillnaden.<\/p>\n<p>J\u00e4mf\u00f6rt med en \u00e4nnu mer extrem ratt, med fler knappar och en \u00e4nnu mer radikal konstruktion, \u00e4r GT World Challenge n\u00e5got klokare och mer m\u00e5ngsidig. Den har en ergonomisk design som anpassar sig v\u00e4l till olika titlar och olika GT-bilar. F\u00f6r sprint, endurance eller hotlap beh\u00e5lls samma grundl\u00e4ggande k\u00e4nslor, utan intrycket av att vara l\u00e5st i en alltf\u00f6r specifik stil.<\/p>\n<p>\u00d6verlag f\u00e5r du en st\u00f6rre k\u00e4nsla av kontroll: du f\u00f6rst\u00e5r snabbt vad bilen g\u00f6r, var den befinner sig n\u00e4r det g\u00e4ller grepp och hur l\u00e5ngt du kan pressa den utan att f\u00f6rlora den. Det \u00e4r d\u00e4r den h\u00e4r ratten verkligen b\u00f6rjar motivera sin position.<\/p>\n<h2>Vem \u00e4r den till f\u00f6r? Vad vi tycker om \/ Vad vi inte tycker om<\/h2>\n<p>Den h\u00e4r ratten riktar sig fr\u00e4mst till medelgoda till avancerade simf\u00f6rare som redan finns i Fanatecs ekosystem, som huvudsakligen k\u00f6r GT3, GT4, touringbilar eller \"slutna\" prototyper, och som vill ha ett mer seri\u00f6st verktyg \u00e4n en instegsratt. P\u00e5 en PC \u00e4r det vettigt med kr\u00e4vande simuleringar; p\u00e5 en konsol \u00e4r det fortfarande intressant om du spelar m\u00e5nga moderna GT-orienterade spel.<\/p>\n<p>Det vi uppskattar mest \u00e4r kombinationen av styvhet och ergonomi. Det m\u00e4rks direkt att den h\u00e4r f\u00e4lgen \u00e4r byggd f\u00f6r precision: ingen on\u00f6dig flex, en v\u00e4l genomt\u00e4nkt form, paddlar som f\u00e5r dig att vilja v\u00e4xla. Vi gillar ocks\u00e5 de m\u00e5nga reglagen som g\u00f6r att bilen kan hanteras som en riktig GT: att justera bromsf\u00f6rsp\u00e4nningen, dragkraften, ABS eller motorns kartor blir naturligt med de v\u00e4lplacerade vridreglagen och knapparna. Slutligen ger k\u00e4nslan av FFB via denna f\u00e4lg, p\u00e5 en bra Direct Drive-bas, en verklig k\u00e4nsla av en h\u00f6gre niv\u00e5 \u00e4n med mer grundl\u00e4ggande rattar. Du vinner i finess, sj\u00e4lvf\u00f6rtroende och konsekvens.<\/p>\n<p>N\u00e4r det g\u00e4ller begr\u00e4nsningar, l\u00e5t oss vara tydliga: det h\u00e4r \u00e4r inte en ratt f\u00f6r den tillf\u00e4llige nyb\u00f6rjaren. Priset, kontrollernas t\u00e4thet och den mycket GT-orienteringen g\u00f6r den till ett d\u00e5ligt val om du bara spelar n\u00e5gon g\u00e5ng d\u00e5 och d\u00e5 eller om du precis har uppt\u00e4ckt simracing. Estetiken, som \u00e4r mycket inriktad p\u00e5 modern racing, kan ocks\u00e5 vara mindre tilltalande f\u00f6r dem som f\u00f6redrar en mer klassisk stil eller en stor, rund, multidisciplin\u00e4r ratt. Slutligen \u00e4r vissa av efterbehandlingsdetaljerna fortfarande \"industriella\": det h\u00e4r \u00e4r inte en ultra boutique-produkt med en ultralyxig fullkolfiberlook, vilket kan vara frustrerande p\u00e5 den h\u00e4r investeringsniv\u00e5n f\u00f6r dem som fr\u00e4mst letar efter ett utst\u00e4llningsobjekt.<\/p>\n<p>N\u00e4r det g\u00e4ller investering ligger vi helt klart i premiumkategorin. Det \u00e4r inte det f\u00f6rsta hjulet du ska k\u00f6pa i en upps\u00e4ttning, utan en seri\u00f6s uppgradering n\u00e4r du redan har en bra bas, ett stabilt vevparti och en bra cockpit. N\u00e4r det g\u00e4ller det upplevda v\u00e4rdet st\u00e5r det sig bra om du verkligen utnyttjar dess ergonomi och k\u00e4nsla. Om du fr\u00e4mst k\u00f6r GT och vill f\u00f6rb\u00e4ttra k\u00e4nslan och j\u00e4mnheten kan det vara v\u00e4l v\u00e4rt den ekonomiska anstr\u00e4ngningen.<\/p>\n<h2>Utl\u00e5tande<\/h2>\n<p>Fanatec Podium-ratten Fanatec GT World Challenge ger en GT-orienterad setup ett rej\u00e4lt steg upp\u00e5t. Det \u00e4r inte bara en snyggare ratt: styvheten, greppens form, paddlarnas kvalitet och de m\u00e5nga kontrollerna f\u00f6r\u00e4ndrar verkligen hur du interagerar med bilen. Det k\u00e4nns som om du k\u00f6r med ett racingverktyg, inte bara ett speltillbeh\u00f6r.<\/p>\n<p>P\u00e5 marknaden \u00e4r den tydligt positionerad i premiumsegmentet som specialiserar sig p\u00e5 GT, mellan \"avancerade konsumentrattar\" och ultraexotiska, mycket avancerade l\u00f6sningar. Den riktar sig till f\u00f6rare som redan har en Direct Drive Fanatec-bas, som tar simracing p\u00e5 allvar och som vill ha en \u00e4kta ratt som \u00e4r avsedd f\u00f6r modern GT, utan n\u00e5gra st\u00f6rre kompromisser.<\/p>\n<p>Jag rekommenderar den starkt f\u00f6r medelgoda eller avancerade simracers som k\u00f6r mycket GT3\/GT4\/touring p\u00e5 PC eller konsol, och som redan \u00e4r v\u00e4l etablerade i Fanatecs ekosystem. Om du \u00e5 andra sidan letar efter en multifunktionsratt som l\u00e5ter dig g\u00f6ra allt, eller om du b\u00f6rjar med en sn\u00e4v budget, finns det l\u00e4mpligare alternativ innan du n\u00e5r den h\u00e4r niv\u00e5n.<\/p>\n<p>Om du letar efter en GT-ratt som \u00e4r seri\u00f6s, styv, har m\u00e5nga kontroller och som verkligen \u00e4r utformad f\u00f6r att utnyttja en Direct Drive-bas, kan den h\u00e4r produkten helt klart g\u00f6ra skillnad i din installation.<\/p>","protected":false},"excerpt":{"rendered":"<p>Den h\u00e4r ratten gav mig en k\u00e4nsla av att jag hade n\u00e5tt en verklig milstolpe n\u00e4r det g\u00e4ller precision, greppl\u00e4sbarhet och anv\u00e4ndarv\u00e4nlighet p\u00e5 moderna GT-bilar. Framf\u00f6r allt \u00e4r den l\u00e4mplig f\u00f6r medelgoda eller avancerade simracers som redan \u00e4r utrustade med Fanatec Direct Drive och fokuserar p\u00e5 GT3\/GT4. Det \u00e4r fortfarande en v\u00e4rdefull investering om du verkligen utnyttjar de ergonomiska och k\u00e4nslom\u00e4ssiga f\u00f6rdelarna.<\/p>","protected":false},"featured_media":101238,"comment_status":"open","ping_status":"closed","template":"","meta":{"_acf_changed":false,"_et_pb_use_builder":"","_et_pb_old_content":"","_et_gb_content_width":""},"product_brand":[158],"product_cat":[156],"product_tag":[149,159],"class_list":{"0":"post-101237","1":"product","2":"type-product","3":"status-publish","4":"has-post-thumbnail","6":"product_brand-fanatec","7":"product_cat-roue-de-volant","8":"product_tag-pc","9":"product_tag-playstation","11":"first","12":"instock","13":"shipping-taxable","14":"product-type-external"},"acf":[],"_links":{"self":[{"href":"https:\/\/simracergear.com\/sv\/wp-json\/wp\/v2\/product\/101237","targetHints":{"allow":["GET"]}}],"collection":[{"href":"https:\/\/simracergear.com\/sv\/wp-json\/wp\/v2\/product"}],"about":[{"href":"https:\/\/simracergear.com\/sv\/wp-json\/wp\/v2\/types\/product"}],"replies":[{"embeddable":true,"href":"https:\/\/simracergear.com\/sv\/wp-json\/wp\/v2\/comments?post=101237"}],"wp:featuredmedia":[{"embeddable":true,"href":"https:\/\/simracergear.com\/sv\/wp-json\/wp\/v2\/media\/101238"}],"wp:attachment":[{"href":"https:\/\/simracergear.com\/sv\/wp-json\/wp\/v2\/media?parent=101237"}],"wp:term":[{"taxonomy":"product_brand","embeddable":true,"href":"https:\/\/simracergear.com\/sv\/wp-json\/wp\/v2\/product_brand?post=101237"},{"taxonomy":"product_cat","embeddable":true,"href":"https:\/\/simracergear.com\/sv\/wp-json\/wp\/v2\/product_cat?post=101237"},{"taxonomy":"product_tag","embeddable":true,"href":"https:\/\/simracergear.com\/sv\/wp-json\/wp\/v2\/product_tag?post=101237"}],"curies":[{"name":"wp","href":"https:\/\/api.w.org\/{rel}","templated":true}]}}