{"id":101305,"date":"2025-05-15T08:06:00","date_gmt":"2025-05-15T08:06:00","guid":{"rendered":"https:\/\/simracergear.com\/products\/fanatec-rennsport-cockpit-v2\/"},"modified":"2025-11-28T05:12:07","modified_gmt":"2025-11-28T05:12:07","slug":"fanatec-rennsport-cockpit-v2","status":"publish","type":"product","link":"https:\/\/simracergear.com\/sv\/products\/fanatec-rennsport-cockpit-v2\/","title":{"rendered":"Fanatec Rennsport Cockpit V2"},"content":{"rendered":"<p>I en v\u00e4rld av cockpits f\u00f6r simracing \u00e4r Fanatec Rennsport Cockpit V2 tydligt positionerat som ett \"seri\u00f6st\" chassi f\u00f6r kr\u00e4vande spelare, utan att g\u00e5 till ytterligheterna med r\u00f6rformade proffsriggar f\u00f6r simracing. Det riktar sig till personer som vill ha en styv cockpit som ser bra ut i vardagsrummet eller p\u00e5 kontoret, klarar av Direct Drive-baser och kraftfulla pedalbord, samtidigt som den \u00e4r relativt kompakt och estetiskt tilltalande.<\/p>\n<p>P\u00e5 papperet utlovar den en s\u00e4llsynt kombination: en stabil struktur, en sofistikerad design och naturlig kompatibilitet med Fanatecs ekosystem. Tanken \u00e4r enkel: l\u00e4gg ner skopan, basen och pedalerna och du f\u00e5r en plattform som inte r\u00f6r sig, inte gnisslar och inte k\u00e4nns som om du spelar p\u00e5 en rattst\u00e5ng av plast.<\/p>\n<p>F\u00f6r min del tittade jag fr\u00e4mst p\u00e5 det ur vinkeln styvhet, komfort och m\u00e5ngsidighet. Kan du verkligen anv\u00e4nda en stark Direct Drive p\u00e5 den utan n\u00e5gon irriterande flex? F\u00f6rblir k\u00f6rst\u00e4llningen bra under l\u00e5nga sessioner, oavsett vilken typ av spel (GT, F1, rally)? Och framf\u00f6r allt: motiverar den \u00f6vergripande k\u00e4nslan investeringen j\u00e4mf\u00f6rt med enklare l\u00f6sningar eller konkurrerande r\u00f6rformade riggar?<\/p>\n<h2>Design och tillverkning<\/h2>\n<p>Visuellt har Rennsport Cockpit V2 en mycket best\u00e4md premiumk\u00e4nsla. Huvudstrukturen \u00e4r tillverkad av metall, med en montering som omedelbart ger ett intryck av densitet. Det \u00e4r l\u00e5ngt ifr\u00e5n l\u00e4ttviktiga st\u00f6d som vibrerar vid minsta acceleration. N\u00e4r du hanterar komponenterna f\u00e5r du en verklig k\u00e4nsla av det allvar med vilket de har tillverkats: v\u00e4lskurna delar, rena passningar, lackering och ytbehandlingar som \u00f6verlag har tagits om hand noggrant.<\/p>\n<p>Det som sl\u00e5r en ganska snabbt \u00e4r chassits totala styvhet n\u00e4r det v\u00e4l har monterats korrekt. Rattens st\u00f6dpelare b\u00f6jer sig inte vid inbromsning och vevlagret sitter kvar p\u00e5 plats \u00e4ven med ett vevparti med h\u00f6gt motst\u00e5nd. Det k\u00e4nns att cockpiten har utformats f\u00f6r att st\u00f6dja m\u00e4rkets topprodukter, inklusive Direct Drive-kedjestagen, utan att bli ett bollplank.<\/p>\n<p>N\u00e4r det g\u00e4ller k\u00e4nslan \u00e4r chassit gediget. Inget k\u00e4nns ih\u00e5ligt och man f\u00e5r inte intrycket av permanent spel som man ibland f\u00e5r med vikbara riggar eller riggar som \u00e4r f\u00f6r l\u00e4tta. Det finns gott om f\u00e4stelement, och det \u00e4r tydligt att man m\u00e5ste ta god tid p\u00e5 sig vid monteringen f\u00f6r att se till att allt sitter perfekt.<\/p>\n<p>Det finns dock n\u00e5gra punkter som \u00e4r lite mindre smickrande. Ergonomin i vissa omr\u00e5den, s\u00e4rskilt f\u00f6r finjusteringar, kan kr\u00e4va lite t\u00e5lamod: vissa justeringar kr\u00e4ver att du lossar flera skruvar, flyttar dem och sedan drar \u00e5t dem igen, vilket inte alltid \u00e4r s\u00e5 snabbt. J\u00e4mf\u00f6rt med r\u00f6rformade riggar som aluminiumprofiler f\u00f6rlorar vi ocks\u00e5 lite n\u00e4r det g\u00e4ller ren modularitet och frihet att placera p\u00e5 millimetern.<\/p>\n<p>J\u00e4mf\u00f6rt med enklare cockpits eller l\u00e4ttare playseats \u00e4r Rennsport V2 helt klart i en annan liga n\u00e4r det g\u00e4ller robusthet och presentation. \u00c5 andra sidan, j\u00e4mf\u00f6rt med aluminiumprofilchassin, f\u00f6rlitar den sig mer p\u00e5 integrerad design och estetisk plug &amp; play \u00e4n p\u00e5 absolut modularitet. Det \u00e4r ett tydligt val.<\/p>\n<h2>Inst\u00e4llningar, anpassning och kompatibilitet<\/h2>\n<p>Rennsport Cockpit V2 erbjuder en bra niv\u00e5 av justeringar, men med en ganska tydlig filosofi: erbjuda de viktiga justeringarna, utan att f\u00f6rvandla upps\u00e4ttningen till en permanent arbetsplats. Du kan justera avst\u00e5ndet till pedalerna, rattens h\u00f6jd och lutning samt s\u00e4tets position, f\u00f6rutsatt att du anv\u00e4nder en sk\u00e5lad sits eller en sits som \u00e4r kompatibel med skenor.<\/p>\n<p>Det h\u00e4r \u00e4r inst\u00e4llningar som verkligen f\u00f6r\u00e4ndrar livet. Du kan g\u00e5 fr\u00e5n en ganska l\u00e5ng GT-position till n\u00e5got rakare, mer rally- eller touringliknande. Man\u00f6verutrymmet \u00e4r inte o\u00e4ndligt, men det \u00e4r tillr\u00e4ckligt f\u00f6r att de flesta kroppstyper ska hitta en bekv\u00e4m position. Inl\u00e4rningskurvan \u00e4r enkel: n\u00e4r du v\u00e4l f\u00f6rst\u00e5r var justeringspunkterna finns blir allt logiskt, \u00e4ven om vissa justeringar kr\u00e4ver lite tid med skruvmejseln i handen.<\/p>\n<p>N\u00e4r det g\u00e4ller kompatibilitet \u00e4r cockpiten naturligtvis utformad f\u00f6r Fanatecs ekosystem. Varum\u00e4rkets kedjestag, pedaler och v\u00e4xlar \u00e4r alla l\u00e4tta att montera, med l\u00e4mpliga h\u00e5l och plattor. P\u00e5 b\u00e5de PC och konsol s\u00e4tter cockpiten inga gr\u00e4nser: den tillhandah\u00e5ller helt enkelt plattformen, s\u00e5 s\u00e5 l\u00e4nge din ratt och dina pedaler g\u00e5r att fixa mekaniskt beror resten p\u00e5 din h\u00e5rdvara och din maskin.<\/p>\n<p>Med andra m\u00e4rken \u00e4r det m\u00f6jligt, men det beror p\u00e5 vevpartiet och kedjestaget. Flera har kompatibla eller anpassningsbara f\u00e4stelement, men vi har inte den flexibilitet som en universell aluminiumprofil ger. Du m\u00e5ste kontrollera h\u00e5len och eventuellt anv\u00e4nda mellanplattor.<\/p>\n<p>N\u00e4r det g\u00e4ller uppgraderingsm\u00f6jligheter \u00e4r Rennsport V2 positionerad som en h\u00e5llbar bas snarare \u00e4n en enkel ing\u00e5ngspunkt. Du kan b\u00f6rja med en medelklassbas och ett blygsamt vevparti och sedan g\u00e5 upp i intervallet utan att beh\u00f6va byta chassi, s\u00e5 l\u00e4nge du h\u00e5ller dig inom realistiska effektgr\u00e4nser och belastningar f\u00f6r \"entusiastisk\" simracinganv\u00e4ndning snarare \u00e4n extrem professionell anv\u00e4ndning.<\/p>\n<h2>K\u00e4nslor p\u00e5 spel<\/h2>\n<p>N\u00e4r installationen har justerats korrekt kan Rennsport Cockpit V2:s beteende i spelet sammanfattas med en kraftfull id\u00e9: allt blir mer sammanh\u00e4ngande. Den \u00f6vergripande styvheten g\u00f6r det m\u00f6jligt f\u00f6r force feedback att uttrycka sig fullt ut, utan att energin g\u00e5r f\u00f6rlorad i on\u00f6dig b\u00f6jning. Du k\u00e4nner vad basen g\u00f6r, inte vad chassit g\u00f6r.<\/p>\n<p>P\u00e5 FFB \u00e4r skillnaden j\u00e4mf\u00f6rt med en l\u00e4tt bas eller en mer grundl\u00e4ggande cockpit tydlig. Mikrodetaljerna i kraft\u00e5terkopplingen kommer fram b\u00e4ttre, s\u00e4rskilt med en Direct Drive-bas. Vridmomentvariationer, sm\u00e5 greppf\u00f6rluster och \u00f6verg\u00e5ngar mellan grepp och glidning upplevs tydligare eftersom ratten inte \"flyter\" i sitt f\u00e4ste. Styrningen k\u00e4nns mer kopplad till v\u00e4gen.<\/p>\n<p>I snabba kurvor drar du nytta av en v\u00e4lkommen stabilitet: ingen skakande kolonn, inga parasit\u00e4ra vibrationer som suddar ut avl\u00e4sningen. Du kan verkligen koncentrera dig p\u00e5 den information som skickas fr\u00e5n ratten. Det \u00e4r d\u00e4r ett bra chassi g\u00f6r hela skillnaden n\u00e4r det g\u00e4ller k\u00f6rning: du kan l\u00e4sa av last\u00f6verf\u00f6ringar och greppf\u00f6r\u00e4ndringar b\u00e4ttre, och du v\u00e5gar bromsa senare och gasa h\u00e5rdare eftersom k\u00e4nslan \u00e4r ren.<\/p>\n<p>N\u00e4r det g\u00e4ller vibratorer \u00f6verf\u00f6r cockpiten det som basen producerar v\u00e4l, utan n\u00e5gra konstiga f\u00f6rst\u00e4rkningar. St\u00f6tarna f\u00f6rblir begr\u00e4nsade till ratten och pedalerna, snarare \u00e4n att f\u00f6rvandla hela chassit till en trampolin. Du kan k\u00e4nna sp\u00e5rets kanter, stallarna p\u00e5 en aggressiv vibrator, men utan att strukturen ger intrycket av att vara p\u00e5 v\u00e4g att g\u00e5 s\u00f6nder. Resultatet \u00e4r f\u00f6rb\u00e4ttrad l\u00e4sbarhet, inte bara mekaniskt \"brus\".<\/p>\n<p>Under l\u00e5nga sessioner \u00e4r chassits konsistens en stark punkt. Inget spel uppst\u00e5r efter en timme, ingen k\u00e4nsla av att ryggraden gradvis lossnar. \u00c5 andra sidan \u00e4r det kvaliteten p\u00e5 den sits du v\u00e4ljer och finessen i positionsinst\u00e4llningarna som kan vara en begr\u00e4nsande faktor, snarare \u00e4n sj\u00e4lva chassit. Med ett bra sk\u00e5lat s\u00e4te kan du g\u00e5 fr\u00e5n en stint till n\u00e4sta utan att k\u00e4nna tr\u00f6ttheten som f\u00f6rknippas med obekv\u00e4ma positioner eller en ratt som \u00e4r f\u00f6r h\u00f6g eller f\u00f6r l\u00e5g.<\/p>\n<p>I snabba korrigeringar hj\u00e4lper paketets styvhet mycket. N\u00e4r bilen stannar och du m\u00e5ste motstyra omedelbart g\u00f6rs allt rent, utan d\u00f6dtid. Ratten \u00e5terv\u00e4nder, du korrigerar och cockpiten f\u00f6ljer efter utan att darra p\u00e5 manschetten. Du f\u00f6rst\u00e5r omedelbart vad bilen g\u00f6r och kan reagera med precision. Detta \u00e4r s\u00e4rskilt anv\u00e4ndbart n\u00e4r du arbetar med avancerade simuleringar d\u00e4r korrigeringsf\u00f6nstret \u00e4r mycket kort.<\/p>\n<p>J\u00e4mf\u00f6rt med en mer flexibel cockpit eller ett enkelt stativ \u00e4r det kvalitativa spr\u00e5nget uppenbart: du vinner i f\u00f6rtroende. J\u00e4mf\u00f6rt med en r\u00f6rformad rigg i toppklass eller ett robust chassi med aluminiumprofiler ligger skillnaden mer i modulariteten och f\u00f6rm\u00e5gan att hantera \u00e4nnu mer extrema baser \u00e4n i sj\u00e4lva k\u00e4nslorna, f\u00f6r avancerad men \"normal\" simraceranv\u00e4ndning. I en realistisk konfiguration kommer Rennsport V2 inte att begr\u00e4nsa n\u00f6jet eller prestandan f\u00f6r de flesta f\u00f6rare.<\/p>\n<h2>Vem \u00e4r den till f\u00f6r? Vad vi tycker om \/ Vad vi inte tycker om<\/h2>\n<p>Fanatec Rennsport Cockpit V2 riktar sig helt klart till motiverade simulerare som redan har vuxit ifr\u00e5n den station\u00e4ra ratten. En idealisk profil skulle vara en medelgod till erfaren PC- eller konsolspelare som redan \u00e4ger en seri\u00f6s ratt (Direct Drive eller toppmodell med remdrift) och som \u00e4ntligen vill ha en solid bas att bygga allt p\u00e5. Det skulle ocks\u00e5 passa n\u00e5gon som b\u00f6rjar ambiti\u00f6st, med ett l\u00e5ngsiktigt installationsprojekt, och som f\u00f6redrar att investera en g\u00e5ng i en sammanh\u00e4ngande cockpit.<\/p>\n<p>Det jag s\u00e4rskilt gillar \u00e4r den \u00f6vergripande styvheten i chassit, som verkligen passar bra f\u00f6r kraftfulla underreden. Den noggranna designen talar ocks\u00e5 till dess f\u00f6rdel: det \u00e4r en cockpit som du kan f\u00e5 plats med i vardagsrummet eller p\u00e5 kontoret utan att ge intryck av att ha monterat en racerbilsbur mitt i rummet. Slutligen g\u00f6r det faktum att den p\u00e5 ett naturligt s\u00e4tt integreras i Fanatecs ekosystem livet enklare: anpassade plattor, logisk placering, inget behov av att improvisera hela tiden.<\/p>\n<p>\u00c5 andra sidan finns det n\u00e5gra begr\u00e4nsningar som man b\u00f6r ha i \u00e5tanke. F\u00f6r det f\u00f6rsta \u00e4r modulariteten inte lika bra som hos ett universellt chassi med aluminiumprofiler: du kan justera det, men inte allt och inte i alla riktningar, och vissa mycket specifika positioner kommer att vara sv\u00e5rare att uppn\u00e5. F\u00f6r det andra \u00e4r montering och justeringar inte omedelbara: f\u00f6r att f\u00e5 ut det b\u00e4sta av cockpiten m\u00e5ste du vara beredd att spendera lite tid p\u00e5 det, det \u00e4r inte en plug &amp; play-produkt p\u00e5 tio minuter. Slutligen \u00e4r prispositioneringen tydligt p\u00e5 sidan av v\u00e4l \u00f6verv\u00e4gda investeringar: det \u00e4r inte ett impulsk\u00f6p, s\u00e4rskilt om du l\u00e4gger till kostnaden f\u00f6r en bra stol.<\/p>\n<p>N\u00e4r det g\u00e4ller det upplevda v\u00e4rdet beror allt p\u00e5 hur man ser p\u00e5 det. F\u00f6r n\u00e5gon som kommer fr\u00e5n ett kontor och ett rattstativ \u00e4r vinsten i stabilitet, komfort och inlevelse mer \u00e4n v\u00e4l v\u00e4rd den ekonomiska insatsen. F\u00f6r den som g\u00f6r en kall j\u00e4mf\u00f6relse med en rigg med aluminiumprofil blir fr\u00e5gan mer subtil: du betalar f\u00f6r designen, Fanatec-integrationen och \"nyckelf\u00e4rdig\"-aspekten, medan andra l\u00f6sningar bygger mer p\u00e5 extrem kundanpassning.<\/p>\n<h2>Utl\u00e5tande<\/h2>\n<p>Fanatec Rennsport Cockpit V2 \u00e4ndrar tydligt strukturen p\u00e5 en installation. Vi g\u00e5r fr\u00e5n en ibland skakig montering (skrivbord, stativ, kontorsstol) till en dedikerad plattform, utformad f\u00f6r simracing, d\u00e4r varje element har sin plats och stannar p\u00e5 sin plats. Den st\u00f6rsta effekten \u00e4r p\u00e5 den \u00f6vergripande konsistensen: en mer naturlig k\u00f6rst\u00e4llning, b\u00e4ttre anv\u00e4ndning av force feedback, mer kontrollerad bromsning och st\u00f6rre inlevelse.<\/p>\n<p>P\u00e5 marknaden \u00e4r den placerad i kategorin premiumcockpit, utan att n\u00e5 delirium av hypermodul\u00e4ra riggar f\u00f6r kvasiprofessionellt bruk. Den riktar sig till en passionerad publik som \u00e4r redo att investera i n\u00e5got rent, h\u00e5llbart och h\u00f6gpresterande, utan att ge sig in i ett skr\u00e4ddarsytt byggprojekt.<\/p>\n<p>Jag skulle s\u00e4rskilt rekommendera det till dem som redan k\u00f6r mycket, med Fanatec eller liknande utrustning, och som vill ha ett stabilt, seri\u00f6st chassi som ocks\u00e5 \u00e4r visuellt acceptabelt i en boendemilj\u00f6. \u00c5 andra sidan, f\u00f6r en nyb\u00f6rjare som \u00e4nnu inte vet om han ska g\u00f6ra en l\u00e5ngsiktig investering, eller f\u00f6r n\u00e5gon som letar efter den absoluta modulariteten hos profilerad aluminium, kanske det inte \u00e4r det b\u00e4sta valet.<\/p>\n<p>Om du letar efter en styv, v\u00e4larbetad cockpit, utformad f\u00f6r att utnyttja en kraftfull ratt och strukturera din installation kring Fanatecs ekosystem, kan den h\u00e4r produkten helt klart g\u00f6ra skillnad f\u00f6r din installation.<\/p>","protected":false},"excerpt":{"rendered":"<p>Den h\u00e4r cockpiten gav mig en k\u00e4nsla av att installationen hade blivit helt solidifierad: ratten och pedalerna uttrycker sig \u00e4ntligen utan n\u00e5gra parasit\u00e4ra vibrationer, med en sammanh\u00e4ngande k\u00f6rst\u00e4llning \u00f6ver tid. Det \u00e4r vettigt f\u00f6r simulerare som redan \u00e4r involverade, s\u00e4rskilt i Fanatecs ekosystem, som vill ha ett stabilt, presentabelt chassi snarare \u00e4n en ultramodul\u00e4r r\u00f6rformad rigg.<\/p>","protected":false},"featured_media":101306,"comment_status":"open","ping_status":"closed","template":"","meta":{"_acf_changed":false,"_et_pb_use_builder":"","_et_pb_old_content":"","_et_gb_content_width":""},"product_brand":[158],"product_cat":[163],"product_tag":[149,159,160],"class_list":{"0":"post-101305","1":"product","2":"type-product","3":"status-publish","4":"has-post-thumbnail","6":"product_brand-fanatec","7":"product_cat-cockpit","8":"product_tag-pc","9":"product_tag-playstation","10":"product_tag-xbox","12":"first","13":"instock","14":"shipping-taxable","15":"product-type-external"},"acf":[],"_links":{"self":[{"href":"https:\/\/simracergear.com\/sv\/wp-json\/wp\/v2\/product\/101305","targetHints":{"allow":["GET"]}}],"collection":[{"href":"https:\/\/simracergear.com\/sv\/wp-json\/wp\/v2\/product"}],"about":[{"href":"https:\/\/simracergear.com\/sv\/wp-json\/wp\/v2\/types\/product"}],"replies":[{"embeddable":true,"href":"https:\/\/simracergear.com\/sv\/wp-json\/wp\/v2\/comments?post=101305"}],"wp:featuredmedia":[{"embeddable":true,"href":"https:\/\/simracergear.com\/sv\/wp-json\/wp\/v2\/media\/101306"}],"wp:attachment":[{"href":"https:\/\/simracergear.com\/sv\/wp-json\/wp\/v2\/media?parent=101305"}],"wp:term":[{"taxonomy":"product_brand","embeddable":true,"href":"https:\/\/simracergear.com\/sv\/wp-json\/wp\/v2\/product_brand?post=101305"},{"taxonomy":"product_cat","embeddable":true,"href":"https:\/\/simracergear.com\/sv\/wp-json\/wp\/v2\/product_cat?post=101305"},{"taxonomy":"product_tag","embeddable":true,"href":"https:\/\/simracergear.com\/sv\/wp-json\/wp\/v2\/product_tag?post=101305"}],"curies":[{"name":"wp","href":"https:\/\/api.w.org\/{rel}","templated":true}]}}