{"id":101315,"date":"2025-11-28T04:46:47","date_gmt":"2025-11-28T04:46:47","guid":{"rendered":"https:\/\/simracergear.com\/products\/gran-turismo-dd-extreme\/"},"modified":"2025-11-28T04:46:47","modified_gmt":"2025-11-28T04:46:47","slug":"gran-turismo-dd-extreme","status":"publish","type":"product","link":"https:\/\/simracergear.com\/sv\/products\/gran-turismo-dd-extreme\/","title":{"rendered":"Fanatec Gran Turismo DD Extreme"},"content":{"rendered":"<p><span style=\"font-weight: 400;\">Fanatec GT DD Extreme kommer in i ett mycket eftertraktat segment: Direct Drive f\u00f6r \"toppkonsumenter\", utformad f\u00f6r b\u00e5de konsol och PC, med stark betoning p\u00e5 PlayStation-ekosystemet och det officiella partnerskapet med Gran Turismo. P\u00e5 papperet utlovar den en s\u00e4llsynt kombination av kraft, seri\u00f6s precision och en komplett, f\u00e4rdig ratt, allt i ett format som fortfarande \u00e4r \"beboeligt\" p\u00e5 ett skrivbord eller i en liten cockpit.<\/span><\/p>\n<p><span style=\"font-weight: 400;\">Det h\u00e4r paketet riktar sig helt klart till f\u00f6rare som vill ta ett steg upp fr\u00e5n remdrivna baser eller sm\u00e5 direktdrivna instegsmodeller, utan att v\u00e4lja extremt kr\u00e4vande utrustning f\u00f6r \"pro simracing\". Det \u00e4r en viktig produkt: tillr\u00e4ckligt kraftfull f\u00f6r att h\u00e5lla j\u00e4mna steg med en erfaren simracer, men \u00e4nd\u00e5 tillg\u00e4nglig f\u00f6r en motiverad anv\u00e4ndare som kommer fr\u00e5n ett enklare hjul.<\/span><\/p>\n<p><span style=\"font-weight: 400;\">Min vinkel p\u00e5 denna GT DD Extreme \u00e4r kvaliteten p\u00e5 force feedback, l\u00e4sbarheten av den information som bilen ger och den \u00f6vergripande komforten under l\u00e5nga sessioner, med en \u00e4rlig titt p\u00e5 paketets verkliga v\u00e4rde. Det h\u00e4r \u00e4r en ratt som utlovar inlevelse, kontroll och m\u00e5ngsidighet.<\/span><\/p>\n<p><span style=\"font-weight: 400;\">I ett n\u00f6tskal: det \u00e4r en Direct Drive som \u00e4r utformad f\u00f6r att spela \"p\u00e5 allvar\" utan att bli en gasfabrik.<\/span><\/p>\n<p>&nbsp;<\/p>\n<h2><span style=\"font-weight: 400;\">Design och tillverkning<\/span><\/h2>\n<p><span style=\"font-weight: 400;\">B\u00e5de visuellt och i handen ger GT DD Extreme omedelbart intryck av att vara en full\u00e4ndad produkt. Direct Drive-basen \u00e4r kompakt och t\u00e4t, med ett metallh\u00f6lje som inger f\u00f6rtroende. Inget r\u00f6r sig, inget spricker, styvheten finns d\u00e4r. Det k\u00e4nns verkligen som ett solitt block som \u00e4r utformat f\u00f6r att t\u00e5la m\u00e5nga \u00e5rs k\u00f6rning.<\/span><\/p>\n<p><span style=\"font-weight: 400;\">GT-ratten som ing\u00e5r \u00e4r sl\u00e5ende f\u00f6r sin \u00f6vergripande finishniv\u00e5. Materialen n\u00e5r inte upp till samma standard som en racingratt i l\u00e4der och aluminium, men den \u00f6vergripande effekten \u00e4r mycket ren. Greppen \u00e4r bra, knapparna k\u00e4nns bra och ratten l\u00e5ter inte som en leksak. Det \u00e4r helt klart ett sn\u00e4pp b\u00e4ttre \u00e4n konventionella konsumentpaket.<\/span><\/p>\n<p><span style=\"font-weight: 400;\">Paddlarna ger en ren k\u00e4nsla med ett tydligt klick. Man kan ana en \u00f6nskan om att erbjuda n\u00e5got mer seri\u00f6st \u00e4n en enkel plastratt. LED-instrumentpanelen, den centrala displayen och knapparnas placering f\u00f6rst\u00e4rker intrycket av att detta \u00e4r en \"m\u00e5ngsidig sim racing\"-ratt snarare \u00e4n ett enkelt konsoltillbeh\u00f6r.<\/span><\/p>\n<p><span style=\"font-weight: 400;\">D\u00e4r det kan bli en liten besvikelse \u00e4r i vissa materialdetaljer. Vi \u00e4r inte p\u00e5 samma niv\u00e5 som med en frist\u00e5ende premiumratt i metall och l\u00e4der i alla delar. En del plast finns fortfarande kvar, och p\u00e5 den h\u00e4r prisniv\u00e5n kanske vissa anv\u00e4ndare f\u00f6rv\u00e4ntar sig \u00e4nnu mer. Men den \u00f6vergripande sammanh\u00e5llningen av paketet kompenserar mer \u00e4n v\u00e4l f\u00f6r detta.<\/span><\/p>\n<p><span style=\"font-weight: 400;\">J\u00e4mf\u00f6rt med andra produkter i en liknande kategori \u00e4r sj\u00e4lva basen verkligen premium. Helhetsintrycket \u00e4r en solid, v\u00e4l genomt\u00e4nkt kombination som \u00e4r utformad f\u00f6r att vara mittpunkten i en seri\u00f6s installation.<\/span><\/p>\n<p><span style=\"font-weight: 400;\">I handen f\u00e5r man intrycket av att utrustningen \u00e4r konstruerad f\u00f6r frekvent, l\u00e5ng och stressfri anv\u00e4ndning.<\/span><\/p>\n<p>&nbsp;<\/p>\n<h2><span style=\"font-weight: 400;\">Inst\u00e4llningar, anpassning och kompatibilitet<\/span><\/h2>\n<p>&nbsp;<\/p>\n<p><span style=\"font-weight: 400;\">N\u00e4r det g\u00e4ller inst\u00e4llningar h\u00e5ller Fanatec fast vid sin logik: det finns inbyggda profiler, f\u00f6rinst\u00e4llningar f\u00f6r varje upps\u00e4ttning och m\u00f6jlighet till finjustering via basmenyn och via PC-programvaran. F\u00f6r den som \u00e4r nyb\u00f6rjare p\u00e5 Direct Drive \u00e4r detta en trygghet: man kan k\u00f6ra snabbt med en \"grundkonfiguration\" som redan \u00e4r anv\u00e4ndbar och sedan finjustera lite i taget.<\/span><\/p>\n<p><span style=\"font-weight: 400;\">Menyn p\u00e5 basen g\u00f6r att du kan justera de stora klassikerna: total kraft, filter, d\u00e4mpare, minimikraft och linj\u00e4ritet. Ergonomin \u00e4r logisk, men kr\u00e4ver \u00e4nd\u00e5 lite tid att v\u00e4nja sig vid om du aldrig har r\u00f6rt den h\u00e4r typen av parametrar tidigare. Det finns inget som hindrar dig, men du m\u00e5ste vara beredd p\u00e5 att l\u00e4gga lite tid p\u00e5 att testa.<\/span><\/p>\n<p><span style=\"font-weight: 400;\">P\u00e5 PC:n ger Fanatecs programvara mycket mer finess. Det \u00e4r h\u00e4r du verkligen kan anpassa basen till din stil: mer r\u00e5 och direkt f\u00f6r en f\u00f6rare som gillar att k\u00e4nna varje gupp, eller mer filtrerad och mjuk f\u00f6r l\u00e5nga sessioner p\u00e5 konsolen eller f\u00f6r mer \"avslappnad\" k\u00f6rning. \u00c4rligt talat kan du g\u00f6ra den h\u00e4r basen antingen v\u00e4ldigt fysisk eller f\u00f6rv\u00e5nansv\u00e4rt bekv\u00e4m.<\/span><\/p>\n<p><span style=\"font-weight: 400;\">N\u00e4r det g\u00e4ller kompatibilitet \u00e4r GT DD Extreme utformat f\u00f6r PlayStation-konsoler och PC. Detta \u00e4r helt klart dess stora marknadsf\u00f6ringsargument, samtidigt som den \u00e4r fullt anv\u00e4ndbar p\u00e5 en PC-sim-racinginstallation. Fanatecs ekosystem \u00e4r ett verkligt plus: lastcellspedaler, v\u00e4xlar, handbromsar och andra rattar i GT-, F1- eller rallystil kan alla monteras p\u00e5 basen.<\/span><\/p>\n<p><span style=\"font-weight: 400;\">N\u00e4r det g\u00e4ller uppgraderingsm\u00f6jligheter talar vi inte om en enkel ing\u00e5ngspunkt som du byter ut efter ett \u00e5r. Det finns tillr\u00e4ckligt med utrymme i basen f\u00f6r att h\u00e5lla j\u00e4mna steg med en simracer n\u00e4r den utvecklas, och det \u00e4r bara ratten som g\u00f6r att du vill \u00e4ndra den f\u00f6r att passa din smak. Det \u00e4r en h\u00e5llbar plattform.<\/span><\/p>\n<p><span style=\"font-weight: 400;\">Du kan k\u00f6ra i n\u00e5gra minuter och sedan gradvis finjustera f\u00f6r att passa din stil och varje spel.<\/span><\/p>\n<p>&nbsp;<\/p>\n<h2><span style=\"font-weight: 400;\">K\u00e4nslor p\u00e5 spel<\/span><\/h2>\n<p><span style=\"font-weight: 400;\">Det \u00e4r h\u00e4r som GT DD Extreme verkligen kommer till sin r\u00e4tt. P\u00e5 banan ger basen en ren och detaljerad feedback som \u00e4r tillr\u00e4ckligt kraftfull f\u00f6r att ge karakt\u00e4r utan att bli ohanterlig. Precisionen \u00e4r tydlig: du kan tydligt k\u00e4nna variationerna i belastningen p\u00e5 d\u00e4cken, bilen blir l\u00e4ttare n\u00e4r du kommer in i kurvan, lugnar ner sig under tryck och drar sedan iv\u00e4g om du g\u00e5r \u00f6ver gr\u00e4nsen.<\/span><\/p>\n<p><span style=\"font-weight: 400;\">Greppavl\u00e4sning \u00e4r en stark punkt. J\u00e4mf\u00f6rt med en b\u00e4ltesbas vinner du i finess och lyh\u00f6rdhet. Mikrof\u00f6rluster av grepp kommer in i ratten i form av sm\u00e5 pauser, sm\u00e5 flytningar, som \u00e4r l\u00e4tta att identifiera n\u00e4r du har hittat r\u00e4tt inst\u00e4llningar. Du k\u00e4nner exakt vad d\u00e4cken g\u00f6r, och det f\u00f6r\u00e4ndrar hur du hanterar din attack i kurvorna.<\/span><\/p>\n<p><span style=\"font-weight: 400;\">I snabba kurvor f\u00f6rblir ratten stabil men livlig. Det finns en k\u00e4nsla av st\u00f6d i h\u00e4nderna, utan n\u00e5gon parasitisk latens. Styrningen ger dig sj\u00e4lvf\u00f6rtroende, s\u00e4rskilt p\u00e5 banor som du k\u00e4nner v\u00e4l: du vet exakt hur l\u00e5ngt du kan k\u00f6ra innan du m\u00e5ste korrigera. Det \u00e4r d\u00e4r basen verkligen g\u00f6r skillnad j\u00e4mf\u00f6rt med mer grundl\u00e4ggande utrustning.<\/span><\/p>\n<p><span style=\"font-weight: 400;\">Vibratorerna \u00e4r v\u00e4l \u00e5tergivna. Ingen omotiverad brutalitet, men en tydlig textur av varje sp\u00e5rkant. De aggressiva vibratorerna skakar verkligen om ratten, medan de mjukare kanterna ger ett kontrollerat muller. Du f\u00f6rst\u00e5r omedelbart var bilen befinner sig p\u00e5 banan.<\/span><\/p>\n<p><span style=\"font-weight: 400;\">Vid snabba korrigeringar reagerar basen utan drag. N\u00e4r bakvagnen stannar upp kan du komma ikapp med tillf\u00f6rsikt, eftersom ratten inte m\u00e4ttas i mitten av slaget. Den f\u00f6rblir l\u00e4tt att l\u00e4sa av, \u00e4ven n\u00e4r FFB \u00e4r stark. Ratten f\u00f6rblir ren och l\u00e4tt att l\u00e4sa av, \u00e4ven n\u00e4r du attackerar.<\/span><\/p>\n<p><span style=\"font-weight: 400;\">Under l\u00e5nga sessioner \u00e4r konsistensen mycket bra. Ingen irriterande uppv\u00e4rmning, ingen k\u00e4nsla av mekanisk tr\u00f6tthet. Tr\u00f6ttheten, om den uppst\u00e5r, kommer fr\u00e4mst fr\u00e5n armarna om du har lagt p\u00e5 en h\u00f6g effektniv\u00e5, men du kan k\u00f6ra l\u00e4nge om du s\u00e4nker effekten n\u00e5got f\u00f6r att h\u00e5lla dig i total komfort.<\/span><\/p>\n<p><span style=\"font-weight: 400;\">J\u00e4mf\u00f6rt med en mycket kraftfullare Direct Drive-bas \u00e4r GT DD Extreme lite mindre v\u00e5ldsam, s\u00e4rskilt om du gillar extrema inst\u00e4llningar. Men den beh\u00e5ller den mycket intressanta zonen d\u00e4r \u00e5terkopplingen \u00e4r tillr\u00e4ckligt stark f\u00f6r att vara uppslukande, utan att bli sm\u00e4rtsam vid vanlig anv\u00e4ndning.<\/span><\/p>\n<p><span style=\"font-weight: 400;\">J\u00e4mf\u00f6rt med en mindre kraftfull bas vinner du verkligen i kontroll, nyans i \u00f6verf\u00f6ringar och \u00f6vergripande realism. Detta \u00e4r s\u00e4rskilt m\u00e4rkbart i \u00f6verg\u00e5ngsfaserna: bromsning, rotationsstart, go-around. Det \u00e4r h\u00e4r som basen verkligen f\u00f6r\u00e4ndrar upplevelsen.<\/span><\/p>\n<p><span style=\"font-weight: 400;\">Sammantaget \u00e4r inlevelsen mycket h\u00f6g, men det som verkligen sticker ut \u00e4r kombinationen av precision och komfort. Det k\u00e4nns inte som om man k\u00e4mpar mot basen, utan som om man arbetar med den.<\/span><\/p>\n<p>&nbsp;<\/p>\n<h2><span style=\"font-weight: 400;\">Vem \u00e4r den till f\u00f6r? Vad vi tycker om \/ Vad vi inte tycker om<\/span><\/h2>\n<p>&nbsp;<\/p>\n<p><span style=\"font-weight: 400;\">GT DD Extreme riktar sig fr\u00e4mst till medelgoda till avancerade simracingf\u00f6rare som redan har k\u00f6rt en del med ett instegs- eller mellanklasshjul och som vill ta saker och ting till n\u00e4sta niv\u00e5, s\u00e4rskilt p\u00e5 en konsol. Det \u00e4r ocks\u00e5 en bra startpunkt f\u00f6r motiverade nyb\u00f6rjare som redan vet att de vill g\u00f6ra en seri\u00f6s investering, utan att g\u00f6ra tre p\u00e5 varandra f\u00f6ljande k\u00f6p.<\/span><\/p>\n<p><span style=\"font-weight: 400;\">Det vi uppskattar mest \u00e4r att hela paketet \u00e4r s\u00e5 sammanh\u00e5llet. Basen erbjuder en verkligt solid Direct Drive, med sin egen k\u00e4nsla och gott om utrymme f\u00f6r f\u00f6rb\u00e4ttringar. Ratten som medf\u00f6ljer \u00e4r komplett och v\u00e4l genomt\u00e4nkt f\u00f6r anv\u00e4ndning i flera sammanhang (GT, touring, lite proto, lite F1 casual). Och det omgivande ekosystemet inneb\u00e4r att du kan uppgradera din installation utan att byta m\u00e4rke. F\u00f6rh\u00e5llandet precision \/ komfort \/ m\u00e5ngsidighet \u00e4r helt klart dess starka punkt.<\/span><\/p>\n<p><span style=\"font-weight: 400;\">En annan positiv punkt \u00e4r l\u00e4sbarheten hos force feedback. N\u00e4r kedjestaget \u00e4r korrekt justerat ger det mycket tydlig information utan att du uts\u00e4tts f\u00f6r on\u00f6diga vibrationer. Du kan attackera, cykla rent eller k\u00f6ra l\u00e5nga lopp utan att det k\u00e4nns som om du uts\u00e4tts f\u00f6r utrustningen. P\u00e5 en konsol med en bra pedalupps\u00e4ttning kommer du verkligen n\u00e4ra en \"seri\u00f6s\" PC-upplevelse.<\/span><\/p>\n<p><span style=\"font-weight: 400;\">\u00c5 andra sidan finns det n\u00e5gra begr\u00e4nsningar som man b\u00f6r ha i \u00e5tanke. F\u00f6r det f\u00f6rsta \u00e4r det uppenbart att priset placerar den h\u00e4r produkten i investeringskategorin, inte i kategorin impulsiv fritid. Du m\u00e5ste verkligen anv\u00e4nda den och planera att \u00e5ka med den regelbundet f\u00f6r att f\u00e5 avkastning p\u00e5 din investering. F\u00f6r det andra kan det h\u00e4nda att vissa simracers som \u00e4r mycket kr\u00e4vande n\u00e4r det g\u00e4ller rena material tycker att ratten \u00e4r lite mindre attraktiv \u00e4n en toppmodell i metall\/l\u00e4der. Slutligen kan det slutna ekosystemet ses som en nackdel om du gillar att blanda olika m\u00e4rken eller meka med saker.<\/span><\/p>\n<p><span style=\"font-weight: 400;\">F\u00f6r en sporadisk spelare som bara l\u00e4gger n\u00e5gra timmar i m\u00e5naden p\u00e5 ett racingspel kan investeringen verka oproportionerlig. F\u00f6r en entusiast som k\u00f6r ofta, s\u00e4rskilt p\u00e5 GT och PC, blir positioneringen logisk.<\/span><\/p>\n<p>&nbsp;<\/p>\n<h2><span style=\"font-weight: 400;\">Utl\u00e5tande<\/span><\/h2>\n<p><span style=\"font-weight: 400;\">Fanatec GT DD Extreme \u00e4r inte bara ett trevligt paket f\u00f6r Gran Turismo-marknadsf\u00f6ring. Den f\u00f6r\u00e4ndrar verkligen inst\u00e4llningarna, s\u00e4rskilt om du kommer fr\u00e5n en remdriven ratt eller en liten Direct Drive i instegsklassen. Du f\u00e5r mer finess, kontroll och sj\u00e4lvf\u00f6rtroende i alla k\u00f6rfaser.<\/span><\/p>\n<p><span style=\"font-weight: 400;\">P\u00e5 marknaden \u00e4r den helt klart i premiumsegmentet f\u00f6r konsumenter: mer tillg\u00e4nglig och l\u00e4ttare att leva med \u00e4n vissa mycket avancerade modul\u00e4ra l\u00f6sningar, men mycket mer seri\u00f6s \u00e4n en vanlig plug-and-play-ratt. Det \u00e4r en central produkt f\u00f6r alla som vill ta simracing p\u00e5 allvar, p\u00e5 konsol eller PC.<\/span><\/p>\n<p><span style=\"font-weight: 400;\">Jag skulle rekommendera den till alla som vill ha ett enda Direct Drive-hjul som kan g\u00f6ra allt ordentligt, utan att g\u00e5 vilse i tio olika konfigurationer. Om du redan k\u00f6r mycket, vill ha en mer realistisk upplevelse och \u00e4r beredd att investera i en h\u00e5llbar bas, \u00e4r det helt klart vettigt. Om du s\u00e4llan spelar eller bara vill prova p\u00e5 simracing till en l\u00e4gre kostnad \u00e4r det h\u00e4r inte den b\u00e4sta v\u00e4gen in.<\/span><\/p>\n<p><span style=\"font-weight: 400;\">Om du letar efter en kraftfull, ren, m\u00e5ngsidig och PlayStation\/PC-kompatibel Direct Drive kan denna GT DD Extreme g\u00f6ra hela skillnaden f\u00f6r din installation.<\/span><\/p>","protected":false},"excerpt":{"rendered":"<p>GT DD Extreme ger ren, kraftfull och mycket l\u00e4sbar kraft\u00e5terkoppling, med en verklig \u00f6kning av kontrollen j\u00e4mf\u00f6rt med enklare baser. Den \u00e4r perfekt f\u00f6r vanliga simracerf\u00f6rare p\u00e5 PlayStation eller PC som vill ta sitt spel till n\u00e4sta niv\u00e5. Ett sammanh\u00e4ngande och h\u00e5llbart paket f\u00f6r \u00f6kad inlevelse utan att g\u00e5 in i \"proffskategorin\".<\/p>","protected":false},"featured_media":101316,"comment_status":"open","ping_status":"closed","template":"","meta":{"_acf_changed":false,"_et_pb_use_builder":"","_et_pb_old_content":"","_et_gb_content_width":""},"product_brand":[158],"product_cat":[161,173,171,172],"product_tag":[149,159],"class_list":{"0":"post-101315","1":"product","2":"type-product","3":"status-publish","4":"has-post-thumbnail","6":"product_brand-fanatec","7":"product_cat-volant","8":"product_cat-volants-fanatec","9":"product_cat-volants-ps4","10":"product_cat-volants-ps5","11":"product_tag-pc","12":"product_tag-playstation","14":"first","15":"instock","16":"shipping-taxable","17":"product-type-external"},"acf":[],"_links":{"self":[{"href":"https:\/\/simracergear.com\/sv\/wp-json\/wp\/v2\/product\/101315","targetHints":{"allow":["GET"]}}],"collection":[{"href":"https:\/\/simracergear.com\/sv\/wp-json\/wp\/v2\/product"}],"about":[{"href":"https:\/\/simracergear.com\/sv\/wp-json\/wp\/v2\/types\/product"}],"replies":[{"embeddable":true,"href":"https:\/\/simracergear.com\/sv\/wp-json\/wp\/v2\/comments?post=101315"}],"wp:featuredmedia":[{"embeddable":true,"href":"https:\/\/simracergear.com\/sv\/wp-json\/wp\/v2\/media\/101316"}],"wp:attachment":[{"href":"https:\/\/simracergear.com\/sv\/wp-json\/wp\/v2\/media?parent=101315"}],"wp:term":[{"taxonomy":"product_brand","embeddable":true,"href":"https:\/\/simracergear.com\/sv\/wp-json\/wp\/v2\/product_brand?post=101315"},{"taxonomy":"product_cat","embeddable":true,"href":"https:\/\/simracergear.com\/sv\/wp-json\/wp\/v2\/product_cat?post=101315"},{"taxonomy":"product_tag","embeddable":true,"href":"https:\/\/simracergear.com\/sv\/wp-json\/wp\/v2\/product_tag?post=101315"}],"curies":[{"name":"wp","href":"https:\/\/api.w.org\/{rel}","templated":true}]}}