{"id":101406,"date":"2025-05-15T08:09:00","date_gmt":"2025-05-15T08:09:00","guid":{"rendered":"https:\/\/simracergear.com\/products\/moza-handbrake-shifter-table-clamp\/"},"modified":"2025-11-28T05:24:14","modified_gmt":"2025-11-28T05:24:14","slug":"moza-handbrake-shifter-table-clamp","status":"publish","type":"product","link":"https:\/\/simracergear.com\/sv\/products\/moza-handbrake-shifter-table-clamp\/","title":{"rendered":"MOZA kl\u00e4mma f\u00f6r handbroms\/v\u00e4xelbord"},"content":{"rendered":"<h2>MOZA Handbrake \/ Shifter Table Clamp: test &amp; recension av ett smart st\u00f6d f\u00f6r kr\u00e4vande simf\u00f6rare<\/h2>\n<p>MOZA Handbrake \/ Shifter Table Clamp faller inom en mycket speciell kategori av simracing: tillbeh\u00f6r som inte f\u00e5r dig att dr\u00f6mma f\u00f6rst, men som kan f\u00f6r\u00e4ndra ergonomin i en installation. H\u00e4r pratar vi inte om ett Direct Drive-kedjestag eller ett vevparti, utan om en bordskl\u00e4mma som \u00e4r utformad f\u00f6r att f\u00e4sta en handbroms och en v\u00e4xelspak snyggt, utan en full cockpit.<\/p>\n<p>P\u00e5 papperet \u00e4r l\u00f6ftet enkelt: att erbjuda en solid, justerbar plug &amp; play-l\u00f6sning f\u00f6r dem som anv\u00e4nder ett skrivbord eller ett litet rattst\u00f6d, samtidigt som den f\u00f6rblir kompatibel med de flesta MOZA-v\u00e4xlar och handbromsar (och eventuellt andra m\u00e4rken med lite DIY). Med andra ord, mer komfort och realism utan att beh\u00f6va investera i ett r\u00f6rformat chassi.<\/p>\n<p>Min analysvinkel \u00e4r tv\u00e5faldig: \u00e5 ena sidan byggkvalitet och styvhet, eftersom en v\u00e4xelspak som r\u00f6r sig f\u00f6rst\u00f6r all inlevelse. \u00c5 andra sidan \u00e4r den enkel att integrera i en riktig setup: h\u00f6jd- och vinkeljusteringar, kompatibilitet med olika kedjehjul och stabilitet i spelet. M\u00e5let \u00e4r att se om den h\u00e4r kl\u00e4mman f\u00f6rtj\u00e4nar sin plats i en seri\u00f6s setup, eller om det bara \u00e4r ett fels\u00f6kningstillbeh\u00f6r med en n\u00e5got b\u00e4ttre finish \u00e4n de generiska l\u00f6sningarna.<\/p>\n<h2>Design och tillverkning: en kl\u00e4mma som utstr\u00e5lar sj\u00e4lvf\u00f6rtroende<\/h2>\n<p>Det f\u00f6rsta du l\u00e4gger m\u00e4rke till \u00e4r konstruktionen helt i metall. MOZA Table Clamp ger omedelbart ett intryck av t\u00e4thet och allvar. Plattorna \u00e4r tjocka, strukturen \u00e4r kompakt och visuellt \u00e4r det mer som ett cockpitelement \u00e4n ett enkelt skrivbordstillbeh\u00f6r. Ingenting k\u00e4nns ih\u00e5ligt eller br\u00e4ckligt i handen.<\/p>\n<p>Ytan \u00e4r ren, med en matt svart behandling som minskar fingeravtryck. Kanterna \u00e4r v\u00e4lbearbetade och har inga vassa kanter. Vred och skruvar inger f\u00f6rtroende: n\u00e4r du drar \u00e5t dem k\u00e4nner du att de kommer att h\u00e5lla. K\u00e4nslan av ett monolitiskt block \u00e4r mycket betryggande, s\u00e4rskilt n\u00e4r man vet vad en H-formad v\u00e4xelspak kan utst\u00e5 n\u00e4r den anv\u00e4nds lite aggressivt.<\/p>\n<p>N\u00e4r det g\u00e4ller styvhet \u00e4r detta helt klart den starkaste punkten. N\u00e4r kl\u00e4mman v\u00e4l har dragits \u00e5t till r\u00e4tt plats (rimlig tjocklek, stabil platta) \u00e4r parasitr\u00f6relserna mycket begr\u00e4nsade. Du kan dra h\u00e5rt i handbromsen utan att hela enheten b\u00f6rjar vibrera i alla riktningar. F\u00f6r en kontorsorienterad produkt \u00e4r det ett verkligt plus. Det \u00e4r l\u00e5ngt ifr\u00e5n kl\u00e4mmor av tunn pl\u00e5t eller plastf\u00e4sten som b\u00f6jer sig.<\/p>\n<p>Nackdelen \u00e4r att det hela \u00e4r ganska massivt och lite \"industriellt\". Om du hoppas p\u00e5 ett litet, diskret tillbeh\u00f6r som sm\u00e4lter in i ditt vardagsrum \u00e4r det h\u00e4r inte riktigt r\u00e4tt id\u00e9. Den h\u00e4r kl\u00e4mman antar sitt rena sim racing-utseende. P\u00e5 vissa mycket tunna eller \u00f6mt\u00e5liga skrivbord kan vikten och kl\u00e4mtrycket ocks\u00e5 bli en uppm\u00e4rksamhetspunkt.<\/p>\n<p>J\u00e4mf\u00f6rt med andra universella kl\u00e4mmor p\u00e5 marknaden \u00e4r MOZA helt klart ett steg \u00f6ver n\u00e4r det g\u00e4ller upplevd kvalitet och styvhet. \u00c5 andra sidan \u00e4r den mindre m\u00e5ngsidig \u00e4n vissa multiplattformsf\u00e4sten som multiplicerar h\u00e5len f\u00f6r allt och alla. H\u00e4r \u00e4r logiken tydligt inriktad p\u00e5 MOZA-ekosystemet, \u00e4ven om du alltid kan anpassa det med anpassade skruvar och plattor.<\/p>\n<h2>Inst\u00e4llningar, anpassning och kompatibilitet: praktiskt, men MOZA f\u00f6rst<\/h2>\n<p>D\u00e4r denna kl\u00e4mma verkligen kommer till sin r\u00e4tt \u00e4r n\u00e4r det g\u00e4ller inst\u00e4llningar. Strukturen g\u00f6r att du kan montera en v\u00e4xelspak, en handbroms eller b\u00e5da, med god marginal f\u00f6r justering i h\u00f6jdled och fram\u00e5t\/bak\u00e5t. Spaken kan placeras bredvid ratten, lite l\u00e4ngre bak eller l\u00e4ngre fram, beroende p\u00e5 vad du f\u00f6redrar. Justeringen sker via konventionella skruvar och avl\u00e5nga sp\u00e5r, inte via ett snabbinst\u00e4llningssystem, s\u00e5 det tar lite tid i b\u00f6rjan, men sedan r\u00f6r det sig inte.<\/p>\n<p>Plattans vinkel \u00e4r ocks\u00e5 justerbar, vilket \u00e4r mycket viktigt f\u00f6r en vertikal eller l\u00e4tt lutande handbroms. Du kan uppn\u00e5 en position som ligger ganska n\u00e4ra den f\u00f6r ett cockpitf\u00e4ste, \u00e4ven om du sitter p\u00e5 ett skrivbord. F\u00f6r en H-formad v\u00e4xelspak f\u00e5r du en trov\u00e4rdig h\u00f6jd i f\u00f6rh\u00e5llande till ratten utan att beh\u00f6va h\u00e5lla p\u00e5 med shims \u00f6verallt. Det \u00e4r den h\u00e4r typen av detaljer som g\u00f6r att upplevelsen i spelet k\u00e4nns naturlig.<\/p>\n<p>N\u00e4r det g\u00e4ller kompatibilitet \u00e4r det uppenbara m\u00e5let MOZA-kringutrustning: v\u00e4xelspak, handbroms och mer allm\u00e4nt resten av ekosystemet. H\u00e5len \u00e4r utformade f\u00f6r detta \u00e4ndam\u00e5l, s\u00e5 integrationen \u00e4r enkel och okomplicerad. F\u00f6r andra m\u00e4rken \u00e4r det inte om\u00f6jligt, men ibland beh\u00f6ver du en adapter, extra h\u00e5l eller en mellanplatta f\u00f6r att f\u00e5 det r\u00e4tt. Om du letar efter en universell 100 % \u00e4r det inte den mest plug &amp; play-l\u00f6sningen.<\/p>\n<p>Sj\u00e4lva kl\u00e4mman inneh\u00e5ller ingen PC- eller konsollogik, eftersom den endast \u00e4r ett mekaniskt st\u00f6d. Kompatibiliteten beror d\u00e4rf\u00f6r helt och h\u00e5llet p\u00e5 vilken kringutrustning som monteras p\u00e5 kl\u00e4mman. Det enda du beh\u00f6ver kontrollera \u00e4r tjockleken och soliditeten p\u00e5 skrivbordets eller stativets ovansida. Kl\u00e4msystemet accepterar ett brett spektrum, men en bricka som \u00e4r f\u00f6r tunn, f\u00f6r mjuk eller mycket r\u00e4fflad kan begr\u00e4nsa den potentiella styvheten.<\/p>\n<p>N\u00e4r det g\u00e4ller uppgraderingsm\u00f6jligheter \u00e4r det ett tillbeh\u00f6r som helt klart kan h\u00e5lla j\u00e4mna steg med utvecklingen. Det fungerar mycket bra i en liten skrivbordsinstallation, men det kan ocks\u00e5 anv\u00e4ndas p\u00e5 ett st\u00f6rre stativ eller i en \"l\u00e4tt\" cockpit som saknar f\u00e4stpunkter f\u00f6r v\u00e4xlar\/handbromsar. Det \u00e4r en mer l\u00e5ngsiktig investering \u00e4n vad det verkar, s\u00e4rskilt om du h\u00e5ller dig till MOZA-ekosystemet.<\/p>\n<h2>K\u00e4nslor i leken: stabilitet, sj\u00e4lvf\u00f6rtroende och mer naturliga r\u00f6relser<\/h2>\n<p>\u00c4ven om kl\u00e4mman i sig inte genererar n\u00e5gon kraft \u00e4r dess inflytande p\u00e5 spelk\u00e4nslan p\u00e5tagligt. Allt handlar om kontrollernas stabilitet och position. N\u00e4r v\u00e4xelspaken och handbromsen sitter fast p\u00e5 ett st\u00f6d som inte r\u00f6r sig blir varje r\u00f6relse mer exakt och repeterbar. Hj\u00e4rnan slutar kompensera f\u00f6r parasit\u00e4ra r\u00f6relser och du kan koncentrera dig p\u00e5 att k\u00f6ra.<\/p>\n<p>P\u00e5 en handbroms m\u00e4rks skillnaden omedelbart i frig\u00f6ringsfasen. Vid drifting eller rally drar man ofta mycket h\u00e5rt i spaken. Med en kl\u00e4mma av d\u00e5lig kvalitet b\u00f6rjar hela enheten r\u00f6ra sig, skrivbordet vibrerar och k\u00e4nslan av proportionering f\u00f6rsvinner. H\u00e4r tar MOZA Clamp det hela med ro. Du v\u00e5gar verkligen dra som du skulle g\u00f6ra p\u00e5 en riktig bil, utan r\u00e4dsla f\u00f6r att f\u00f6rvr\u00e4nga kl\u00e4mman. Som ett resultat blir glidkontrollen mer intuitiv. Det \u00e4r l\u00e4ttare att n\u00e5 omr\u00e5det d\u00e4r bilen sv\u00e4nger utan att snurra ut.<\/p>\n<p>F\u00f6r en H-formad v\u00e4xelspak p\u00e5verkar styvheten fr\u00e4mst precisionen i v\u00e4xlingarna. N\u00e4r basen p\u00e5 v\u00e4xelspaken \u00e4r v\u00e4l underst\u00f6dd blir v\u00e4xell\u00e5sningen skarpare, diagonalerna renare och du missar f\u00e4rre v\u00e4xlar vid snabba v\u00e4xlingar. Du drar st\u00f6rre nytta av den mekaniska k\u00e4nslan hos sj\u00e4lva v\u00e4xelspaken. Under l\u00e5nga sessioner \u00e4r det den h\u00e4r typen av detaljer som f\u00f6rhindrar mental tr\u00f6tthet: du litar p\u00e5 din utrustning och dina r\u00f6relser blir automatiska.<\/p>\n<p>N\u00e4r det g\u00e4ller kurvtagningsf\u00f6rm\u00e5gan inneb\u00e4r den optimerade placeringen av v\u00e4xelspak eller handbroms att f\u00f6rarens r\u00f6relser \u00e4r b\u00e4ttre synkroniserade med vad bilen g\u00f6r. En handbroms som \u00e4r placerad till h\u00f6ger, i h\u00f6jd med armst\u00f6det, g\u00f6r att last\u00f6verf\u00f6ringen blir mycket mer naturlig n\u00e4r man k\u00f6r genom h\u00e5rn\u00e5lar eller glider in i kurvor. Du vinner i timing. Du bromsar, du sl\u00e4pper gasen, du gasar p\u00e5 igen: allt sker snabbare och smidigare.<\/p>\n<p>Det finns ocks\u00e5 en indirekt p\u00e5verkan p\u00e5 vibratorerna och de uppr\u00f6rda faserna. En v\u00e4xelspak som tidigare gungade p\u00e5 en l\u00e4tt kl\u00e4mma h\u00e5ller sig nu helt i linje, \u00e4ven n\u00e4r FFB-basen skakar skrivbordet. Rattljudet f\u00e5r inte l\u00e4ngre hela bilen att vibrera. Snabb korrigering med ratten, nedv\u00e4xling med v\u00e4xelspaken och enstaka tryck p\u00e5 handbromsen blir oberoende \u00e5tg\u00e4rder utan fysisk inblandning. Du beh\u00e5ller kontrollen.<\/p>\n<p>N\u00e4r man st\u00e4lls inf\u00f6r ett billigt st\u00f6d eller en enkel plastkl\u00e4mma \u00e4r skillnaden i sj\u00e4lvf\u00f6rtroende tydlig. Du har inte l\u00e4ngre den d\u00e4r lilla oron \"om jag tar i f\u00f6r h\u00e5rt kommer allt att r\u00f6ra sig\" som f\u00e5r dig att h\u00e5lla tillbaka dina r\u00f6relser. J\u00e4mf\u00f6rt med en riktig tubul\u00e4r cockpit \u00e4r MOZA Table Clamp fortfarande ett sn\u00e4pp l\u00e4gre p\u00e5 mycket extrema inst\u00e4llningar (stor FFB + medelstort skrivbord), men p\u00e5 ett anst\u00e4ndigt skrivbord kommer den mycket n\u00e4ra.<\/p>\n<p>Den h\u00e4r kl\u00e4mman kommer inte att f\u00f6rvandla en vanlig handbroms till ett ultimat vapen, men den kommer att g\u00f6ra det m\u00f6jligt f\u00f6r dig att f\u00e5 ut det mesta av en bra handbroms eller v\u00e4xelspak. Det \u00e4r d\u00e4r det verkligen f\u00f6r\u00e4ndrar upplevelsen. Konsistensen under l\u00e5nga sessioner blir b\u00e4ttre, tr\u00f6ttheten fr\u00e5n parasit\u00e4ra r\u00f6relser minskar och den \u00f6vergripande k\u00e4nslan av kontroll \u00f6kar. Du k\u00e4nner att din setup \u00e4r mer \"seri\u00f6s\", \u00e4ven om den fortfarande \u00e4r centrerad kring ett enkelt skrivbord.<\/p>\n<h2>Vem \u00e4r den till f\u00f6r? Vad vi gillar, vad vi inte gillar<\/h2>\n<p>Detta st\u00f6d riktar sig tydligt till datorsimulerade racerf\u00f6rare som vill ha en h\u00f6gre niv\u00e5 av realism utan att omedelbart uppgradera till en full cockpit. Typisk profil: PC- eller konsolspelare med en redan seri\u00f6s ratt (t.ex. mellanklass Direct Drive eller solid belt base), som vill l\u00e4gga till handbroms och v\u00e4xelspak utan att f\u00f6rvandla vardagsrummet till ett k\u00f6rcenter. Medelgoda eller erfarna f\u00f6rare kommer att tycka att den \u00e4r mer v\u00e4rdefull \u00e4n den rena nyb\u00f6rjaren, helt enkelt eftersom de kommer att utnyttja positionerings- och styvhetspotentialen i st\u00f6rre utstr\u00e4ckning.<\/p>\n<p>Det jag s\u00e4rskilt gillar \u00e4r den \u00f6vergripande soliditeten. Det k\u00e4nns att kl\u00e4mman har utformats f\u00f6r att klara \u00e5ratal av h\u00e5rd anv\u00e4ndning. Sedan har vi styvheten under belastning: f\u00f6r en skrivbordsorienterad produkt \u00e4r den definitivt \u00f6ver genomsnittet, och den f\u00f6r\u00e4ndrar s\u00e4ttet du drar i handbromsen p\u00e5. Slutligen, integrationen i MOZA:s ekosystem: allt kan monteras snyggt, utan n\u00e5gon DIY, med estetisk sammanh\u00e5llning och genomt\u00e4nkt ergonomi. Det k\u00e4nns som ett komplett paket snarare \u00e4n en eftertanke.<\/p>\n<p>Det finns dock gr\u00e4nser. Den f\u00f6rsta \u00e4r att den \u00e4r mycket MOZA-orienterad direkt ur l\u00e5dan. Om din installation best\u00e5r av flera olika m\u00e4rken kan du beh\u00f6va anpassa dig lite, eller till och med leta efter en mer universell l\u00f6sning. F\u00f6r det andra \u00e4r det vikten och storleken: p\u00e5 ett litet, l\u00e4tt skrivbord kan det vara lite oproportionerligt, med ett h\u00f6gt kl\u00e4mtryck som inte \u00e4r idealiskt f\u00f6r \u00f6mt\u00e5liga toppar. Slutligen kan priset vara lite v\u00e4l h\u00f6gt f\u00f6r vad som i slut\u00e4ndan \u00e4r ett stativ. Det h\u00e4r \u00e4r en mer seri\u00f6s investering \u00e4n en vanlig kl\u00e4mma, och du m\u00e5ste verkligen vilja optimera din k\u00f6rst\u00e4llning f\u00f6r att motivera den.<\/p>\n<p>N\u00e4r det g\u00e4ller det upplevda v\u00e4rdet beror allt p\u00e5 var du kommer ifr\u00e5n. Om du kommer fr\u00e5n en grov upps\u00e4ttning, med en v\u00e4xelspak tejpad p\u00e5 skrivbordskanten eller en handbroms f\u00e4st p\u00e5 en billig kl\u00e4mma, \u00e4r den upplevda skillnaden v\u00e4l v\u00e4rd intr\u00e4desbiljetten. Om du redan \u00e4r n\u00e4ra att byta till en komplett cockpit kan det vara smartare att fundera p\u00e5 den \u00f6vergripande visionen f\u00f6r din setup innan du l\u00e4gger p\u00e5 tillbeh\u00f6r.<\/p>\n<h2>Omd\u00f6me: en riktig uppgradering f\u00f6r kr\u00e4vande station\u00e4ra datorer<\/h2>\n<p>MOZA Handbrake \/ Shifter Table Clamp \u00e4r ett tillbeh\u00f6r i mellanklass\/toppklass i kategorin bordsf\u00e4sten. Det \u00e4r ingen gimmick: det strukturerar bokstavligen omr\u00e5det f\u00f6r v\u00e4xelspak\/handbroms och ger en niv\u00e5 av styvhet som oftare f\u00f6rknippas med cockpits \u00e4n med bordsinstallationer. I en installation f\u00f6r\u00e4ndrar det framf\u00f6r allt tv\u00e5 saker: f\u00f6rtroendet f\u00f6r dina r\u00f6relser och den ergonomiska \u00f6verensst\u00e4mmelsen mellan ratt, v\u00e4xelspak och handbroms.<\/p>\n<p>P\u00e5 marknaden \u00e4r den helt \u00f6verl\u00e4gsen billiga universalkl\u00e4mmor, b\u00e5de n\u00e4r det g\u00e4ller kvalitet och k\u00e4nsla. \u00c5 andra sidan \u00e4r det mindre m\u00e5ngsidigt \u00e4n en helt universell kl\u00e4mma och mindre radikalt \u00e4n ett riktigt r\u00f6rchassi. Den fungerar helt klart som en pivotpunkt f\u00f6r dem som vill professionalisera en station\u00e4r installation utan att byta till en full cockpit.<\/p>\n<p>Jag skulle rekommendera den till simuleringsf\u00f6rare som ofta k\u00f6r rally-, drift- eller H-box-bilar, som redan har ett minimum av utrustning och som \u00e4r k\u00e4nsliga f\u00f6r ergonomiska fr\u00e5gor och styvhet. F\u00f6r en tillf\u00e4llig spelare, eller f\u00f6r n\u00e5gon som redan har best\u00e4mt sig f\u00f6r att byta till en cockpit inom en snar framtid, \u00e4r det kanske inte det b\u00e4sta s\u00e4ttet att anv\u00e4nda sin budget.<\/p>\n<p>Om du p\u00e5 allvar vill st\u00e4rka din v\u00e4xlare och handbroms p\u00e5 ett skrivbord, samtidigt som du beh\u00e5ller en kompakt och uppgraderingsbar installation, kan denna MOZA Handbrake \/ Shifter Table Clamp helt klart g\u00f6ra skillnad i din installation.<\/p>","protected":false},"excerpt":{"rendered":"<p>Den h\u00e4r kl\u00e4mman gav mig k\u00e4nslan av att f\u00f6rvandla en enkel station\u00e4r installation till en mycket mer seri\u00f6s k\u00f6rst\u00e4llning, s\u00e4rskilt n\u00e4r det g\u00e4ller k\u00e4nslan av handbromsen och v\u00e4xelspaken. Det \u00e4r en vettig l\u00f6sning f\u00f6r kr\u00e4vande datorsimuleringsf\u00f6rare som redan har en del utrustning och som vill \u00f6ka komforten, precisionen och j\u00e4mnheten utan att omedelbart uppgradera till en full cockpit.<\/p>","protected":false},"featured_media":101407,"comment_status":"open","ping_status":"closed","template":"","meta":{"_acf_changed":false,"_et_pb_use_builder":"","_et_pb_old_content":"","_et_gb_content_width":""},"product_brand":[165],"product_cat":[153],"product_tag":[149],"class_list":{"0":"post-101406","1":"product","2":"type-product","3":"status-publish","4":"has-post-thumbnail","6":"product_brand-moza-racing","7":"product_cat-accessoires","8":"product_tag-pc","10":"first","11":"instock","12":"shipping-taxable","13":"product-type-external"},"acf":[],"_links":{"self":[{"href":"https:\/\/simracergear.com\/sv\/wp-json\/wp\/v2\/product\/101406","targetHints":{"allow":["GET"]}}],"collection":[{"href":"https:\/\/simracergear.com\/sv\/wp-json\/wp\/v2\/product"}],"about":[{"href":"https:\/\/simracergear.com\/sv\/wp-json\/wp\/v2\/types\/product"}],"replies":[{"embeddable":true,"href":"https:\/\/simracergear.com\/sv\/wp-json\/wp\/v2\/comments?post=101406"}],"wp:featuredmedia":[{"embeddable":true,"href":"https:\/\/simracergear.com\/sv\/wp-json\/wp\/v2\/media\/101407"}],"wp:attachment":[{"href":"https:\/\/simracergear.com\/sv\/wp-json\/wp\/v2\/media?parent=101406"}],"wp:term":[{"taxonomy":"product_brand","embeddable":true,"href":"https:\/\/simracergear.com\/sv\/wp-json\/wp\/v2\/product_brand?post=101406"},{"taxonomy":"product_cat","embeddable":true,"href":"https:\/\/simracergear.com\/sv\/wp-json\/wp\/v2\/product_cat?post=101406"},{"taxonomy":"product_tag","embeddable":true,"href":"https:\/\/simracergear.com\/sv\/wp-json\/wp\/v2\/product_tag?post=101406"}],"curies":[{"name":"wp","href":"https:\/\/api.w.org\/{rel}","templated":true}]}}