{"id":101418,"date":"2025-05-15T08:10:00","date_gmt":"2025-05-15T08:10:00","guid":{"rendered":"https:\/\/simracergear.com\/products\/moza-hgp-shifter\/"},"modified":"2025-11-28T05:25:55","modified_gmt":"2025-11-28T05:25:55","slug":"moza-hgp-shifter","status":"publish","type":"product","link":"https:\/\/simracergear.com\/sv\/products\/moza-hgp-shifter\/","title":{"rendered":"MOZA HGP v\u00e4xelspak"},"content":{"rendered":"<p>I simracingv\u00e4rlden \u00e4r H-formade v\u00e4xelspakar fortfarande en mycket k\u00e4nsloladdad accessoar. Folk k\u00f6per dem mindre av rent behov \u00e4n f\u00f6r att \u00e5teruppt\u00e4cka de mekaniska k\u00e4nslorna av en manuell v\u00e4xell\u00e5da. MOZA HGP Shifter faller tydligt in i denna kategori: en H+sekventiell v\u00e4xelspak helt i metall som \u00e4r utformad f\u00f6r att f\u00f6lja med en installation som \u00e4r inriktad p\u00e5 k\u00f6rgl\u00e4dje, drifting eller klassiska bilar. P\u00e5 papperet utlovar den en robust k\u00e4nsla, god precision och enkel integrering i MOZA:s ekosystem, samtidigt som den \u00e4r prisv\u00e4rd j\u00e4mf\u00f6rt med de mycket avancerade alternativen.<\/p>\n<p>F\u00f6r egen del n\u00e4rmade jag mig den med tv\u00e5 fr\u00e5gor i \u00e5tanke: ger den verkligen intrycket av att hantera en riktig mekanisk v\u00e4xell\u00e5da, och h\u00e5ller den f\u00f6r intensiv anv\u00e4ndning utan att bli mjuk eller bullrig efter n\u00e5gra sessioner? S\u00e5 min vinkel \u00e4r enkel: mekanisk k\u00e4nsla, upplevd kvalitet, vardaglig ergonomi och kompatibilitet med en modern simracinginstallation.<\/p>\n<p>Fr\u00e5n de allra f\u00f6rsta v\u00e4xlingarna blir m\u00e5let tydligt: MOZA siktar inte p\u00e5 en exotisk eller ultra-race-produkt bara f\u00f6r purister, utan en solid, plug and play-v\u00e4xel som kan integreras i en liten aluminiumcockpit s\u00e5v\u00e4l som i en mer seri\u00f6s installation. Det h\u00e4r \u00e4r en typisk mellanklassprodukt av h\u00f6g kvalitet, utformad f\u00f6r att h\u00e5lla l\u00e4nge utan att spr\u00e4cka den budget som redan har t\u00f6mts av ratten och pedalerna.<\/p>\n<h2>Design och tillverkning<\/h2>\n<p>B\u00e5de visuellt och i handen ger MOZA HGP Shifter ett omedelbart intryck av t\u00e4thet. Kroppen \u00e4r tillverkad av metall, med t\u00e4tt sittande paneler, lite eller inget glapp och en ren anodiserad yta. Inget k\u00e4nns ih\u00e5ligt, inget r\u00f6r sig n\u00e4r man tar ett fast grepp. Man f\u00e5r en k\u00e4nsla av att MOZA till varje pris ville undvika \"leksakseffekten\". Vikten och den \u00f6vergripande styvheten inger f\u00f6rtroende, s\u00e4rskilt om du planerar att installera den p\u00e5 en aluminiumprofil eller en robust cockpit.<\/p>\n<p>Sj\u00e4lva spaken \u00e4r tillverkad av metall och har en relativt enkel ratt av typen \"sport\". I handen varken glider eller kliar den och k\u00e4nslan \u00e4r ganska neutral, s\u00e5 du kan k\u00f6ra utan handskar utan att det k\u00e4nns obehagligt. V\u00e4xlingarna ger ett rent intryck, med en tydlig l\u00e5sning i v\u00e4xlarna. Vi talar inte om den extrema h\u00e5rdheten hos en mycket torr 100 % racingv\u00e4xel, utan om en gyllene medelv\u00e4g: tillr\u00e4ckligt motst\u00e5nd f\u00f6r att ge karakt\u00e4r, men inte s\u00e5 mycket att handen blir tr\u00f6tt efter en timme.<\/p>\n<p>Det som verkligen f\u00f6rv\u00e5nar \u00e4r att tillverkningsprocessen \u00e4r s\u00e5 konsekvent. Skruvarna, rutm\u00f6nstret och de sm\u00e5 detaljerna ger intryck av en f\u00e4rdig produkt, inte en industriell prototyp. De mekaniska klickljuden \u00e4r h\u00f6rbara men inte aggressiva. Det \u00e4r mekaniskt, men inte jordbruk. P\u00e5 ett skrivbord kan det verka lite bullrigt i en mycket tyst milj\u00f6, men i en dedikerad cockpit \u00e4r niv\u00e5n helt acceptabel.<\/p>\n<p>Det som \u00e4r en liten besvikelse \u00e4r estetiken och den sekund\u00e4ra finishen. Vredet, till exempel, g\u00f6r jobbet men saknar karakt\u00e4ren hos en \u00e4del anpassad v\u00e4xelspak. Man f\u00e5r k\u00e4nslan av att den \u00e4r designad f\u00f6r att vara funktionell snarare \u00e4n f\u00f6r att inspirera. J\u00e4mf\u00f6rt med n\u00e5gra av de dyrare konkurrenterna kanske den framst\u00e5r som n\u00e5got mindre premium n\u00e4r det g\u00e4ller designdetaljer, men n\u00e4r det g\u00e4ller upplevd robusthet \u00e4r den helt klart i r\u00e4tt liga. J\u00e4mf\u00f6rt med mer plastiga eller l\u00e4ttare v\u00e4xlar \u00e4r skillnaden i soliditet omedelbart uppenbar.<\/p>\n<h2>Inst\u00e4llningar, anpassning och kompatibilitet<\/h2>\n<p>N\u00e4r det g\u00e4ller inst\u00e4llningar \u00e4r MOZA HGP Shifter ganska okomplicerad. Det \u00e4r inte en produkt fullpackad med menyer, men de justeringar som erbjuds \u00e4r relevanta f\u00f6r vardaglig simracing. L\u00e5skraften och den \u00f6vergripande k\u00e4nslan dikteras till stor del av den interna mekaniken. Vi har inte tillg\u00e5ng till ett o\u00e4ndligt antal fysiska inst\u00e4llningar, men kalibrering via MOZA Pit House-programvaran g\u00f6r att vi kan justera beteendet rent och se till att varje v\u00e4xel uppt\u00e4cks utan d\u00f6da zoner eller falsk neutral.<\/p>\n<p>Den stora styrkan hos HGP \u00e4r dess dubbla l\u00e4ge: H-m\u00f6nster och sekventiellt. V\u00e4xlingen fr\u00e5n det ena till det andra sker via en s\u00e4rskild mekanism, utan att beh\u00f6va demontera halva v\u00e4xelspaken. Detta \u00e4r ett verkligt plus n\u00e4r det g\u00e4ller att v\u00e4xla mellan en modern GT i sekventiellt l\u00e4ge och en \u00e4ldre touringbil i H-l\u00e4ge, utan att beh\u00f6va byta utrustning. Grid lock \u00e4r tillr\u00e4ckligt tydligt f\u00f6r att undvika att v\u00e4xla fr\u00e5n det ena l\u00e4get till det andra av misstag.<\/p>\n<p>Inl\u00e4rningskurvan \u00e4r kort. N\u00e4r v\u00e4xelspaken \u00e4r ansluten och k\u00e4nns igen av programvaran beh\u00f6ver du bara kalibrera och tilldela utv\u00e4xlingarna i spelen. F\u00f6r en simracer som redan \u00e4r van vid PC-kringutrustning kommer allting naturligt. F\u00f6r en motiverad nyb\u00f6rjare \u00e4r MOZA-gr\u00e4nssnittet tillr\u00e4ckligt tydligt f\u00f6r att undvika att g\u00e5 vilse. De verkligt anv\u00e4ndbara inst\u00e4llningarna \u00e4r kalibrering, valet av H- eller sekventiellt l\u00e4ge och eventuellt n\u00e5gra justeringar i sj\u00e4lva spelen f\u00f6r k\u00e4nslighet.<\/p>\n<p>N\u00e4r det g\u00e4ller kompatibilitet \u00e4r HGP i f\u00f6rsta hand utformad f\u00f6r PC, s\u00e4rskilt i MOZA-ekosystemet. Den ansluts direkt via USB eller via en MOZA-bas beroende p\u00e5 konfiguration, vilket g\u00f6r integrationen enkel. Med r\u00e4tt drivrutiner kan den \u00e4ven anv\u00e4ndas med andra m\u00e4rken av rattar och pedaler, f\u00f6rutsatt att du \u00e4r beredd att hantera flera kringutrustningar i Windows och i spel. P\u00e5 konsoler \u00e4r det mer beroende av st\u00f6det och hur huvudratten hanterar extern kringutrustning. Det \u00e4r helt klart inte den milj\u00f6 d\u00e4r det \u00e4r som enklast.<\/p>\n<p>N\u00e4r det g\u00e4ller uppgraderingsm\u00f6jligheter kan den h\u00e4r v\u00e4xeln anv\u00e4ndas b\u00e5de som en seri\u00f6s instegsmodell och som en l\u00e5ngsiktig l\u00f6sning. Den \u00e4r tillr\u00e4ckligt robust och m\u00e5ngsidig f\u00f6r att passa flera generationer av hjul och baser. Det \u00e4r inte en \"slit och sl\u00e4ng\"-produkt i b\u00f6rjan av sortimentet, utan snarare en strukturell del av installationen som enkelt kan f\u00f6lja med n\u00e4r resten av utrustningen uppgraderas.<\/p>\n<h2>K\u00e4nslor p\u00e5 spel<\/h2>\n<p>Det \u00e4r p\u00e5 v\u00e4gen som MOZA HGP Shifter verkligen kommer till sin r\u00e4tt. N\u00e4r cockpiten har stramats \u00e5t och handpositionen har hittats blir v\u00e4xlingarna mycket naturliga. Den mekaniska k\u00e4nslan i v\u00e4xell\u00e5dan \u00e4r mycket p\u00e5taglig: du kan tydligt k\u00e4nna n\u00e4r spaken l\u00e4mnar en v\u00e4xel och l\u00e4gger i n\u00e4sta. Styrningen i sidled \u00e4r v\u00e4ldefinierad, vilket begr\u00e4nsar felk\u00f6rningar, s\u00e4rskilt mellan 2-3 eller 4-5, de \u00f6verg\u00e5ngar som ofta \u00e4r kritiska i racing.<\/p>\n<p>I kurvorna k\u00e4nner man snabbt om gitteret \u00e4r tillr\u00e4ckligt fast f\u00f6r att klara sidotryck och kroppsr\u00f6relser. Med HGP v\u00e4xlar v\u00e4xlarna utan att spaken k\u00e4nns som om den flyter eller vibrerar f\u00f6r mycket. Du beh\u00e5ller god kontroll \u00f6ver handen, \u00e4ven i snabba sekvenser som rally eller drifting. Vi har inte den kirurgiska precisionen hos en sekventiell v\u00e4xell\u00e5da f\u00f6r ren racing, men f\u00f6r att vara en m\u00e5ngsidig H-shifter \u00e4r v\u00e4xelavl\u00e4sningen riktigt bra.<\/p>\n<p>Att l\u00e4sa av \"greppet\" genom en v\u00e4xelspak \u00e4r alltid indirekt: det \u00e4r inte en pedall\u00e5da eller en ratt. Tidpunkten f\u00f6r v\u00e4xlingarna har dock stor betydelse f\u00f6r hur du k\u00e4nner att bilen lastas eller lossas. Med MOZA HGP blir denna timing mer konsekvent, eftersom v\u00e4xlingen \u00e4r tillr\u00e4ckligt tydlig och repeterbar. Du vet n\u00e4r v\u00e4xeln \u00e4r i, vilket hj\u00e4lper till att synkronisera kopplingen och gasreglaget. Bilen reagerar p\u00e5 ett mer f\u00f6ruts\u00e4gbart s\u00e4tt, och detta m\u00e4rks s\u00e4rskilt i kurvor med bakhjulsdrift.<\/p>\n<p>N\u00e4r det g\u00e4ller vibratorer \u00e4r den st\u00f6rsta f\u00f6rdelen att v\u00e4xelspaken inte r\u00f6r sig eller deformeras i sitt f\u00e4ste. S\u00e5 l\u00e4nge som din cockpit \u00e4r ordentligt f\u00f6rstyvad tar HGP vibrationer, st\u00f6tar och rattr\u00f6relser med ro. Den g\u00e5r inte ur balans eller \u00e4ndrar sin k\u00e4nsla under en session. Denna konsekvens \u00e4r viktig f\u00f6r sj\u00e4lvf\u00f6rtroendet. Man f\u00e5r inte intrycket av att mekaniken faller s\u00f6nder efter n\u00e5gra varv.<\/p>\n<p>Under l\u00e5nga sessioner \u00e4r just konsekvens en av dess styrkor. L\u00e5skraften f\u00f6rblir densamma, inkopplingspunkten flyttar sig inte och handtr\u00f6ttheten f\u00f6rblir begr\u00e4nsad tack vare en bra kompromiss mellan motst\u00e5nd och flexibilitet. F\u00f6r uth\u00e5llighet eller upprepade sessioner under flera dagar \u00e4r detta betryggande. Du v\u00e4njer dig vid dess mekaniska signatur och den r\u00f6r sig inte. Du hittar snabbt r\u00e4tt.<\/p>\n<p>I snabba korrigeringar, till exempel i drifting eller rally, blir f\u00f6rm\u00e5gan att l\u00e4nka 2-3-4 eller 3-2-1 \u00f6verg\u00e5ngar utan att t\u00e4nka avg\u00f6rande. Det \u00e4r h\u00e4r HGP kommer till sin r\u00e4tt: rutn\u00e4tet \u00e4r tillr\u00e4ckligt l\u00e4sbart f\u00f6r att till\u00e5ta n\u00e5got aggressiva r\u00f6relser utan att multiplicera falska v\u00e4xlar. De mekaniska l\u00e5sen f\u00f6rhindrar slumpm\u00e4ssig korsning av rutn\u00e4tet. Du kommer fortfarande att tr\u00e4ffa fel v\u00e4xel d\u00e5 och d\u00e5 om du \u00e4r riktigt grov, men det beror inte p\u00e5 en brist p\u00e5 definition i h\u00e5rdvaran.<\/p>\n<p>J\u00e4mf\u00f6rt med mer grundl\u00e4ggande l\u00f6sningar, som de sm\u00e5 plastv\u00e4xlarna som \u00e4r inbyggda i vissa nyb\u00f6rjarrattar, \u00e4r det en v\u00e4rld av skillnad. K\u00e4nslan av ett metallblock, precisionen i korridorerna och konsekvensen f\u00f6r\u00e4ndrar s\u00e4ttet du spelar manuella bilar p\u00e5. Du f\u00f6rst\u00e5r b\u00e4ttre vad v\u00e4xell\u00e5dan g\u00f6r, och det f\u00f6r\u00e4ndrar ditt s\u00e4tt att k\u00f6ra. J\u00e4mf\u00f6rt med dyrare toppmodeller kommer vissa att tycka att MOZA \u00e4r n\u00e5got mindre \"skarp\" eller mindre konfigurerbar, men skillnaden i r\u00e5 gl\u00e4dje st\u00e5r inte i proportion till prisskillnaden. Det \u00e4r uppenbart att MOZA ger mycket bra valuta f\u00f6r pengarna.<\/p>\n<h2>Vem \u00e4r den till f\u00f6r? Vad vi tycker om \/ Vad vi inte tycker om<\/h2>\n<p>MOZA HGP Shifter riktar sig fr\u00e4mst till PC-simuleringsf\u00f6rare som vill l\u00e4gga till en riktig mekanisk shifter i sin setup, utan att n\u00f6dv\u00e4ndigtvis satsa p\u00e5 ultraexotisk utrustning. Motiverade nyb\u00f6rjare som precis har investerat i en bra bas och ett seri\u00f6st vevparti kan tycka att det \u00e4r ett mycket bra komplement f\u00f6r att uppt\u00e4cka heel-toe, drift eller gamla GT:er. Medelgoda eller erfarna anv\u00e4ndare kommer att tycka att det \u00e4r en p\u00e5litlig shifter, tillr\u00e4ckligt exakt f\u00f6r seri\u00f6sa ligor och t\u00e4vlingar, utan att spr\u00e4cka budgeten. P\u00e5 konsolsidan \u00e4r det viktigt att vara medveten om kompatibilitetsbegr\u00e4nsningar innan man tar steget fullt ut.<\/p>\n<p>Det jag s\u00e4rskilt gillar \u00e4r den \u00f6vergripande k\u00e4nslan av soliditet. Man v\u00e5gar verkligen s\u00e4tta i v\u00e4xlarna utan att vara r\u00e4dd f\u00f6r att n\u00e5got ska g\u00e5 s\u00f6nder. Den dubbla H+sekventiella funktionen \u00e4r ett verkligt plus i den h\u00e4r prisklassen och g\u00f6r att man inte beh\u00f6ver k\u00f6pa tv\u00e5 separata enheter. Integrationen i MOZA-ekosystemet g\u00f6r ocks\u00e5 livet enklare, med ett enda programvarupaket, centraliserad hantering och ett konsekvent utseende och k\u00e4nsla i hela cockpit.<\/p>\n<p>Gr\u00e4nserna n\u00e5s n\u00e4r man b\u00f6rjar leta efter mycket avancerade anpassningsm\u00f6jligheter. De mekaniska justeringsm\u00f6jligheterna f\u00f6rblir relativt enkla: du kan inte f\u00f6r\u00e4ndra allt n\u00e4r det g\u00e4ller kraft och k\u00e4nsla som p\u00e5 vissa v\u00e4xlar i toppklass. Estetiken kan ocks\u00e5 verka lite sober eller \"utilitaristisk\" f\u00f6r dem som gillar mycket visuellt sl\u00e5ende delar. Slutligen kan fr\u00e5gan om kompatibilitet med konsol och flera plattformar vara ett hinder f\u00f6r spelare som ofta v\u00e4xlar mellan PC och konsol utan att vilja fastna i anslutningarna.<\/p>\n<p>N\u00e4r det g\u00e4ller det upplevda v\u00e4rdet \u00e4r detta en sammanh\u00e4ngande investering. Det \u00e4r inget impulsk\u00f6p, men du f\u00e5r verkligen k\u00e4nslan av att du betalar f\u00f6r metall, riktig mekanik och ett anv\u00e4ndbart utbud av l\u00e4gen. F\u00f6r n\u00e5gon som k\u00f6r mycket H och sekventiellt \u00e4r f\u00f6rh\u00e5llandet mellan pris och erfarenhet helt klart intressant. Det h\u00e4r \u00e4r typiskt den typ av produkt som tar k\u00f6rgl\u00e4djen ett sn\u00e4pp upp utan att kr\u00e4va en fullst\u00e4ndig f\u00f6r\u00e4ndring av inst\u00e4llningen.<\/p>\n<h2>Utl\u00e5tande<\/h2>\n<p>MOZA HGP Shifter tillf\u00f6r n\u00e5got mycket verkligt till en simracingupps\u00e4ttning: en riktig mekanisk del som f\u00f6r\u00e4ndrar hur du interagerar med bilen. Det \u00e4r en utm\u00e4rkt ers\u00e4ttning f\u00f6r sm\u00e5 prylar och ger dig \u00e4ntligen k\u00e4nslan av att ha en riktig v\u00e4xell\u00e5da till hands. F\u00f6r dem som k\u00f6r m\u00e5nga bilar med manuell v\u00e4xell\u00e5da \u00e4r det en uppgradering som du kan k\u00e4nna redan fr\u00e5n de f\u00f6rsta varven och som forts\u00e4tter att l\u00f6na sig p\u00e5 l\u00e5ng sikt.<\/p>\n<p>P\u00e5 marknaden \u00e4r den tydligt positionerad som en solid mellanklassprodukt, men med premiumambitioner n\u00e4r det g\u00e4ller k\u00e4nsla och h\u00e5llbarhet. Den erbjuder inte n\u00f6dv\u00e4ndigtvis samma niv\u00e5 av anpassning som de allra b\u00e4sta v\u00e4xlarna p\u00e5 marknaden, men den erbjuder en hel del av samma robusthet och k\u00e4nsla, till ett pris som i allm\u00e4nhet \u00e4r mer \u00f6verkomligt. Det \u00e4r en intressant utg\u00e5ngspunkt f\u00f6r dem som vill utrusta sig p\u00e5 allvar utan att \u00f6verskrida budgeten.<\/p>\n<p>Jag skulle utan tvekan rekommendera det till PC-simulerare som redan har en viss erfarenhet och som vill l\u00e4gga till en p\u00e5litlig H+sekventiell l\u00f6sning i sin cockpit. F\u00f6r n\u00e5gon som bara spelar paletter p\u00e5 en konsol \u00e4r intresset begr\u00e4nsat. Om du letar efter en solid, m\u00e5ngsidig metallv\u00e4xel som kan ge dig en k\u00e4nsla som ligger mycket n\u00e4ra k\u00e4nslan i en riktig l\u00e5da, kan den h\u00e4r produkten helt klart g\u00f6ra skillnad i din installation.<\/p>","protected":false},"excerpt":{"rendered":"<p>Den h\u00e4r v\u00e4xeln ger en verklig f\u00f6rb\u00e4ttring av den mekaniska k\u00e4nslan och konsistensen, med en solid och konsekvent k\u00e4nsla som tydligt f\u00f6r\u00e4ndrar upplevelsen av manuella v\u00e4xell\u00e5dor. Framf\u00f6r allt \u00e4r det en vettig l\u00f6sning f\u00f6r PC-simulerare som redan har en del utrustning och letar efter en p\u00e5litlig H+sekventiell utan att sikta p\u00e5 ultra-premium. Sammantaget \u00e4r valuta f\u00f6r pengarna mycket \u00f6vertygande.<\/p>","protected":false},"featured_media":101419,"comment_status":"open","ping_status":"closed","template":"","meta":{"_acf_changed":false,"_et_pb_use_builder":"","_et_pb_old_content":"","_et_gb_content_width":""},"product_brand":[165],"product_cat":[152],"product_tag":[149],"class_list":{"0":"post-101418","1":"product","2":"type-product","3":"status-publish","4":"has-post-thumbnail","6":"product_brand-moza-racing","7":"product_cat-levier-de-vitesse","8":"product_tag-pc","10":"first","11":"instock","12":"shipping-taxable","13":"product-type-external"},"acf":[],"_links":{"self":[{"href":"https:\/\/simracergear.com\/sv\/wp-json\/wp\/v2\/product\/101418","targetHints":{"allow":["GET"]}}],"collection":[{"href":"https:\/\/simracergear.com\/sv\/wp-json\/wp\/v2\/product"}],"about":[{"href":"https:\/\/simracergear.com\/sv\/wp-json\/wp\/v2\/types\/product"}],"replies":[{"embeddable":true,"href":"https:\/\/simracergear.com\/sv\/wp-json\/wp\/v2\/comments?post=101418"}],"wp:featuredmedia":[{"embeddable":true,"href":"https:\/\/simracergear.com\/sv\/wp-json\/wp\/v2\/media\/101419"}],"wp:attachment":[{"href":"https:\/\/simracergear.com\/sv\/wp-json\/wp\/v2\/media?parent=101418"}],"wp:term":[{"taxonomy":"product_brand","embeddable":true,"href":"https:\/\/simracergear.com\/sv\/wp-json\/wp\/v2\/product_brand?post=101418"},{"taxonomy":"product_cat","embeddable":true,"href":"https:\/\/simracergear.com\/sv\/wp-json\/wp\/v2\/product_cat?post=101418"},{"taxonomy":"product_tag","embeddable":true,"href":"https:\/\/simracergear.com\/sv\/wp-json\/wp\/v2\/product_tag?post=101418"}],"curies":[{"name":"wp","href":"https:\/\/api.w.org\/{rel}","templated":true}]}}