{"id":101462,"date":"2025-05-15T08:11:00","date_gmt":"2025-05-15T08:11:00","guid":{"rendered":"https:\/\/simracergear.com\/products\/moza-r16-wheel-base\/"},"modified":"2025-11-28T05:32:19","modified_gmt":"2025-11-28T05:32:19","slug":"moza-r16-wheel-base","status":"publish","type":"product","link":"https:\/\/simracergear.com\/sv\/products\/moza-r16-wheel-base\/","title":{"rendered":"MOZA R16 Hjulbas"},"content":{"rendered":"<p>I v\u00e4rlden av Direct Drive-baser intar MOZA R16 en intressant plats: ett kraftfullt block, utformat f\u00f6r den kr\u00e4vande simracer, men utan att falla in i den elitistiska extremen. Den riktar sig helt klart till dem som vill ta ett stort steg fram\u00e5t n\u00e4r det g\u00e4ller inlevelse och precision, utan att n\u00f6dv\u00e4ndigtvis v\u00e4lja den mest v\u00e5ldsamma basen p\u00e5 marknaden.<\/p>\n<p>P\u00e5 papperet utlovar R16 gener\u00f6st vridmoment, detaljerad feedback och en byggkvalitet som \u00e4r v\u00e4rdig en installation i toppklass. I sj\u00e4lva verket riktar den sig framf\u00f6r allt till PC-spelare som vill ha en h\u00e5llbar bas som kan utvecklas under flera \u00e5r, samtidigt som den h\u00e5ller sig inom MOZA:s ekosystem.<\/p>\n<p>Min vinkel med R16 \u00e4r enkel: k\u00f6rk\u00e4nsla, finess i kraft\u00e5terkopplingen, komfort under l\u00e5nga sessioner och f\u00f6rm\u00e5gan att anpassa sig till olika k\u00f6rstilar. M\u00e5let \u00e4r inte att ta reda p\u00e5 om den kan ta bort armarna, utan om den verkligen hj\u00e4lper dig att f\u00e5 en b\u00e4ttre k\u00e4nsla f\u00f6r bilen och k\u00f6ra renare, mer konsekvent och med mer n\u00f6je.<\/p>\n<p>Det h\u00e4r \u00e4r en produkt som \u00e4r attraktiv eftersom den lovar att f\u00f6rvandla en \"seri\u00f6s\" installation till en \"avancerad simracinginstallation\". Fr\u00e5gan \u00e4r framf\u00f6r allt: motiverar denna bas investeringen j\u00e4mf\u00f6rt med en R9 eller en mer blygsam bas, och hur relevant \u00e4r den inf\u00f6r \u00e4nnu kraftfullare modeller?<\/p>\n<h2>Design och tillverkning<\/h2>\n<p>MOZA R16 ger omedelbart en verklig k\u00e4nsla av t\u00e4thet. Kroppen \u00e4r tillverkad av metall, med ett maskinbearbetat skal som inger f\u00f6rtroende. I handen f\u00e5r du verkligen k\u00e4nslan av ett kompakt, styvt block, utan minsta flex. Det \u00e4r den typ av bas som du inte tvekar att pressa h\u00e5rt mot en cockpit utan att vara r\u00e4dd f\u00f6r att skada den.<\/p>\n<p>Finishen \u00e4r ren, utan on\u00f6digt kr\u00e5ngel: rena kanter, enhetlig bel\u00e4ggning, seri\u00f6s montering. Kanterna \u00e4r v\u00e4larbetade, ytorna ser inte billiga ut och det hela ger ett mycket \"industriellt\" intryck i ordets r\u00e4tta bem\u00e4rkelse. Det \u00e4r l\u00e5ngt ifr\u00e5n plast- eller l\u00e4ttviktsskalen p\u00e5 de gamla remdrivna rattarna. H\u00e4r utstr\u00e5lar den h\u00e5llbarhet.<\/p>\n<p>Rattinf\u00e4stningssystemet, med den typiska MOZA-snabbkopplingen, ger ett omedelbart intryck av soliditet. Inkopplingen \u00e4r fast, utan m\u00e4rkbart glapp n\u00e4r ratten v\u00e4l \u00e4r p\u00e5 plats. Det st\u00e5r omedelbart klart att basen har utformats f\u00f6r att klara sidobelastningar, torra korrigeringar och timmar av intensiv k\u00f6rning.<\/p>\n<p>Det som kan komma som en \u00f6verraskning \u00e4r systemets storlek i f\u00f6rh\u00e5llande till dess p\u00e5st\u00e5dda effekt. Det \u00e4r inte ett skrymmande monster, men blocket \u00e4r tillr\u00e4ckligt imponerande f\u00f6r att p\u00e5minna oss om att vi inte l\u00e4ngre befinner oss i en v\u00e4rld av sm\u00e5 kontorsbaser. Du beh\u00f6ver en ordentlig, styv cockpit f\u00f6r att kunna anv\u00e4nda den med sinnesfrid.<\/p>\n<p>N\u00e4r det g\u00e4ller mindre besvikelser \u00e4r vi inte p\u00e5 samma ultralyxiga niv\u00e5 som vissa mycket exklusiva baser, d\u00e4r varje designdetalj utstr\u00e5lar \"skr\u00e4ddarsydd\". R16 \u00e4r fortfarande en effektivitetsorienterad produkt snarare \u00e4n en estetisk \"wow-effekt\". J\u00e4mf\u00f6rt med mer prisv\u00e4rda baser \u00e4r steget upp\u00e5t tydligt n\u00e4r det g\u00e4ller konstruktionen, men det \u00e4r ocks\u00e5 tydligt att MOZA har f\u00f6rs\u00f6kt hitta en balans mellan kostnad och finish.<\/p>\n<h2>Inst\u00e4llningar, anpassning och kompatibilitet<\/h2>\n<p>N\u00e4r det g\u00e4ller inst\u00e4llningar anv\u00e4nder R16 MOZA:s egenutvecklade programvara. Gr\u00e4nssnittet \u00e4r \u00f6verlag tydligt, med f\u00f6rinst\u00e4llningar f\u00f6r varje upps\u00e4ttning och m\u00f6jlighet att finjustera FFB:s beteende. De viktigaste inst\u00e4llningarna finns d\u00e4r: total kraft, filtrering, tr\u00f6ghet, d\u00e4mpare, friktion osv. Tanken \u00e4r att du ska kunna g\u00f6ra basen antingen mycket livlig och direkt, eller mjukare och filtrerad om du f\u00f6redrar n\u00e5got mer \"bekv\u00e4mt\".<\/p>\n<p>Inl\u00e4rningskurvan \u00e4r fortfarande rimlig. En ovan anv\u00e4ndare kommer snabbt att hitta en tillfredsst\u00e4llande profil utifr\u00e5n de f\u00f6rinst\u00e4llningar som finns. F\u00f6r att f\u00e5 en verkligt skr\u00e4ddarsydd k\u00e4nsla m\u00e5ste du spendera lite tid p\u00e5 att testa och finjustera. Men det h\u00e4r \u00e4r inget ohanterligt monster, och programvarans ergonomi \u00e4r ganska modern och l\u00e4ttillg\u00e4nglig.<\/p>\n<p>Kompatibiliteten \u00e4r tydligt PC-orienterad. Det \u00e4r h\u00e4r som basen kommer till sin r\u00e4tt, med korrekt integration i de viktigaste aktuella simracingtitlarna. F\u00f6r konsoler beror situationen p\u00e5 hjulen och kringutrustningen, och framf\u00f6r allt p\u00e5 de begr\u00e4nsningar som konsoltillverkarna inf\u00f6r, s\u00e5 R16 b\u00f6r framf\u00f6r allt betraktas som en bas som \u00e4r utformad f\u00f6r en PC-milj\u00f6. Detta \u00e4r en viktig punkt om du huvudsakligen spelar p\u00e5 konsoler.<\/p>\n<p>MOZA-ekosystemet runt R16 \u00e4r ett riktigt f\u00f6rs\u00e4ljningsargument: flera kompatibla rattar, pedaler, v\u00e4xlar, handbromsar, instrumentpaneler ... Allt integreras ganska bra, med snabbkopplingen som uppmuntrar dig att byta ratt beroende p\u00e5 disciplin. Det \u00e4r en bas som kan bli mittpunkten i en komplett installation, utan behov av DIY-anpassningar.<\/p>\n<p>N\u00e4r det g\u00e4ller uppgraderingsm\u00f6jligheterna \u00e4r R16 verkligen inte en enkel instegsmodell. Det \u00e4r snarare en medel- till l\u00e5ngsiktig investering f\u00f6r en simracer som vill ha en bas som kan h\u00e5lla j\u00e4mna steg med hans framsteg. Du kan b\u00f6rja med en enkel MOZA-installation baserad p\u00e5 R16 och sedan uppgradera cockpit, pedaler och rattar utan att n\u00e5gonsin k\u00e4nna att basen begr\u00e4nsar din potential.<\/p>\n<h2>K\u00e4nslor p\u00e5 spel<\/h2>\n<p>P\u00e5 den virtuella banan utm\u00e4rker sig MOZA R16 f\u00f6r den \u00f6vergripande precisionen i sin force feedback. Det f\u00f6rsta som sl\u00e5r dig \u00e4r hur den levererar information fr\u00e5n v\u00e4gen utan att verka slarvig. Det tillg\u00e4ngliga vridmomentet \u00e4r mer \u00e4n tillr\u00e4ckligt f\u00f6r att ge en fast, konsekvent ratt, men det verkliga intresset ligger i finessen i mikrovariationerna i kraft.<\/p>\n<p>I kurvorna \u00e4r greppavl\u00e4sningarna mycket tydliga. Det \u00e4r l\u00e4tt att k\u00e4nna n\u00e4r du b\u00f6rjar komma ig\u00e5ng, n\u00e4r framvagnen b\u00f6rjar bli m\u00e4ttad och sedan \u00f6verg\u00e5ngen till understyrning eller hala k\u00f6regenskaper. D\u00e4r en mer blygsam basbil kan sl\u00e4ta ut dessa \u00f6verg\u00e5ngar lite, beh\u00e5ller R16 en progressiv men exakt karakt\u00e4r. Du kan k\u00e4nna hur bilen laddar och lossar utan att beh\u00f6va \u00f6vertolka vad ratten g\u00f6r.<\/p>\n<p>P\u00e5 vibratorer g\u00f6r basen ett bra jobb. De klassiska trottoarkanterna k\u00e4nns v\u00e4l, med en trov\u00e4rdig granularitet. Du f\u00e5r inte intrycket av att allt f\u00f6rvandlas till konstgjorda vibrationer. Beroende p\u00e5 inst\u00e4llningarna kan dessa effekter accentueras eller sl\u00e4tas ut, men \u00e4ven med en ganska filtrerad profil finns det fortfarande en tydlig skillnad mellan en aggressiv vibrator och en mjukare. Det \u00e4r den h\u00e4r typen av detaljer som hj\u00e4lper dig att positionera bilen med centimeternoggrannhet utan att beh\u00f6va titta f\u00f6r mycket p\u00e5 de visuella signalerna.<\/p>\n<p>Vid snabba korrigeringar visar R16 sin verkliga potential. N\u00e4r bakvagnen stannar eller bilen \u00f6verstyr reagerar basen snabbt, utan n\u00e5gon m\u00e4rkbar f\u00f6rdr\u00f6jning, och skickar tillbaka till f\u00f6raren vad han beh\u00f6ver k\u00e4nna f\u00f6r att g\u00f6ra en ren upph\u00e4mtning. Du f\u00e5r inte den d\u00e4r k\u00e4nslan av tyngd eller tr\u00f6ghet som du kan f\u00e5 fr\u00e5n n\u00e5gra av de mindre responsiva baserna. Du kan verkligen l\u00e5ta dina reflexer tala, utan att k\u00e4mpa mot utrustningen.<\/p>\n<p>Under l\u00e5nga sessioner \u00e4r FFB:s konsistens bra. Basen k\u00e4nns inte s\u00e5 varm att den \u00e4ndrar sitt beteende. Styrkan f\u00f6rblir stabil och detaljerna finns kvar. Detta \u00e4r viktigt f\u00f6r uth\u00e5llighetsstafetter eller l\u00e5nga kv\u00e4llar med ligaracing: du beh\u00e5ller samma k\u00e4nsla fr\u00e5n f\u00f6rsta till sista varvet. Komforten kommer sedan fr\u00e5n m\u00f6jligheten att anpassa den maximala kraften: R16 kan st\u00e4llas in f\u00f6r att vara fysisk, men den kan ocks\u00e5 lugnas ner f\u00f6r att undvika \u00f6verdriven tr\u00f6tthet utan att f\u00f6rlora all finess i informationen.<\/p>\n<p>N\u00e4r det g\u00e4ller inlevelse \u00e4r vi helt klart ett steg \u00f6ver en remdriven bas eller en liten Direct Drive p\u00e5 instegsniv\u00e5. Ratten verkar vara \"l\u00e4nkad\" till bilen p\u00e5 ett mer naturligt s\u00e4tt. Du f\u00f6rst\u00e5r omedelbart vad framaxeln g\u00f6r. Du f\u00e5r en b\u00e4ttre k\u00e4nsla f\u00f6r strukturen i det virtuella chassit, f\u00f6r oj\u00e4mnheter och ytf\u00f6r\u00e4ndringar. Det \u00e4r h\u00e4r som basen verkligen f\u00f6r\u00e4ndrar upplevelsen: du k\u00f6r mer med h\u00e4nderna och kroppen, mindre med \u00f6gonen.<\/p>\n<p>J\u00e4mf\u00f6rt med en mindre kraftfull bas ligger vinsten fr\u00e4mst i vridmomentreserv och f\u00f6rm\u00e5gan att beh\u00e5lla detaljer \u00e4ven n\u00e4r bilen s\u00e4tter mycket tryck p\u00e5 ratten. D\u00e4r en liten bas kan m\u00e4tta och ge ett enhetligt block av motst\u00e5nd, forts\u00e4tter R16 att erbjuda nyanser mitt i brute force. J\u00e4mf\u00f6rt med \u00e4nnu mer kraftfulla underst\u00f6d \u00e4r skillnaden mindre i kvalitet \u00e4n i den extrema gr\u00e4nsen f\u00f6r tillg\u00e4ngligt vridmoment. Vissa mycket kr\u00e4vande f\u00f6rare, som s\u00f6ker en extremt tung k\u00e4nsla, kanske f\u00f6redrar en \u00e4nnu h\u00f6gre bas. Men f\u00f6r de mest avancerade simracers \u00e4r R16 redan i en zon d\u00e4r kraften inte l\u00e4ngre \u00e4r en broms p\u00e5 prestanda.<\/p>\n<h2>Vem \u00e4r den till f\u00f6r? Vad vi gillar, vad vi inte gillar<\/h2>\n<p>MOZA R16 riktar sig fr\u00e4mst till medelgoda till avancerade simracingf\u00f6rare, fr\u00e4mst PC-anv\u00e4ndare, som vill ha en seri\u00f6s eller semi-professionell installation. Motiverade nyb\u00f6rjare kan ocks\u00e5 f\u00e5 valuta f\u00f6r pengarna, men det kommer helt klart att vara en ambiti\u00f6s investering fr\u00e5n b\u00f6rjan. Om du huvudsakligen k\u00f6r p\u00e5 konsoler eller letar efter en bas att s\u00e4tta p\u00e5 ett enkelt skrivbord \u00e4r profilen mindre l\u00e4mplig.<\/p>\n<p>Det jag uppskattar mest \u00e4r kvaliteten p\u00e5 force feedback: exakt, ren och anv\u00e4ndbar. Man f\u00e5r intrycket av att varje Newtonmeter har ett syfte, inte bara att vrida om armarna. Den andra starka punkten \u00e4r den solida, betryggande konstruktionen, som ger dig k\u00e4nslan av att ha ett riktigt proffs i din cockpit. Den tredje styrkan \u00e4r det sammanh\u00e4ngande och praktiska MOZA-ekosystemet, som g\u00f6r att du kan bygga en homogen milj\u00f6 runt basen, med v\u00e4lintegrerade rattar och tillbeh\u00f6r. Det finns en verklig k\u00e4nsla av en \"hel\" installation.<\/p>\n<p>N\u00e4r det g\u00e4ller begr\u00e4nsningar \u00e4r PC-beroendet den f\u00f6rsta punkten att ta h\u00e4nsyn till. Om du ofta v\u00e4xlar mellan konsoler och datorer \u00e4r R16 inte den mest flexibla basen p\u00e5 marknaden. F\u00f6r det andra kan den tillg\u00e4ngliga kraften, \u00e4ven om den \u00e4r riklig, vara lite \u00f6verdimensionerad f\u00f6r den sporadiska simracer. Du betalar f\u00f6r en marginal som inte alla kommer att utnyttja. Slutligen kan det slutna ekosystemet ses som en nackdel av dem som gillar att blanda och matcha ett brett utbud av m\u00e4rken och tillbeh\u00f6r: MOZA erbjuder m\u00e5nga saker, men det \u00e4r fortfarande mycket en \"familjeprodukt\".<\/p>\n<p>N\u00e4r det g\u00e4ller investering \u00e4r R16 positionerad som ett v\u00e4rdeerbjudande f\u00f6r anv\u00e4ndare som vet att de kommer att stanna kvar i simracingspelet p\u00e5 l\u00e5ng sikt. Det \u00e4r helt klart ett k\u00f6p f\u00f6r entusiaster eller engagerade spelare, mer \u00e4n bara en l\u00e4tt uppgradering. Det upplevda v\u00e4rdet \u00e4r h\u00f6gt om du verkligen utnyttjar dess potential och bygger din installation runt den, lite mindre om du bara letar efter \"lite b\u00e4ttre\" \u00e4n en bas p\u00e5 startniv\u00e5.<\/p>\n<h2>Utl\u00e5tande<\/h2>\n<p>MOZA R16 f\u00f6r\u00e4ndrar helt klart upps\u00e4ttningen genom att ge en k\u00e4nsla av att g\u00e5 in i en annan kategori av force feedback. Den ger en solid, exakt och kraftfull bas som blir hj\u00e4rtat i cockpiten, runt vilken allt annat \u00e4r ympat. N\u00e4r du k\u00f6r \u00f6ver den talar du inte l\u00e4ngre om en pryl eller en enkel \"spelratt\", utan om ett trov\u00e4rdigt k\u00f6rverktyg f\u00f6r dem som tar simracing p\u00e5 allvar.<\/p>\n<p>P\u00e5 marknaden befinner den sig i premiumsegmentet, utan att vara den absoluta ytterligheten. Det \u00e4r en mellanklass-\/toppklassbas i Direct Drive-universumet, med ett mycket tydligt fokus p\u00e5 PC och MOZA-ekosystemet. Det \u00e4r mycket vettigt f\u00f6r n\u00e5gon som vill ha en sammanh\u00e4ngande, kraftfull och h\u00e5llbar l\u00f6sning utan att spr\u00e4nga sin budget p\u00e5 ultraproffsupps\u00e4ttningar.<\/p>\n<p>Jag skulle rekommendera det till dem som k\u00f6r regelbundet, som gillar att finjustera sina inst\u00e4llningar och som ser simracing som en l\u00e5ngsiktig hobby. F\u00f6r en mycket avslappnad, konsolorienterad spelare, eller en med en l\u00e4tt cockpit, kommer andra mer blygsamma alternativ att vara mer rationella. Om du letar efter en seri\u00f6s Direct Drive-bas som kan erbjuda fyllig, ren och uppslukande kraft\u00e5terkoppling, kan MOZA R16 helt klart g\u00f6ra skillnad i din installation.<\/p>","protected":false},"excerpt":{"rendered":"<p>MOZA R16 ger verkligen intrycket av att ta inlevelse och bilens l\u00e4sbarhet till en ny niv\u00e5, utan att g\u00e5 \u00f6verbord med on\u00f6dig kraft. Det \u00e4r vettigt f\u00f6r vanliga till engagerade PC-sim-racers som \u00e4r beredda att investera i en konsekvent inst\u00e4llning p\u00e5 l\u00e5ng sikt. I det h\u00e4r sammanhanget tycker jag att det totala v\u00e4rdet verkar vara solidt och v\u00e4l motiverat.<\/p>","protected":false},"featured_media":101463,"comment_status":"open","ping_status":"closed","template":"","meta":{"_acf_changed":false,"_et_pb_use_builder":"","_et_pb_old_content":"","_et_gb_content_width":""},"product_brand":[165],"product_cat":[155],"product_tag":[149],"class_list":{"0":"post-101462","1":"product","2":"type-product","3":"status-publish","4":"has-post-thumbnail","6":"product_brand-moza-racing","7":"product_cat-base","8":"product_tag-pc","10":"first","11":"instock","12":"shipping-taxable","13":"product-type-external"},"acf":[],"_links":{"self":[{"href":"https:\/\/simracergear.com\/sv\/wp-json\/wp\/v2\/product\/101462","targetHints":{"allow":["GET"]}}],"collection":[{"href":"https:\/\/simracergear.com\/sv\/wp-json\/wp\/v2\/product"}],"about":[{"href":"https:\/\/simracergear.com\/sv\/wp-json\/wp\/v2\/types\/product"}],"replies":[{"embeddable":true,"href":"https:\/\/simracergear.com\/sv\/wp-json\/wp\/v2\/comments?post=101462"}],"wp:featuredmedia":[{"embeddable":true,"href":"https:\/\/simracergear.com\/sv\/wp-json\/wp\/v2\/media\/101463"}],"wp:attachment":[{"href":"https:\/\/simracergear.com\/sv\/wp-json\/wp\/v2\/media?parent=101462"}],"wp:term":[{"taxonomy":"product_brand","embeddable":true,"href":"https:\/\/simracergear.com\/sv\/wp-json\/wp\/v2\/product_brand?post=101462"},{"taxonomy":"product_cat","embeddable":true,"href":"https:\/\/simracergear.com\/sv\/wp-json\/wp\/v2\/product_cat?post=101462"},{"taxonomy":"product_tag","embeddable":true,"href":"https:\/\/simracergear.com\/sv\/wp-json\/wp\/v2\/product_tag?post=101462"}],"curies":[{"name":"wp","href":"https:\/\/api.w.org\/{rel}","templated":true}]}}