{"id":101496,"date":"2025-05-15T08:12:00","date_gmt":"2025-05-15T08:12:00","guid":{"rendered":"https:\/\/simracergear.com\/products\/moza-r9-fsr-formula-wheel-hub-kit-bundle\/"},"modified":"2025-11-28T05:35:03","modified_gmt":"2025-11-28T05:35:03","slug":"moza-r9-fsr-formula-wheel-hub-kit-bundle","status":"publish","type":"product","link":"https:\/\/simracergear.com\/sv\/products\/moza-r9-fsr-formula-wheel-hub-kit-bundle\/","title":{"rendered":"MOZA R9 &amp; FSR Formula Hjul- och navsats - paket"},"content":{"rendered":"<p>MOZA R9 + FSR Formula Wheel + Hub Kit-paketet \u00e4r tydligt positionerat som en seri\u00f6s ink\u00f6rsport till Direct Drive-v\u00e4rlden f\u00f6r kr\u00e4vande simracingf\u00f6rare. Det \u00e4r inte l\u00e4ngre en \"f\u00f6rb\u00e4ttrad leksak\", men \u00e4nnu inte den ultraextrema basen som kr\u00e4ver ett t\u00e4vlingschassi och kroppsbyggarens armar. P\u00e5 papperet utlovar den h\u00e4r kombinationen en intressant trio: kontrollerad kraft, en mycket komplett ratt av ens\u00e4testyp och ett sammanh\u00e4ngande ekosystem.<\/p>\n<p>Det \u00e4r den h\u00e4r kompromissen som lockar: en kompakt, tyst Direct Drive som styrs av en modern ratt med integrerad sk\u00e4rm, allt i ett paket som fokuserar p\u00e5 valuta f\u00f6r pengarna snarare \u00e4n p\u00e5 marknadsf\u00f6ringshype. Det \u00e4r tydligt att MOZA riktar sig till PC-sim-racern som vill ta inlevelse och precision till en ny niv\u00e5 utan att spr\u00e4nga sin installation eller budget.<\/p>\n<p>Min vinkel h\u00e4r \u00e4r enkel: erbjuder det h\u00e4r paketet en verklig vinst i k\u00e4nsla, kontroll och komfort \u00f6ver tid, j\u00e4mf\u00f6rt med en remdriven bas eller en mindre utrustad Direct Drive p\u00e5 startniv\u00e5? Och framf\u00f6r allt, \u00e4r det en sammanh\u00e4ngande kombination f\u00f6r att k\u00f6ra iRacing eller ACC s\u00e5v\u00e4l som mer tillg\u00e4ngliga titlar?<\/p>\n<h2>Design och tillverkning<\/h2>\n<p>Det f\u00f6rsta man l\u00e4gger m\u00e4rke till med R9 \u00e4r hur kompakt den \u00e4r. Basen \u00e4r t\u00e4t och massiv f\u00f6r sin storlek, med ett metallh\u00f6lje som ger intrycket av ett massivt block. Inget r\u00f6r sig, inget k\u00e4nns ih\u00e5ligt. Den upplevda styvheten \u00e4r verkligen \u00f6verl\u00e4gsen den som finns p\u00e5 m\u00e5nga remdrivna baser i samma prisklass. Den utstr\u00e5lar allvar, utan att vara alltf\u00f6r pr\u00e5lig.<\/p>\n<p>FSR Formula Wheel f\u00f6ljer samma logik: metallchassi, synliga kolfiberytor, grepp i gummi eller Alcantara beroende p\u00e5 version. I handen k\u00e4nner man omedelbart att ratten \u00e4r t\u00e4tare \u00e4n en instegsratt i plast. Knapparna klickar rent och v\u00e4xlingspaddlarna har en tydlig, ganska torr mekanisk \u00e5terkoppling, vilket ger den d\u00e4r trevliga \"racerbilsk\u00e4nslan\". Du kan k\u00e4nna vad du g\u00f6r direkt, utan att tveka. Du kan trycka p\u00e5 knapparna utan att titta, och du vet om de har aktiverats.<\/p>\n<p>Det som f\u00f6rv\u00e5nar \u00e4r den \u00f6vergripande niv\u00e5n p\u00e5 finishen f\u00f6r den h\u00e4r prisklassen: rena justeringar, korrekta skruvar och bultar, l\u00e4ttl\u00e4st integrerad sk\u00e4rm och en \u00f6vergripande robust snabbkoppling med mycket lite m\u00e4rkbart spel. J\u00e4mf\u00f6rt med n\u00e5gra av de mer plastiga mellanklassrattarna \u00e4r det h\u00e4r helt klart ett steg upp\u00e5t n\u00e4r det g\u00e4ller kvalitet. Du f\u00e5r intrycket av att du h\u00e5ller i ett riktigt pilotverktyg, inte ett speltillbeh\u00f6r.<\/p>\n<p>Det som \u00e4r lite av en besvikelse \u00e4r detaljerna: vissa av sekund\u00e4rmaterialen \u00e4r lite \"billiga\" p\u00e5 vissa icke-kritiska delar, designen \u00e4r fortfarande ganska industriell, utan den finess som vissa av de mer premiumkonkurrenterna har, och greppen kan verka lite h\u00e5rda under mycket l\u00e5nga sessioner f\u00f6r k\u00e4nsliga h\u00e4nder. Men \u00f6verlag, j\u00e4mf\u00f6rt med de kompakta Direct Drive-referenserna p\u00e5 marknaden, ligger vi bra till n\u00e4r det g\u00e4ller upplevd kvalitet.<\/p>\n<h2>Inst\u00e4llningar &amp; anpassning + kompatibilitet<\/h2>\n<p>P\u00e5 mjukvarusidan \u00e4r paketet baserat p\u00e5 MOZA-ekosystemet, med egen programvara som centraliserar bas- och hjulinst\u00e4llningar. Gr\u00e4nssnittet f\u00f6rblir tillg\u00e4ngligt f\u00f6r motiverade anv\u00e4ndare, med reglage, tydliga menyer, profiler f\u00f6r varje spel och m\u00f6jligheten att spara och exportera f\u00f6rinst\u00e4llningar. Det \u00e4r inte en ol\u00e4slig gasfabrik, men du beh\u00f6ver fortfarande lite tid f\u00f6r att f\u00e5 grepp om varje parameter om du vill f\u00e5 ut det mesta av FFB.<\/p>\n<p>De inst\u00e4llningar som verkligen \u00e4r anv\u00e4ndbara i det dagliga arbetet handlar om \u00f6vergripande styrka, filtrering, friktion och hur basen hanterar snabba effekter (greppdetaljer, st\u00f6tar, vibratorer). Den goda nyheten \u00e4r att R9 erbjuder tillr\u00e4ckligt med spelrum f\u00f6r att verkligen anpassa beteendet till din stil: du kan ha en mycket ren, flytande FFB, eller tv\u00e4rtom en h\u00e5rdare, med massor av textur. Inl\u00e4rningskurvan \u00e4r rimlig: med utg\u00e5ngspunkt fr\u00e5n de medf\u00f6ljande f\u00f6rinst\u00e4llningarna \u00e4r n\u00e5gra f\u00e5 justeringar allt som beh\u00f6vs f\u00f6r att g\u00f6ra det riktigt roligt.<\/p>\n<p>Paketet \u00e4r inriktat p\u00e5 PC, med generellt god kompatibilitet med de viktigaste moderna sim racingtitlarna. F\u00f6r konsoler blir fr\u00e5gan mer komplicerad beroende p\u00e5 konfigurationen, och du m\u00e5ste kontrollera specifik kompatibilitet innan du k\u00f6per, s\u00e4rskilt om du vill anv\u00e4nda den p\u00e5 flera plattformar. Men den h\u00e4r kombinationen \u00e4r tydligt inriktad p\u00e5 PC-spelaren som vill engagera sig.<\/p>\n<p>MOZA:s ekosystem omfattar andra rattar, pedaler och tillbeh\u00f6r (v\u00e4xlar, instrumentpaneler etc.) som passar perfekt runt denna bas. Navsatsen och snabbkopplingen s\u00e4kerst\u00e4ller en solid anslutning till m\u00e4rkets utbud av rattar. I praktiken kan R9 anv\u00e4ndas som en startpunkt f\u00f6r en utvecklande setup: du b\u00f6rjar med det h\u00e4r paketet och l\u00e4gger sedan till ett mer avancerat vevparti, en GT-ratt och en styvare cockpit. Det finns tillr\u00e4ckligt med kraft f\u00f6r att st\u00f6dja dessa f\u00f6r\u00e4ndringar utan att beh\u00f6va byta bas f\u00f6r snabbt.<\/p>\n<h2>K\u00e4nslor p\u00e5 spel<\/h2>\n<p>P\u00e5 banan visar R9 mycket snabbt sin karakt\u00e4r: en kompakt Direct Drive som f\u00f6redrar l\u00e4sbarhet och finess i kraft\u00e5terkopplingen, snarare \u00e4n r\u00e5 kraft. I kurvor belastas styrningen progressivt utan att brytas. Du kan k\u00e4nna hur bilen \"lutar\" p\u00e5 framaxeln och \u00f6verg\u00e5ngen mellan grepp och begynnande slirning \u00e4r mycket tydligare \u00e4n med en konventionell remdrift. Du f\u00f6rst\u00e5r omedelbart vad bilen g\u00f6r.<\/p>\n<p>Greppavl\u00e4sning \u00e4r en av de starka sidorna hos den h\u00e4r kombinationen. P\u00e5 en teknisk bana kan mikrof\u00f6rluster i greppet, b\u00f6rjan till under- eller \u00f6verstyrning, avl\u00e4sas i ratten genom sm\u00e5 variationer i vridmomentet, l\u00e4tt vibration eller slackning mitt i en kurva. Det \u00e4r inte v\u00e5ldsamt, det \u00e4r informativt. Det hj\u00e4lper till att korrigera precis vad som beh\u00f6vs, i precis r\u00e4tt \u00f6gonblick. D\u00e4r en mindre kraftfull bas tenderar att \"sl\u00e4ta ut\" denna information, beh\u00e5ller R9 de anv\u00e4ndbara detaljerna utan att f\u00f6rvandlas till en permanent skakning.<\/p>\n<p>Vibratorer \u00e4r v\u00e4l \u00e5tergivna: du kan k\u00e4nna skillnaden mellan en platt, aggressiv vibrator och en mer rundad. Du kan ocks\u00e5 k\u00e4nna n\u00e4r du biter den halvv\u00e4gs eller n\u00e4r du verkligen kommer p\u00e5 toppen av den. Det \u00e4r inte p\u00e5 den brutala niv\u00e5n som du kan f\u00e5 p\u00e5 en mycket avancerad bas som \u00e4r inst\u00e4lld p\u00e5 en h\u00f6g inst\u00e4llning, men f\u00f6r en bas med denna kraft \u00e4r sk\u00e4rpan riktigt trevlig. Det finns den d\u00e4r \"mekanisk byggarbetsplats\"-k\u00e4nslan hos moderna F1-hjul utan att de blir en karikatyr.<\/p>\n<p>Under l\u00e5nga sessioner \u00e4r konsistensen bra. Motorn verkar inte f\u00f6rlora n\u00e5gon m\u00e4rkbar slagkraft, och framf\u00f6r allt f\u00f6rblir armtr\u00f6ttheten rimlig om du justerar vridmomentet p\u00e5 ett intelligent s\u00e4tt. FSR-ratten, med sin ergonomiska utformning, inbjuder dig att k\u00f6ra GT, LMP och virtuella F1 under l\u00e5nga perioder utan att dina h\u00e4nder lider alltf\u00f6r mycket. Greppens form hj\u00e4lper till att bibeh\u00e5lla en stabil position, vilket minskar on\u00f6diga p\u00e5frestningar.<\/p>\n<p>N\u00e4r det g\u00e4ller snabba korrigeringar \u00e4r R9 helt klart bekv\u00e4m. Direct Drive-systemet g\u00f6r styrningen mycket responsiv: n\u00e4r du beh\u00f6ver kompensera f\u00f6r \u00f6verstyrning eller f\u00f6rlust av bakre grepp vrids ratten snabbt, utan m\u00e4rkbar f\u00f6rdr\u00f6jning, och den anstr\u00e4ngning som kr\u00e4vs f\u00f6rblir hanterbar. J\u00e4mf\u00f6rt med en mindre kraftfull, mer filtrerad bas f\u00e5r du st\u00f6rre sj\u00e4lvf\u00f6rtroende n\u00e4r du beh\u00f6ver \"komma ikapp\" bilen. Du k\u00e4nner att basen f\u00f6ljer r\u00f6relsen, snarare \u00e4n att bromsa den.<\/p>\n<p>N\u00e4r det g\u00e4ller f\u00f6rdjupning fungerar kombinationen bas + ratt bra. FSR-sk\u00e4rmen \u00e4r en riktig bonus och ger liveinformation om varvet, delta, inkopplad v\u00e4xel och s\u00e5 vidare. Du tittar mindre p\u00e5 \u00f6verl\u00e4ggningarna p\u00e5 sk\u00e4rmen och mer p\u00e5 ratten, vilket f\u00f6rst\u00e4rker illusionen av att k\u00f6ra en modern formelbil eller GT-bil. Hela systemet \u00e4r tyst n\u00e4r det \u00e4r i drift, vilket \u00e4r bra om du spelar i ett gemensamt rum.<\/p>\n<p>J\u00e4mf\u00f6rt med en mycket kraftfullare bas k\u00e4nns R9 uppenbarligen mindre fysisk och mindre spektakul\u00e4r n\u00e4r det g\u00e4ller maximal anstr\u00e4ngning, men de v\u00e4sentliga k\u00e4nslorna som \u00e4r anv\u00e4ndbara f\u00f6r k\u00f6rning finns fortfarande kvar. Vinsten j\u00e4mf\u00f6rt med ett remdrivet system eller en mycket grundl\u00e4ggande Direct Drive baseras p\u00e5 tre punkter: greppets sk\u00e4rpa, korrigeringarnas lyh\u00f6rdhet och k\u00e4nslan av en direkt mekanisk koppling till d\u00e4cken. Det \u00e4r h\u00e4r som basen verkligen f\u00f6r\u00e4ndrar upplevelsen.<\/p>\n<h2>F\u00f6r vem + Vad vi tycker om \/ Vad vi inte tycker om<\/h2>\n<p>Det h\u00e4r paketet riktar sig helt klart till sim-racers som redan \u00e4r lite involverade i hobbyn: PC-anv\u00e4ndare som \u00e4r redo att investera i en Direct Drive, med en \u00f6nskan om att g\u00e5 vidare med kr\u00e4vande titlar. Mycket motiverade nyb\u00f6rjare kan ocks\u00e5 vara med, s\u00e5 l\u00e4nge de accepterar en kort inl\u00e4rningskurva, b\u00e5de n\u00e4r det g\u00e4ller inst\u00e4llningar och k\u00f6rning. F\u00f6r den sporadiska eller konsolcentrerade spelaren minskar dock attraktionskraften n\u00e5got, s\u00e4rskilt om kompatibiliteten inte garanteras.<\/p>\n<p>De starka sidorna framtr\u00e4der snabbt. Den f\u00f6rsta \u00e4r f\u00f6rh\u00e5llandet mellan k\u00e4nsla och kompakthet: R9 erbjuder en ren, nyanserad FFB, med tillr\u00e4ckligt med kraft f\u00f6r att vara uppslukande, utan att kr\u00e4va en monstru\u00f6st styv cockpit. Den andra \u00e4r den \u00f6vergripande kvaliteten p\u00e5 FSR-ratten: grepp, knappar, paddlar, sk\u00e4rm - allt \u00e4r effektivt utformat f\u00f6r modern formel\/GT-k\u00f6rning. Det k\u00e4nns som ett seri\u00f6st verktyg i dina h\u00e4nder. Det tredje \u00e4r MOZA-ekosystemet, som g\u00f6r att du kan uppgradera din setup utan att \u00e4ndra allt, genom att l\u00e4gga till andra rattar, en mer avancerad pedalupps\u00e4ttning, en v\u00e4xelspak etc.<\/p>\n<p>Men det finns gr\u00e4nser. F\u00f6r det f\u00f6rsta, \u00e4ven om R9:s kraft \u00e4r mer \u00e4n tillr\u00e4cklig f\u00f6r de flesta anv\u00e4ndningsomr\u00e5den, kommer den inte att tilltala dem som letar efter en ultrav\u00e5ldsam FFB i stil med \"fysisk tr\u00e4ning\". Vissa mycket erfarna f\u00f6rare kommer att f\u00f6redra ett h\u00f6gre vridmoment f\u00f6r tunga prototyper eller mycket h\u00e5rda GT. F\u00f6r det andra \u00e4r FSR-ratten, som \u00e4r mycket formell, inte idealisk f\u00f6r dem som huvudsakligen k\u00f6r rally- eller driftbilar, d\u00e4r en rund ratt kan vara mer l\u00e4mplig. Slutligen \u00e4r ekosystemet fortfarande PC-centrerat, och konsolkompatibiliteten varierar beroende p\u00e5 kombinationen, vilket n\u00e5got minskar \u00f6verklagandet f\u00f6r multiplattformsspelare.<\/p>\n<p>N\u00e4r det g\u00e4ller investering \u00e4r det h\u00e4r ett paket som kr\u00e4ver en riktig budget, men det upplevda v\u00e4rdet \u00e4r solitt: k\u00e4nsla, finish, uppgraderbarhet. Det \u00e4r inte ett impulsk\u00f6p, utan snarare ett stort steg mot att f\u00f6r\u00e4ndra en befintlig simracinginstallation.<\/p>\n<h2>Utl\u00e5tande<\/h2>\n<p>MOZA R9 + FSR Formula Wheel + Hub Kit Bundle ger en tydlig f\u00f6r\u00e4ndring av en inst\u00e4llning som kommer fr\u00e5n en remdriven ratt eller en mycket nyb\u00f6rjar Direct Drive. Den \u00e4r l\u00e4ttare att l\u00e4sa, ger mer detaljerad information och g\u00f6r att du k\u00e4nner dig mer kopplad till bilen. Basen blir ett styrverktyg snarare \u00e4n en enkel kontrollenhet.<\/p>\n<p>P\u00e5 marknaden \u00e4r det h\u00e4r paketet placerat i det tillg\u00e4ngliga mellan- och toppsegmentet: mer seri\u00f6st \u00e4n en instegsl\u00f6sning, mindre extremt \u00e4n en mycket kraftfull bas i toppsegmentet. Det \u00e4r perfekt f\u00f6r sim-racers som vill ta ett rej\u00e4lt steg fram\u00e5t utan att g\u00e5 till \u00f6verdrift.<\/p>\n<p>Jag skulle s\u00e4rskilt rekommendera det till kretsorienterade PC-anv\u00e4ndare (F1, GT, LMP, formelbilar) som vill ha en sammanh\u00e4ngande, ren, uppgraderingsbar installation och som v\u00e4rdes\u00e4tter precision framf\u00f6r r\u00e5tt spektakel. Om du \u00e4r mer av en arkadracerf\u00f6rare, en rolig rallyf\u00f6rare eller bara letar efter en konsolupplevelse finns det enklare eller mer l\u00e4mpliga alternativ.<\/p>\n<p>Om du letar efter en kompakt, seri\u00f6s, ensitsig\/GT-orienterad Direct Drive som \u00e4ntligen ger dig k\u00e4nslan av att \"prata\" med bilen utan att spr\u00e4nga din budget, kan den h\u00e4r produkten helt klart g\u00f6ra skillnad i din setup.<\/p>","protected":false},"excerpt":{"rendered":"<p>Det h\u00e4r paketet gav mig en k\u00e4nsla av att g\u00e5 fr\u00e5n en enkel ratt till ett riktigt k\u00f6rverktyg, med tydlig information om vad bilen g\u00f6r utan att det blir tr\u00f6ttsamt eller \u00f6verdrivet. Framf\u00f6r allt \u00e4r det en bra l\u00f6sning f\u00f6r kretsorienterade PC-simulerade racerf\u00f6rare som vill ta inlevelse och precision till en helt ny niv\u00e5. F\u00f6rh\u00e5llandet mellan pris och kvalitet f\u00f6rblir konsekvent f\u00f6r en \"ambiti\u00f6s mellanklassniv\u00e5\".<\/p>","protected":false},"featured_media":101497,"comment_status":"open","ping_status":"closed","template":"","meta":{"_acf_changed":false,"_et_pb_use_builder":"","_et_pb_old_content":"","_et_gb_content_width":""},"product_brand":[165],"product_cat":[161],"product_tag":[149],"class_list":{"0":"post-101496","1":"product","2":"type-product","3":"status-publish","4":"has-post-thumbnail","6":"product_brand-moza-racing","7":"product_cat-volant","8":"product_tag-pc","10":"first","11":"instock","12":"shipping-taxable","13":"product-type-external"},"acf":[],"_links":{"self":[{"href":"https:\/\/simracergear.com\/sv\/wp-json\/wp\/v2\/product\/101496","targetHints":{"allow":["GET"]}}],"collection":[{"href":"https:\/\/simracergear.com\/sv\/wp-json\/wp\/v2\/product"}],"about":[{"href":"https:\/\/simracergear.com\/sv\/wp-json\/wp\/v2\/types\/product"}],"replies":[{"embeddable":true,"href":"https:\/\/simracergear.com\/sv\/wp-json\/wp\/v2\/comments?post=101496"}],"wp:featuredmedia":[{"embeddable":true,"href":"https:\/\/simracergear.com\/sv\/wp-json\/wp\/v2\/media\/101497"}],"wp:attachment":[{"href":"https:\/\/simracergear.com\/sv\/wp-json\/wp\/v2\/media?parent=101496"}],"wp:term":[{"taxonomy":"product_brand","embeddable":true,"href":"https:\/\/simracergear.com\/sv\/wp-json\/wp\/v2\/product_brand?post=101496"},{"taxonomy":"product_cat","embeddable":true,"href":"https:\/\/simracergear.com\/sv\/wp-json\/wp\/v2\/product_cat?post=101496"},{"taxonomy":"product_tag","embeddable":true,"href":"https:\/\/simracergear.com\/sv\/wp-json\/wp\/v2\/product_tag?post=101496"}],"curies":[{"name":"wp","href":"https:\/\/api.w.org\/{rel}","templated":true}]}}