{"id":101543,"date":"2025-05-15T08:13:00","date_gmt":"2025-05-15T08:13:00","guid":{"rendered":"https:\/\/simracergear.com\/products\/moza-sr-p-accessory-kit\/"},"modified":"2025-11-28T05:54:09","modified_gmt":"2025-11-28T05:54:09","slug":"moza-sr-p-accessory-kit","status":"publish","type":"product","link":"https:\/\/simracergear.com\/sv\/products\/moza-sr-p-accessory-kit\/","title":{"rendered":"MOZA SR-P Tillbeh\u00f6rssats"},"content":{"rendered":"<p>MOZA SR-P Accessory Kit \u00e4r det lilla paketet som syftar till att f\u00f6rvandla ett redan anst\u00e4ndigt vevparti till n\u00e5got mycket mer seri\u00f6st. Vi talar h\u00e4r om ett uppgraderingskit f\u00f6r MOZA SR-P vevpartiet: h\u00e5rdare fj\u00e4drar, elastomerblock f\u00f6r bromspedalen, halkskyddsplattor... Tanken \u00e4r enkel: att l\u00e4gga till realism, s\u00e4rskilt vid bromsning, utan att beh\u00f6va byta vevparti eller g\u00e5 direkt till en toppmodell med lastcell.<\/p>\n<p>Den omedelbara attraktionen \u00e4r l\u00f6ftet om en fastare, mer progressiv broms, som en racingpedal, till ett pris och en komplexitet som \u00e4r mycket mer begr\u00e4nsad \u00e4n en fullst\u00e4ndig h\u00e5rdvaruf\u00f6r\u00e4ndring. F\u00f6r m\u00e5nga PC- och konsolspelare med en grundl\u00e4ggande SR-P utg\u00f6r detta kit ett slags \"sportl\u00e4ge\" som \u00e4r enkelt att installera.<\/p>\n<p>Min analysvinkel \u00e4r d\u00e4rf\u00f6r tydlig: f\u00f6r\u00e4ndrar det h\u00e4r kitet verkligen k\u00e4nslan av bromsarna och kontrollen \u00f6ver bilen, eller \u00e4r det bara en trevlig men oumb\u00e4rlig pryl? Jag kommer att koncentrera mig p\u00e5 k\u00e4nslan under f\u00f6tterna, den upplevda kvaliteten p\u00e5 de nya delarna, den enkla installationen och framf\u00f6r allt p\u00e5verkan p\u00e5 varvtider och j\u00e4mnhet. F\u00f6r i slut\u00e4ndan vill du bromsa senare, h\u00e5rdare och med mer kontroll. Det \u00e4r precis d\u00e4r den h\u00e4r typen av kit b\u00f6r g\u00f6ra skillnad.<\/p>\n<h2>Design och tillverkning<\/h2>\n<p>MOZA SR-P Accessory Kit kommer i form av en upps\u00e4ttning extra delar avsedda f\u00f6r SR-P vevpartiet. Det finns fj\u00e4drar med olika h\u00e5rdhet, elastomerblock f\u00f6r att modulera bromspedalens r\u00f6relse och motst\u00e5nd och ett antal element som \u00e4r utformade f\u00f6r att f\u00f6rb\u00e4ttra h\u00e4l- och t\u00e5stabiliteten. Visuellt \u00e4r allt i MOZA-traditionen: metall, rena ytor, en nykter, lite \"industriell\" look.<\/p>\n<p>I handen \u00e4r fj\u00e4drarna p\u00e5fallande stela. Du k\u00e4nner omedelbart att du inte l\u00e4ngre har att g\u00f6ra med flexibiliteten hos ett vevparti i instegsklassen. Gummiblocken (eller motsvarande elastomerblandningar) ger ett intryck av r\u00e4tt densitet, varken f\u00f6r mjuka eller f\u00f6r plastiska. Metalldelarna \u00f6verensst\u00e4mmer med sj\u00e4lva vevpartiet, vilket \u00e4r betryggande n\u00e4r det g\u00e4ller h\u00e5llbarheten.<\/p>\n<p>Monteringen inger f\u00f6rtroende: ingenting ser billigt eller br\u00e4ckligt ut. N\u00e4r de nya komponenterna v\u00e4l \u00e4r installerade sitter de perfekt, utan \u00f6verdrivet glapp eller parasit\u00e4ra vibrationer. Man f\u00e5r verkligen intrycket av ett \"uppgraderat\" pedalbord, snarare \u00e4n ett grovt DIY-jobb p\u00e5 eftermarknaden. Det \u00e4r rent, skarpt och konsekvent med resten av MOZA-ekosystemet.<\/p>\n<p>Det som kanske \u00e4r en liten besvikelse \u00e4r att basen i grund och botten inte \u00e4r en lastcell. K\u00e4nslan har helt klart f\u00f6rb\u00e4ttrats, men du n\u00e5r inte magiskt upp till niv\u00e5n f\u00f6r ett t\u00e4vlingsvevst\u00e4ll med en dedikerad trycksensor. J\u00e4mf\u00f6rt med andra uppgraderingssatser f\u00f6r vevpartier i mellanklassen \u00e4r MOZA SR-P Accessory Kit ungef\u00e4r som genomsnittet: seri\u00f6st, v\u00e4lbyggt, men begr\u00e4nsat av filosofin hos det ursprungliga vevpartiet.<\/p>\n<h2>Inst\u00e4llningar, anpassning och kompatibilitet<\/h2>\n<p>Syftet med detta kit \u00e4r att l\u00e5ta dig forma beteendet hos ditt SR-P vevparti efter din smak. MOZA erbjuder olika konfigurationer av fj\u00e4drar och elastomerblock, s\u00e5 att du kan g\u00e5 fr\u00e5n en ganska progressiv, f\u00f6rl\u00e5tande broms till en mycket fastare, ensitsig eller modern GT-stil. Justeringen \u00e4r mekanisk: blockens position, val av fj\u00e4der, ibland justering av f\u00f6rsp\u00e4nning. Inget o\u00f6verstigligt, men du m\u00e5ste ta n\u00e5gra minuter f\u00f6r att f\u00f6rst\u00e5 logiken.<\/p>\n<p>Inl\u00e4rningskurvan \u00e4r rimlig. Om du har lekt med ett justerbart vevparti tidigare kommer du snart att f\u00e5 kl\u00e4m p\u00e5 det. Om det \u00e4r ditt f\u00f6rsta kit av den h\u00e4r typen kommer du f\u00f6rmodligen att g\u00e5 igenom flera f\u00f6rs\u00f6k innan du hittar din \"sweet spot\". \u00c4rligt talat \u00e4r det en del av det roliga: du justerar, du testar, du finjusterar. Snart k\u00e4nner du att du har hittat den kompromiss som passar din bromsstil.<\/p>\n<p>P\u00e5 mjukvarusidan k\u00f6rs allt genom MOZA-ekosystemet p\u00e5 datorn, som f\u00f6ga f\u00f6rv\u00e5nande k\u00e4nner igen SR-P-pedalbordet. Satsen i sig \u00e4ndrar inte kompatibiliteten, s\u00e5 om ditt pedalbord redan fungerar p\u00e5 din nuvarande plattform (PC eller konsol via en kompatibel MOZA-bas) utg\u00f6r tillbeh\u00f6rssatsen inget problem. Det \u00e4r inte en frist\u00e5ende produkt, det \u00e4r ett rent h\u00e5rdvarutill\u00e4gg.<\/p>\n<p>N\u00e4r det g\u00e4ller ekosystemet \u00e4r vi uppenbarligen fortfarande i MOZA-familjen: med en MOZA-bas och en ratt fr\u00e5n samma m\u00e4rke \u00e4r hela paketet mycket sammanh\u00e4ngande. SR-P-vevpartiet som \u00e4r monterat med satsen blir en mer seri\u00f6s bas f\u00f6r en cockpit i mellanklassen. Det \u00e4r inte en nyb\u00f6rjarkit, men helt klart ett s\u00e4tt att f\u00f6rl\u00e4nga livsl\u00e4ngden p\u00e5 ditt vevparti och skjuta upp det \u00f6gonblick d\u00e5 du m\u00e5ste \u00f6verv\u00e4ga att byta till en dyrare lastcell eller hydraulkit.<\/p>\n<h2>K\u00e4nslor p\u00e5 spel<\/h2>\n<p>Det \u00e4r p\u00e5 den virtuella banan som MOZA SR-P Accessory Kit m\u00e5ste r\u00e4ttf\u00e4rdiga sin existens. Den mest sl\u00e5ende f\u00f6r\u00e4ndringen g\u00e4ller naturligtvis bromspedalen. Fr\u00e5n de allra f\u00f6rsta varven k\u00e4nns den fastare och mer konsekvent. Det k\u00e4nns mindre som en alltf\u00f6r mjuk \"v\u00e4gpedal\" och mycket mer som att du arbetar mot ett progressivt motst\u00e5nd, som blir t\u00e4tare i slutet av slaget.<\/p>\n<p>Vid h\u00e5rd inbromsning blir doseringen mer intuitiv. D\u00e4r den ursprungliga SR-P snabbt kan ge intrycket av att flyta lite, s\u00e4rskilt om du bromsar h\u00e5rt och sent, ger satsen verklig struktur till pedalen. Du f\u00e5r en b\u00e4ttre k\u00e4nsla f\u00f6r tryckniv\u00e5erna. Foten har sina lager. Du vet n\u00e4r du \u00e4r n\u00e4ra att l\u00e5sa hjulen och du kan h\u00e5lla dig exakt i den zonen. Du f\u00f6rst\u00e5r omedelbart vad bilen g\u00f6r.<\/p>\n<p>Vid kurvtagning, s\u00e4rskilt vid h\u00e5rd inbromsning och ned\u00e5t, \u00e4r skillnaden tydlig. Mass\u00f6verf\u00f6ringen blir tydligare och mer reproducerbar. Du kan bromsa h\u00e5rt p\u00e5 linjen och sedan sl\u00e4ppa gradvis samtidigt som du beh\u00e5ller en konsekvent k\u00e4nsla. J\u00e4mf\u00f6rt med ett omodifierat vevparti tyckte jag att det var mycket l\u00e4ttare att h\u00e5lla en stabil bana n\u00e4r du sl\u00e4pper bromsen f\u00f6r att registrera bilen. Satsen hj\u00e4lper dig verkligen att f\u00e5 finess och sj\u00e4lvf\u00f6rtroende.<\/p>\n<p>Greppavl\u00e4sningen f\u00f6rb\u00e4ttras s\u00e4rskilt vid inbromsning p\u00e5 gr\u00e4nsen. Vi pratar inte om FFB h\u00e4r, men det s\u00e4tt som bromsen reagerar under foten hj\u00e4lper dig att tolka vad som h\u00e4nder vid framhjulen. Det \u00e4r l\u00e4ttare att k\u00e4nna n\u00e4r du \u00f6verdriver, eller tv\u00e4rtom, n\u00e4r du kan bromsa lite senare och lite h\u00e5rdare. P\u00e5 vibratorerna \u00e4r stabiliteten f\u00f6r h\u00f6ger fot b\u00e4ttre: den extra fastheten begr\u00e4nsar ofrivilliga mikror\u00f6relser i fotleden. Trycket bibeh\u00e5lls b\u00e4ttre, \u00e4ven n\u00e4r bilen r\u00f6r sig.<\/p>\n<p>Under l\u00e5nga pass kan den h\u00e4r typen av fastare konfiguration vara tr\u00f6ttsam om du kommer fr\u00e5n ett ultramjukt vevparti. Men tillbeh\u00f6rssatsen erbjuder tillr\u00e4ckligt m\u00e5nga kombinationer f\u00f6r att du ska kunna hitta en inst\u00e4llning som \u00e4r kr\u00e4vande men som inte f\u00f6rst\u00f6r vaden. N\u00e4r inst\u00e4llningen v\u00e4l \u00e4r gjord \u00e4r konsistensen klart \u00f6verl\u00e4gsen. Det ena varvet f\u00f6ljer p\u00e5 det andra med f\u00e4rre variationer i bromspunkten. Det \u00e4r h\u00e4r som kitet verkligen f\u00f6r\u00e4ndrar upplevelsen: du k\u00e4mpar inte l\u00e4ngre med pedalen, du koncentrerar dig p\u00e5 din bana.<\/p>\n<p>N\u00e4r du g\u00f6r snabba korrigeringar, s\u00e4rskilt p\u00e5 nerv\u00f6sa bilar eller i f\u00f6rh\u00e5llanden med varierande grepp, hj\u00e4lper den fastare bromspedalen till att beh\u00e5lla finkontrollen. Du kan justera trycket p\u00e5 en br\u00e5kdel av en sekund utan att \"trampa\" p\u00e5 pedalen av misstag. Denna precision i h\u00f6ga hastigheter ger dig en \u00f6verl\u00e4gsen k\u00e4nsla av kontroll, \u00e4ven om du inte \u00e4r p\u00e5 samma niv\u00e5 som en mycket bra pedalbelastningscell i toppklassen.<\/p>\n<p>J\u00e4mf\u00f6rt med ett originalvevst\u00e4ll eller andra mindre avancerade fj\u00e4derbelastade modeller k\u00e4nns MOZA SR-P med den h\u00e4r satsen verkligen som ett steg upp\u00e5t. Det uppn\u00e5r inte brutaliteten och den rena linj\u00e4riteten hos premium lastcellsvevst\u00e4ll, men det kommer mycket n\u00e4ra n\u00e4r det g\u00e4ller den \u00f6vergripande k\u00e4nslan. J\u00e4mf\u00f6rt med en kraftfullare, mer avancerad setup finns det fortfarande ett tydligt gap n\u00e4r det g\u00e4ller ultimat precision och k\u00e4nslighet f\u00f6r sm\u00e5 variationer i tryck, men tillbeh\u00f6rssatsen minskar skillnaden tillr\u00e4ckligt f\u00f6r att g\u00f6ra SR-P mycket relevant f\u00f6r en medel- eller avancerad simracer som inte vill spr\u00e4nga sin budget.<\/p>\n<h2>Vem \u00e4r den till f\u00f6r? Vad vi gillar, vad vi inte gillar<\/h2>\n<p>MOZA SR-P Accessory Kit v\u00e4nder sig fr\u00e4mst till \u00e4gare av SR-P vevpartiet som b\u00f6rjar k\u00e4nna av originalbromsens begr\u00e4nsningar. Typisk profil: Motiverad PC- eller konsolspelare, redan v\u00e4l investerad i simracing, som cyklar regelbundet, k\u00f6r tidsk\u00f6rningar, m\u00e4sterskap i ligor eller helt enkelt vill ha b\u00e4ttre kontroll n\u00e4r de t\u00e4vlar. Nyb\u00f6rjare kommer att uppskatta vinsten, men kommer att ha st\u00f6rst nytta av det h\u00e4r kitet n\u00e4r de har l\u00e4rt sig grunderna i bromsning.<\/p>\n<p>Det jag uppskattar mest \u00e4r den markant f\u00f6rb\u00e4ttrade bromsk\u00e4nslan. Den \u00f6kade fastheten och progressiviteten inneb\u00e4r att du kan bromsa senare med st\u00f6rre sj\u00e4lvf\u00f6rtroende. Den andra starka punkten \u00e4r modulariteten: flera m\u00f6jliga kombinationer, en verklig f\u00f6rm\u00e5ga att anpassa beteendet till din k\u00f6rstil. Slutligen \u00e4r den \u00f6vergripande byggkvaliteten p\u00e5 den niv\u00e5 som f\u00f6rv\u00e4ntas av en produkt som \u00e4r utformad f\u00f6r att h\u00e5lla l\u00e4nge. Ingenting ger intryck av att beh\u00f6va bytas ut efter n\u00e5gra veckor.<\/p>\n<p>Begr\u00e4nsningarna kommer fr\u00e4mst fr\u00e5n den ursprungliga pedalbr\u00e4dans karakt\u00e4r. Trots uppgraderingen kan du inte f\u00f6rvandla en SR-P till ett mirakul\u00f6st toppmodernt vevparti: den absoluta precisionen \u00e4r fortfarande l\u00e4gre \u00e4n hos en bra specialiserad lastcell. Andra punkten: du m\u00e5ste smutsa ner dina h\u00e4nder. F\u00f6r vissa kan dessa mekaniska justeringar och successiva monteringar och demonteringar f\u00f6r att testa olika konfigurationer verka tr\u00e5kiga. Slutligen f\u00f6rblir allt inl\u00e5st i MOZA-ekosystemet: vi talar om en relevant investering endast om du t\u00e4nker stanna kvar med detta vevparti ett tag till.<\/p>\n<p>N\u00e4r det g\u00e4ller v\u00e4rde \u00e4r SR-P Accessory Kit en smart uppgradering. Det \u00e4r inte det billigaste tillbeh\u00f6ret i din upps\u00e4ttning, men vinsten i bromsf\u00f6rtroende och konsekvens g\u00f6r det till en f\u00f6rnuftig investering om du cyklar mycket och redan har god anv\u00e4ndning av din nuvarande utrustning. Det \u00e4r ett mindre ekonomiskt \u00e5tagande \u00e4n ett komplett vevpartibyte, samtidigt som det ger ett verkligt kvalitativt spr\u00e5ng n\u00e4r det g\u00e4ller k\u00e4nslan.<\/p>\n<h2>Utl\u00e5tande<\/h2>\n<p>MOZA SR-P tillbeh\u00f6rssats \u00e4ndrar inte sj\u00e4lva karakt\u00e4ren p\u00e5 ditt vevparti, men det t\u00e4njer tydligt p\u00e5 dess gr\u00e4nser. I en mellanklassupps\u00e4ttning \u00e4r det vanligtvis uppgraderingen som tar din bromsning fr\u00e5n \"okej\" till \"riktigt anv\u00e4ndbar\" f\u00f6r att arbeta med dina bromspunkter, din konsekvens och ditt sj\u00e4lvf\u00f6rtroende. SR-P-vevpartiet blir mer seri\u00f6st, mer kr\u00e4vande, men ocks\u00e5 mer givande att bem\u00e4stra.<\/p>\n<p>P\u00e5 marknaden \u00e4r detta kit positionerat som en v\u00e4l genomt\u00e4nkt mellanklassuppgradering: inte esoterisk, inte \u00f6verdimensionerad, men tillr\u00e4ckligt sofistikerad f\u00f6r att g\u00f6ra verklig skillnad p\u00e5 banan. Det riktar sig till simracingf\u00f6rare som redan \u00e4r lite engagerade, som k\u00e4nner till sina behov och som tydligt k\u00e4nner begr\u00e4nsningarna med en broms som \u00e4r f\u00f6r mjuk eller f\u00f6r approximativ. F\u00f6r den tillf\u00e4llige nyb\u00f6rjaren kommer det inte att vara en prioritet.<\/p>\n<p>Om du planerar att snabbt g\u00e5 \u00f6ver till ett toppmodernt lastcells- eller hydrauliskt vevparti kan det h\u00e4r kitet vara en on\u00f6dig avstickare. Om du \u00e5 andra sidan vill f\u00f6rb\u00e4ttra din nuvarande setup, f\u00e5 ut mesta m\u00f6jliga av ditt SR-P-vevst\u00e4ll och \u00f6ka precisionen i bromsningen, \u00e4r MOZA SR-P Accessory Kit helt r\u00e4tt. Om du vill g\u00f6ra din bromsning fastare, mer l\u00e4sbar och mer konsekvent med h\u00f6gpresterande cykling, kan den h\u00e4r produkten helt klart g\u00f6ra skillnad f\u00f6r din setup.<\/p>","protected":false},"excerpt":{"rendered":"<p>Det h\u00e4r kitet gav mig en k\u00e4nsla av att ett hyfsat vevparti kan omvandlas till mycket tydligare och s\u00e4krare bromsning, s\u00e4rskilt n\u00e4r man arbetar med bromspunkter och konsekvens. Det \u00e4r vettigt f\u00f6r redan engagerade simracingf\u00f6rare som vill h\u00e4rda och f\u00f6rfina sin SR-P utan att omedelbart uppgradera till ett toppmodernt vevparti. F\u00f6rh\u00e5llandet mellan kostnad och nytta f\u00f6rblir sammanh\u00e4ngande.<\/p>","protected":false},"featured_media":101544,"comment_status":"open","ping_status":"closed","template":"","meta":{"_acf_changed":false,"_et_pb_use_builder":"","_et_pb_old_content":"","_et_gb_content_width":""},"product_brand":[165],"product_cat":[153],"product_tag":[149],"class_list":{"0":"post-101543","1":"product","2":"type-product","3":"status-publish","4":"has-post-thumbnail","6":"product_brand-moza-racing","7":"product_cat-accessoires","8":"product_tag-pc","10":"first","11":"instock","12":"shipping-taxable","13":"product-type-external"},"acf":[],"_links":{"self":[{"href":"https:\/\/simracergear.com\/sv\/wp-json\/wp\/v2\/product\/101543","targetHints":{"allow":["GET"]}}],"collection":[{"href":"https:\/\/simracergear.com\/sv\/wp-json\/wp\/v2\/product"}],"about":[{"href":"https:\/\/simracergear.com\/sv\/wp-json\/wp\/v2\/types\/product"}],"replies":[{"embeddable":true,"href":"https:\/\/simracergear.com\/sv\/wp-json\/wp\/v2\/comments?post=101543"}],"wp:featuredmedia":[{"embeddable":true,"href":"https:\/\/simracergear.com\/sv\/wp-json\/wp\/v2\/media\/101544"}],"wp:attachment":[{"href":"https:\/\/simracergear.com\/sv\/wp-json\/wp\/v2\/media?parent=101543"}],"wp:term":[{"taxonomy":"product_brand","embeddable":true,"href":"https:\/\/simracergear.com\/sv\/wp-json\/wp\/v2\/product_brand?post=101543"},{"taxonomy":"product_cat","embeddable":true,"href":"https:\/\/simracergear.com\/sv\/wp-json\/wp\/v2\/product_cat?post=101543"},{"taxonomy":"product_tag","embeddable":true,"href":"https:\/\/simracergear.com\/sv\/wp-json\/wp\/v2\/product_tag?post=101543"}],"curies":[{"name":"wp","href":"https:\/\/api.w.org\/{rel}","templated":true}]}}