{"id":101569,"date":"2025-05-15T08:13:00","date_gmt":"2025-05-15T08:13:00","guid":{"rendered":"https:\/\/simracergear.com\/products\/moza-table-clamp\/"},"modified":"2025-11-28T05:56:17","modified_gmt":"2025-11-28T05:56:17","slug":"moza-table-clamp","status":"publish","type":"product","link":"https:\/\/simracergear.com\/sv\/products\/moza-table-clamp\/","title":{"rendered":"MOZA bordskl\u00e4mma"},"content":{"rendered":"<p>MOZA Table Clamp har en mycket speciell plats i simracingv\u00e4rlden: det \u00e4r tillbeh\u00f6ret som f\u00f6rvandlar ett enkelt skrivbord till ett trov\u00e4rdigt st\u00f6d f\u00f6r en MOZA Direct Drive-bas. Det kanske inte l\u00e5ter som en ny bas eller en ny ratt, men utan den f\u00f6rblir m\u00e5nga \"skrivbordsupps\u00e4ttningar\" vingliga, bokstavligen. Syftet \u00e4r enkelt: att tillhandah\u00e5lla en solid, snabb och justerbar montering f\u00f6r korrekt anv\u00e4ndning av en R5-, R9- eller annan MOZA-bas, utan en dedikerad cockpit.<\/p>\n<p>Detta bordsstativ \u00e4r s\u00e4rskilt attraktivt f\u00f6r simulatorer som inte har utrymme eller budget f\u00f6r ett komplett chassi, men som inte l\u00e4ngre vill ha en ratt som r\u00f6r sig vid varje bromsning. Allt handlar om styvhet och praktiska egenskaper. Kommer det verkligen att h\u00e5lla n\u00e4r ni \u00e5ker som ett par? Kommer skrivbordet att \u00f6verleva? Kan du spela under l\u00e5nga perioder utan att allt blir fel?<\/p>\n<p>Min vinkel \u00e4r tydlig: Jag ser p\u00e5 den h\u00e4r kl\u00e4mman som ett \u00f6verg\u00e5ngsverktyg mellan \"avslappnad skrivbordsinstallation\" och \"seri\u00f6s installation\". Jag \u00e4r fr\u00e4mst intresserad av styvhet, enkel montering, kompatibilitet med olika skrivbord och vad den verkligen f\u00f6r\u00e4ndrar i k\u00e4nslan, s\u00e4rskilt med de vanligaste MOZA-baserna.<\/p>\n<h2>Design och tillverkning<\/h2>\n<p>I handen ger MOZA bordskl\u00e4mma omedelbart ett seri\u00f6st intryck. Konstruktionen \u00e4r till stor del av metall, med tjocka plattor och en solid kropp som inger f\u00f6rtroende. Det \u00e4r inte alls som de tunna pl\u00e5tkl\u00e4mmor som ibland levereras med nyb\u00f6rjarrattar. Det finns en verklig k\u00e4nsla av t\u00e4thet h\u00e4r, en betryggande vikt och en allm\u00e4nt ren passform.<\/p>\n<p>\u00c5tdragningsknapparna \u00e4r imponerande, utformade f\u00f6r att kunna man\u00f6vreras f\u00f6r hand utan behov av \u00f6verdriven kraft. Kanterna \u00e4r i allm\u00e4nhet v\u00e4larbetade, utan irriterande vassa kanter. F\u00e4rgen \u00e4r sober, med en modern simracingk\u00e4nsla, och sm\u00e4lter v\u00e4l in i MOZA-baserna. Man kan se att designen har genomt\u00e4nkts f\u00f6r att estetiskt passa ihop med resten av ekosystemet.<\/p>\n<p>Det som \u00e4r sl\u00e5ende \u00e4r hur styvt det \u00e4r n\u00e4r det v\u00e4l \u00e4r korrekt installerat: kl\u00e4mman ger inte intryck av att vrida sig eller b\u00f6jas vid den f\u00f6rsta stora sm\u00e4llen p\u00e5 ratten. Armen som st\u00f6der basen f\u00f6rblir ganska stabil, \u00e4ven med en bas av R9-typ med mer vridmoment, f\u00f6rutsatt att skrivbordet mittemot \u00e4r solitt. Det finns en verklig konsekvens mellan konstruktionen och Direct Drive-anv\u00e4ndningen.<\/p>\n<p>Det finns dock n\u00e5gra mindre punkter som kan g\u00f6ra dig besviken. Bordsskivans ytskydd finns, men beroende p\u00e5 typ av skiva (barrtr\u00e4, laminat, fasad kant) kan de upplevas som lite minimalistiska. Ibland kr\u00e4vs noggrann justering f\u00f6r att undvika att markera kanten. J\u00e4mf\u00f6rt med vissa mycket avancerade kl\u00e4mmor f\u00f6r tyngre underreden \u00e4r MOZA Table Clamp optimerad f\u00f6r vikt-\/prisbalans snarare \u00e4n \u00f6verdriven ingenj\u00f6rskonst.<\/p>\n<p>J\u00e4mf\u00f6rt med de mer generiska system som finns som PC-tillbeh\u00f6r \u00e4r MOZA flera sn\u00e4pp b\u00e4ttre n\u00e4r det g\u00e4ller styvhet och design f\u00f6r simulerad racing. J\u00e4mf\u00f6rt med kl\u00e4mmor som \u00e4r integrerade i konsumentpaket vinner vi tydligt i robusthet och stabilitet. Det k\u00e4nns som om det har utformats f\u00f6r att hantera Direct Drive och inte bara en l\u00e4ttvikts remdriven ratt.<\/p>\n<h2>Inst\u00e4llningar, anpassning och kompatibilitet<\/h2>\n<p>MOZA Table Clamp \u00e4r ganska enkel i sin utformning, men den erbjuder de viktigaste justeringarna. Du kan justera dess position p\u00e5 kanten av skrivbordet, st\u00e4lla in h\u00f6jden p\u00e5 basen inom ett visst intervall och framf\u00f6r allt leka med vinkeln f\u00f6r att hitta r\u00e4tt rattposition, oavsett om du sitter i en kontorsstol eller en n\u00e5got l\u00e4gre stol. Det \u00e4r inte en cockpit med 15 axlar f\u00f6r justering, men f\u00f6r en kl\u00e4mma g\u00f6r den jobbet.<\/p>\n<p>Inl\u00e4rningskurvan \u00e4r mycket rimlig. Monteringen kr\u00e4ver lite metod i b\u00f6rjan, bara tillr\u00e4ckligt med tid f\u00f6r att f\u00f6rst\u00e5 exakt var basen ska placeras f\u00f6r att l\u00e4mna plats f\u00f6r tangentbordet och benen. N\u00e4r du v\u00e4l har hittat r\u00e4tt konfiguration beh\u00f6ver du inte g\u00e5 tillbaka till den varje dag. Systemet \u00e4r fortfarande fullt anv\u00e4ndbart f\u00f6r den som aldrig har byggt en cockpit tidigare.<\/p>\n<p>N\u00e4r det g\u00e4ller kompatibilitet \u00e4r den fr\u00e4mst utformad f\u00f6r MOZA-ekosystemet och varum\u00e4rkets baser. Den f\u00e4sts naturligt i de h\u00e5l som finns f\u00f6r detta \u00e4ndam\u00e5l p\u00e5 R5, R9 och andra. Det viktiga \u00e4r att kontrollera tjockleken och formen p\u00e5 bordsskivan: du beh\u00f6ver en ren kant, inte f\u00f6r tjock och tillr\u00e4ckligt styv. En l\u00e4tt sp\u00e5nskiva eller ett skrivbord med ett f\u00f6r mjukt mittben kommer snabbt att visa sina begr\u00e4nsningar, \u00e4ven om kl\u00e4mman h\u00e5ller bra.<\/p>\n<p>P\u00e5 datorer finns det inga begr\u00e4nsningar som \u00e4r specifika f\u00f6r kl\u00e4mman: s\u00e5 l\u00e4nge din MOZA-bas k\u00e4nns igen har st\u00f6det ingen inverkan p\u00e5 programvarukompatibiliteten. P\u00e5 konsoler \u00e4r kl\u00e4mman lika transparent: den h\u00e5ller helt enkelt bash\u00e5rdvaran. Det omgivande ekosystemet (MOZA-rattar, vevsatser fr\u00e5n varum\u00e4rket eller andra tillverkare, v\u00e4xlar, handbromsar) kan f\u00e4stas som vanligt, ofta p\u00e5 golvet eller p\u00e5 separata f\u00e4sten.<\/p>\n<p>N\u00e4r det g\u00e4ller skalbarhet ser jag det som en seri\u00f6s ing\u00e5ngspunkt. Det g\u00f6r att du kan dra full nytta av en Direct Drive-bas utan att omedelbart investera i en komplett cockpit. Det \u00e4r fullt m\u00f6jligt att b\u00f6rja med en kl\u00e4mma och senare g\u00e5 vidare till ett aluminiumchassi, samtidigt som man beh\u00e5ller kl\u00e4mman som en sekund\u00e4r eller mobil l\u00f6sning. Det ers\u00e4tter inte en cockpit f\u00f6r de tyngsta upps\u00e4ttningarna, men det \u00e4r ett bra val f\u00f6r vanlig skrivbordsanv\u00e4ndning.<\/p>\n<h2>K\u00e4nslor p\u00e5 spel<\/h2>\n<p>Det \u00e4r d\u00e4r MOZA Table Clamp g\u00f6r hela skillnaden, eftersom det vi verkligen bed\u00f6mer \u00e4r stabiliteten hos monteringen av bas + skrivbord. Med en bra MOZA-bas monterad p\u00e5 den kan du direkt se om den kommer att h\u00e5lla eller inte.<\/p>\n<p>Vid kurvtagning \u00e4r flytkraften det viktigaste kriteriet. Med vissa l\u00e4ttviktsstativ kan du k\u00e4nna en parasitisk \"lek\": basen r\u00f6r sig, skrivbordet skakar och en del av Force Feedback-informationen g\u00e5r f\u00f6rlorad i stativets b\u00f6jning. Med MOZA Table Clamp \u00e4r detta fenomen till stor del begr\u00e4nsat, f\u00f6rutsatt att sj\u00e4lva skrivbordet \u00e4r stabilt. Ratten sitter stadigt p\u00e5 plats under l\u00e5ngvarigt st\u00f6d och korrigeringar kan g\u00f6ras utan att st\u00f6det reagerar f\u00f6r sent.<\/p>\n<p>N\u00e4r det g\u00e4ller greppavl\u00e4sningar f\u00f6rs\u00e4mrar inte kl\u00e4mman vad basen kan leverera. Du kan fortfarande k\u00e4nna mikrovariationerna i ratten, \u00f6gonblicket n\u00e4r framvagnen b\u00f6rjar tappa vikt och den lilla f\u00f6rlusten av grepp vid kurvutg\u00e5ngar. D\u00e4r vissa \"billiga\" konsoler ger intrycket av att allt \u00e4r mekaniskt d\u00e4mpat eller filtrerat, l\u00e5ter MOZA anv\u00e4ndbara detaljer passera igenom. Du f\u00f6rst\u00e5r vad bilen g\u00f6r, och det \u00e4r hela po\u00e4ngen med en Direct Drive.<\/p>\n<p>N\u00e4r det g\u00e4ller vibratorer blir saker och ting fortfarande tydligare. Snabba vibrationer och korta st\u00f6tar tenderar att f\u00e5 l\u00e4tta st\u00f6d att dansa. H\u00e4r klarar kl\u00e4mman sig ganska bra. Man kan k\u00e4nna att ratten vibrerar, men underredet sv\u00e4nger inte f\u00f6r mycket. P\u00e5 kraftfulla kombinationer av underrede och skrivbord som \u00e4r lite flexibla kan man se en liten \u00f6vergripande r\u00f6relse hos m\u00f6beln, men kl\u00e4mman f\u00f6rblir konsekvent. Begr\u00e4nsningspunkten \u00e4r ofta skrivbordet, inte MOZA-st\u00f6det.<\/p>\n<p>Under l\u00e5nga sessioner \u00e4r konsistensen bra. N\u00e4r allt \u00e4r ordentligt \u00e5tdraget g\u00e5r kl\u00e4mman inte ur justering var tionde minut. Vredet sitter kvar p\u00e5 plats och positionen r\u00f6r sig inte. Det finns ingen irriterande k\u00e4nsla av att beh\u00f6va dra \u00e5t mitt under ett lopp. Under flera timmar f\u00f6rblir hanteringen stabil och den enda tr\u00f6tthetsfaktorn kommer fr\u00e5n s\u00e4tet, inte fr\u00e5n rattst\u00f6det.<\/p>\n<p>Vid snabba korrigeringar, s\u00e4rskilt inom rally eller drifting, kan du snabbt se om ett st\u00f6d finns tillg\u00e4ngligt. Med MOZA Table Clamp g\u00f6rs v\u00e4nster-h\u00f6ger-\u00f6verg\u00e5ngar utan ytterligare f\u00f6rdr\u00f6jning. Ratten \u00e5terv\u00e4nder tydligt till mitten och stora tr\u00e4ffar f\u00e5r inte st\u00f6det att trampa. Resultatet \u00e4r verklig kontroll och lyh\u00f6rdhet. Det \u00e4r d\u00e4r skillnaden mot en kl\u00e4mma i instegsklassen verkligen \u00e4r tydlig.<\/p>\n<p>J\u00e4mf\u00f6rt med en mindre kraftfull bas monterad p\u00e5 ett l\u00e4ttviktsst\u00f6d \u00e4r den st\u00f6rsta f\u00f6rdelen att krafterna \u00e4r mer l\u00e4sbara: \u00f6verg\u00e5ngarna mellan grepp och glid \u00e4r tydligare och detaljerna i FFB \"\u00e4ts inte upp\" av monteringens flex. J\u00e4mf\u00f6rt med en toppmodern installation p\u00e5 ett styvt aluminiumchassi \u00e4r kl\u00e4mman fortfarande en kompromiss: den beror mycket mer p\u00e5 skrivbordet, och du kan k\u00e4nna, vid de h\u00f6gsta vridmomenten, att den inte \u00e4r lika orubblig som en riktig cockpit. Men i samband med en installation p\u00e5 ett bord \u00e4r utrymmet f\u00f6r f\u00f6rb\u00e4ttringar redan enormt.<\/p>\n<p>I slut\u00e4ndan kretsar den allm\u00e4nna k\u00e4nslan kring tre ord: f\u00f6rdjupning, komfort och f\u00f6rtroende. Du kan trycka p\u00e5 MOZA-basen utan r\u00e4dsla f\u00f6r att allt ska g\u00e5 fel, du beh\u00f6ver inte \"spara\" ratten av r\u00e4dsla f\u00f6r kontoret, och det f\u00f6r\u00e4ndrar verkligen s\u00e4ttet du k\u00f6r p\u00e5. Du k\u00f6r mer naturligt, h\u00e5rdare och med en renare k\u00e4nsla.<\/p>\n<h2>Vem \u00e4r den till f\u00f6r? Vad vi gillar, vad vi inte gillar<\/h2>\n<p>MOZA Table Clamp riktar sig helt klart till simracer som vill ha Direct Drive, men som \u00e4nnu inte har tagit steget till cockpit. Typisk profil: Motiverad PC- eller konsolanv\u00e4ndare, ofta p\u00e5 mellanniv\u00e5, som k\u00f6r flera g\u00e5nger i veckan, men som m\u00e5ste n\u00f6ja sig med ett skrivbord och begr\u00e4nsat utrymme. Det \u00e4r ocks\u00e5 en bra l\u00f6sning f\u00f6r den som p\u00e5 allvar vill b\u00f6rja med en MOZA-bas, men som inte vill m\u00f6blera om hela vardagsrummet f\u00f6r ett komplett chassi.<\/p>\n<p>Det jag uppskattar mest \u00e4r f\u00f6rst och fr\u00e4mst den \u00f6vergripande styvheten j\u00e4mf\u00f6rt med en vanlig kl\u00e4mma: man f\u00e5r en k\u00e4nsla av att den har utformats f\u00f6r att klara av mycket vridmoment. Sedan finns det den naturliga kompatibiliteten med MOZA-kedjestag, s\u00e5 det finns inget behov av att fippla runt med adaptrar. Slutligen \u00e4r det praktiskt: du kan montera\/demontera den ganska snabbt, justera rattens position och \u00e5terg\u00e5 till ett \"normalt\" skrivbord om du beh\u00f6ver. F\u00f6r en hybridinstallation med arbete och simracing \u00e4r det ett verkligt plus.<\/p>\n<p>Men det finns gr\u00e4nser. Den f\u00f6rsta \u00e4r det totala beroendet av skrivbordets kvalitet. Om bordsskivan \u00e4r tunn, mjuk eller d\u00e5ligt fastsatt kommer kl\u00e4mman inte att g\u00f6ra n\u00e5gon skillnad: det \u00e4r m\u00f6beln som blir den svaga punkten, och en del av FFB:s k\u00e4nslor kommer att nedv\u00e4rderas. F\u00f6r det andra skulle bordskantskyddet kunna vara mer gener\u00f6st f\u00f6r att lugna dem som har ett fint skrivbord som de inte vill markera. F\u00f6rsiktighet m\u00e5ste iakttas vid monteringen f\u00f6r att undvika \u00f6verraskningar. Den tredje begr\u00e4nsningen \u00e4r den mycket l\u00e5ngsiktiga potentialen n\u00e4r det g\u00e4ller tyngre eller kraftfullare baser: om du g\u00e5r vidare till en mycket stark installation med ultrastyvt lastcellsvevst\u00e4ll, kraftiga bromsar etc., kommer en riktig cockpit fortfarande att vara mer l\u00e4mplig \u00e4n ett skrivbord, \u00e4ven med denna kl\u00e4mma.<\/p>\n<p>N\u00e4r det g\u00e4ller det upplevda v\u00e4rdet \u00e4r det h\u00e4r ett tillbeh\u00f6r som f\u00f6rblir en investering, men en investering som \u00e4r motiverad om du verkligen vill f\u00e5 ut mesta m\u00f6jliga av en Direct Drive-bas utan att g\u00e5 direkt till chassit. Det \u00e4r den typiska typen av produkt som inte h\u00f6jer \"wow-faktorn\" visuellt, men som g\u00f6r en enorm skillnad f\u00f6r kvaliteten p\u00e5 den dagliga anv\u00e4ndningen. F\u00f6r en station\u00e4r installation \u00e4r det n\u00e4stan ett strategiskt k\u00f6p.<\/p>\n<h2>Utl\u00e5tande<\/h2>\n<p>MOZA Table Clamp f\u00f6rvandlar inte din installation till en proffscockpit, men den f\u00f6r\u00e4ndrar helt klart hur en station\u00e4r installation beter sig. Den utg\u00f6r den saknade pusselbiten mellan en seri\u00f6s Direct Drive-bas och en hemmilj\u00f6 som ursprungligen inte var utformad f\u00f6r den. I praktiken stabiliserar den ratten, g\u00f6r k\u00e4nslan mer tillf\u00f6rlitlig och g\u00f6r att du verkligen kan utnyttja egenskaperna hos en MOZA-bas utan att beh\u00f6va m\u00f6blera om allt.<\/p>\n<p>P\u00e5 marknaden placerar jag den i kategorin \"pivot\": det \u00e4r varken en instegspryl eller ultraspecialiserad premiumutrustning. Det \u00e4r en solid mellanl\u00f6sning, utformad f\u00f6r att komplettera basstationer i mellanklass till toppklass i kontorssammanhang. F\u00f6r den som cyklar ofta, men inte har utrymme eller lust f\u00f6r en komplett cockpit, \u00e4r den helt klart relevant.<\/p>\n<p>Jag skulle rekommendera den till alla som anv\u00e4nder eller \u00f6verv\u00e4ger att anv\u00e4nda en MOZA-bas p\u00e5 ett skrivbord och som redan k\u00e4nner av begr\u00e4nsningarna i sin nuvarande montering. Om du \u00e5 andra sidan redan har ett robust aluminiumchassi, eller om ditt skrivbord \u00e4r f\u00f6r l\u00e4tt eller d\u00e5ligt utformat f\u00f6r att motst\u00e5 betydande krafter, \u00e4r det h\u00e4r inte det b\u00e4sta valet: i s\u00e5 fall beh\u00f6vs en riktig cockpit eller en mer seri\u00f6s m\u00f6bel.<\/p>\n<p>Om du vill stabilisera en MOZA Direct Drive-bas p\u00e5 ett enkelt skrivbord och samtidigt bevara k\u00e4nslan och komforten, kan den h\u00e4r produkten helt klart g\u00f6ra skillnad i din installation.<\/p>","protected":false},"excerpt":{"rendered":"<p>Framf\u00f6r allt gav den h\u00e4r kl\u00e4mman mig intrycket av att f\u00f6rvandla ett enkelt skrivbord till ett \u00e4ntligen seri\u00f6st st\u00f6d f\u00f6r en MOZA-bas: ratten blir stabil, k\u00e4nslorna \u00e4r renare och du \u00e4r inte l\u00e4ngre r\u00e4dd f\u00f6r m\u00f6blerna. Det \u00e4r vettigt f\u00f6r vanliga simracers utan plats f\u00f6r en cockpit, som verkligen vill njuta av Direct Drive p\u00e5 ett bord. Sammantaget \u00e4r v\u00e4rdet f\u00f6renligt med vad det f\u00f6r\u00e4ndrar p\u00e5 en daglig basis.<\/p>","protected":false},"featured_media":101570,"comment_status":"open","ping_status":"closed","template":"","meta":{"_acf_changed":false,"_et_pb_use_builder":"","_et_pb_old_content":"","_et_gb_content_width":""},"product_brand":[165],"product_cat":[153],"product_tag":[149],"class_list":{"0":"post-101569","1":"product","2":"type-product","3":"status-publish","4":"has-post-thumbnail","6":"product_brand-moza-racing","7":"product_cat-accessoires","8":"product_tag-pc","10":"first","11":"instock","12":"shipping-taxable","13":"product-type-external"},"acf":[],"_links":{"self":[{"href":"https:\/\/simracergear.com\/sv\/wp-json\/wp\/v2\/product\/101569","targetHints":{"allow":["GET"]}}],"collection":[{"href":"https:\/\/simracergear.com\/sv\/wp-json\/wp\/v2\/product"}],"about":[{"href":"https:\/\/simracergear.com\/sv\/wp-json\/wp\/v2\/types\/product"}],"replies":[{"embeddable":true,"href":"https:\/\/simracergear.com\/sv\/wp-json\/wp\/v2\/comments?post=101569"}],"wp:featuredmedia":[{"embeddable":true,"href":"https:\/\/simracergear.com\/sv\/wp-json\/wp\/v2\/media\/101570"}],"wp:attachment":[{"href":"https:\/\/simracergear.com\/sv\/wp-json\/wp\/v2\/media?parent=101569"}],"wp:term":[{"taxonomy":"product_brand","embeddable":true,"href":"https:\/\/simracergear.com\/sv\/wp-json\/wp\/v2\/product_brand?post=101569"},{"taxonomy":"product_cat","embeddable":true,"href":"https:\/\/simracergear.com\/sv\/wp-json\/wp\/v2\/product_cat?post=101569"},{"taxonomy":"product_tag","embeddable":true,"href":"https:\/\/simracergear.com\/sv\/wp-json\/wp\/v2\/product_tag?post=101569"}],"curies":[{"name":"wp","href":"https:\/\/api.w.org\/{rel}","templated":true}]}}