{"id":101826,"date":"2025-05-22T09:44:00","date_gmt":"2025-05-22T09:44:00","guid":{"rendered":"https:\/\/simracergear.com\/?post_type=product&#038;p=101826"},"modified":"2025-11-28T06:07:52","modified_gmt":"2025-11-28T06:07:52","slug":"asetek-la-prima-wheelbase-12nm","status":"publish","type":"product","link":"https:\/\/simracergear.com\/sv\/products\/asetek-la-prima-wheelbase-12nm\/","title":{"rendered":"Asetek La Prima Hjulbas (12Nm)"},"content":{"rendered":"<h2>Asetek La Prima Wheelbase (12 Nm): test &amp; fullst\u00e4ndig recension<\/h2>\n<p>Aseteks La Prima Wheelbase ger sig in i ett hett omtvistat segment: den \"tillg\u00e4ngliga\" direktdrivningen, runt 10-12 Nm, utformad f\u00f6r simracerf\u00f6rare som vill g\u00f6ra ett verkligt genombrott utan att g\u00e5 in i den allra \u00f6versta delen av marknaden. P\u00e5 papperet lovar den h\u00e4r basen tillr\u00e4ckligt vridmoment f\u00f6r att vara kr\u00e4vande, en seri\u00f6s finish och ett ekosystem som Asetek h\u00e5ller p\u00e5 att bygga upp.<\/p>\n<p>Det som lockar folk \u00e4r denna centrala positionering: tillr\u00e4ckligt kraftfull f\u00f6r att k\u00f6ra GT-, formel- och rallybilar p\u00e5 ett trov\u00e4rdigt s\u00e4tt, men \u00e4nd\u00e5 \"hanterbar\" f\u00f6r en f\u00f6rsta direktdriven bil. Asetek satsar ocks\u00e5 p\u00e5 sin rent prestandainriktade varum\u00e4rkesimage, med tonvikt p\u00e5 k\u00e4nsla, styvhet och enhetlighet i sortimentet.<\/p>\n<p>Min analysvinkel kretsar kring tre punkter: kvaliteten p\u00e5 kraft\u00e5terkopplingen (finess + kraft), den enkla hanteringen f\u00f6r n\u00e5gon som kommer fr\u00e5n en ratt med b\u00e4lte och v\u00e4xel, och relevansen av denna bas som grunden f\u00f6r en utvecklande inst\u00e4llning. M\u00e5let \u00e4r enkelt: att se om denna La Prima erbjuder ett verkligt plus p\u00e5 banan, eller om det bara \u00e4r ytterligare ett alternativ i ett redan t\u00e4tt sortiment.<\/p>\n<h2>Design och tillverkning<\/h2>\n<p>Visuellt utstr\u00e5lar La Prima Wheelbase seriositet. Metallchassit, med sitt kantiga, kompakta utseende, ger intryck av ett monolitiskt block. I handen har basen en betryggande t\u00e4thet: ingenting k\u00e4nns ih\u00e5ligt, ingenting r\u00f6r sig n\u00e4r du hanterar den. Du f\u00e5r omedelbart intrycket av en produkt som \u00e4r utformad f\u00f6r att klara p\u00e5frestningarna, inte ett ompaketerat fodral.<\/p>\n<p>Finishen \u00e4r ren, med v\u00e4lbearbetade kanter och exakt montering. Ytorna inger f\u00f6rtroende utan att f\u00f6rs\u00f6ka vara pr\u00e5liga. Designen \u00e4r funktionell, n\u00e4stan industriell, men passar bra i en cockpit. N\u00e4r basen v\u00e4l sitter p\u00e5 plats b\u00f6jer den sig inte, inte ens vid h\u00f6ga vridmoment: styvhet \u00e4r helt klart en stark sida. Det \u00e4r h\u00e4r Asetek-filosofin kommer in i bilden: det \u00e4r b\u00e4ttre att ha en kompakt, mycket styv enhet \u00e4n en stor, br\u00e4cklig.<\/p>\n<p>Det som f\u00f6rv\u00e5nar \u00e4r intrycket av en \"seri\u00f6s\" produkt fr\u00e5n det \u00f6gonblick man packar upp den. Den direktdrivna motorn verkar vara r\u00e4tt dimensionerad f\u00f6r 12 Nm, utan att \u00f6verdriva, och det hela k\u00e4nns mer som ett verktyg \u00e4n en pryl. Det \u00e4r l\u00e5ngt ifr\u00e5n de instegsbaser som \u00e4r tillverkade av plast eller halvplast.<\/p>\n<p>\u00c5 andra sidan kan vissa av detaljerna vara en liten besvikelse, beroende p\u00e5 f\u00f6rv\u00e4ntningar. Designen \u00e4r fortfarande ganska sober, till och med kall, f\u00f6r dem som gillar ljuseffekter eller en mer \"spelande\" stil. Det \u00e4r ocks\u00e5 tydligt att vi inte har att g\u00f6ra med den visuella f\u00f6rfiningsniv\u00e5n hos en mycket avancerad produkt: ytbehandlingarna \u00e4r rena, men inte lyxiga. J\u00e4mf\u00f6rt med andra baser med j\u00e4mf\u00f6rbar effekt ligger den upplevda kvaliteten i toppskiktet n\u00e4r det g\u00e4ller soliditet, men lite mer neutral n\u00e4r det g\u00e4ller estetisk \"wow-effekt\".<\/p>\n<h2>Inst\u00e4llningar, anpassning och kompatibilitet<\/h2>\n<p>P\u00e5 mjukvarusidan har Asetek valt ett tydligt gr\u00e4nssnitt med v\u00e4lorganiserade inst\u00e4llningar. H\u00e4r finns klassikerna: total kraft, filter, friktion, d\u00e4mpare, tr\u00f6ghet och n\u00e5gra alternativ f\u00f6r att finjustera k\u00e4nslan s\u00e5 att den passar olika typer av bilar. Menyerna \u00e4r tillr\u00e4ckligt tydliga f\u00f6r att \u00e4ven vana anv\u00e4ndare snabbt ska kunna hitta r\u00e4tt utan att beh\u00f6va f\u00f6rdjupa sig i en teknisk manual.<\/p>\n<p>De f\u00f6rinst\u00e4llningar som finns f\u00f6r vissa typer av bilar eller simuleringar \u00e4r en bra utg\u00e5ngspunkt. De \u00e4r inte perfekta, men de g\u00f6r att du ganska snabbt kan f\u00f6rst\u00e5 vad varje parameter \u00e4ndrar. F\u00f6r min del tyckte jag att inl\u00e4rningskurvan var rimlig: n\u00e5gra sessioner r\u00e4cker f\u00f6r att f\u00e5 en sammanh\u00e4ngande k\u00e4nsla, s\u00e4rskilt om du vet ungef\u00e4r vad du letar efter (mer detaljer i gupp, mindre filter etc.). Om du \u00e4r helt nyb\u00f6rjare p\u00e5 direktstyrning kommer det s\u00e4kert att bli lite av en anpassningsfas, men det \u00e4r inget att fastna i.<\/p>\n<p>De riktigt anv\u00e4ndbara inst\u00e4llningarna \u00e4r de som p\u00e5verkar tydligheten i \u00e5terkopplingen och hanteringen av vridmomentstoppar. Med La Prima kan du g\u00f6ra responsen mjukare utan att informationen f\u00f6rsvinner, eller tv\u00e4rtom g\u00f6ra den mer r\u00e5 och direkt. Du kan g\u00f6ra den mycket f\u00f6ljsam f\u00f6r mer vardaglig anv\u00e4ndning, eller mer livlig f\u00f6r simulerade t\u00e4vlingscyklister som vill k\u00e4nna varje greppf\u00f6rlust.<\/p>\n<p>Basen \u00e4r PC-orienterad, som de flesta produkter i detta segment. Konsolkompatibilitet beror p\u00e5 de hjul och ekosystem som valts, och detta \u00e4r helt klart inte dess fr\u00e4msta styrka. Det verkar som om det prim\u00e4ra m\u00e5let \u00e4r PC-anv\u00e4ndare med en solid cockpit.<\/p>\n<p>N\u00e4r det g\u00e4ller ekosystemet erbjuder Asetek sj\u00e4lvklart sina egna sv\u00e4nghjul, pedaler och tillbeh\u00f6r, med en ganska tydlig sortimentslogik. Basen passar v\u00e4l in med dessa komponenter och systemet f\u00f6r fasts\u00e4ttning\/snabbkoppling \u00e4r utformat f\u00f6r att vara styvt och l\u00e4tt att anv\u00e4nda. Kompatibilitet med andra komponenter (vevpartier, v\u00e4xlar) via USB \u00e4r fortfarande m\u00f6jligt via PC, men det h\u00e4r \u00e4r en v\u00e4rld som fr\u00e4mst \u00e4r utformad f\u00f6r att f\u00f6rbli \"i familjen\". N\u00e4r det g\u00e4ller uppgraderingsm\u00f6jligheter fungerar La Prima tydligt som en ing\u00e5ng till Aseteks ekosystem, men det \u00e4r ocks\u00e5 en bas som kan f\u00f6lja en simracer p\u00e5 l\u00e5ng sikt utan att vara f\u00f6r\u00e5ldrad p\u00e5 n\u00e5gra m\u00e5nader.<\/p>\n<h2>K\u00e4nslor p\u00e5 spel<\/h2>\n<p>Det \u00e4r p\u00e5 den virtuella banan som La Prima Wheelbase visar vad den g\u00e5r f\u00f6r. Vid 12 Nm befinner vi oss i en mycket behaglig kraftzon: tillr\u00e4ckligt muskul\u00f6s f\u00f6r att erbjuda verkligt fysiskt engagemang, men utan att bli tr\u00f6tt efter n\u00e5gra varv, om inst\u00e4llningarna \u00e4r v\u00e4l justerade. Det tillg\u00e4ngliga vridmomentet m\u00f6jligg\u00f6r skarpa effekter, uttalade tryckf\u00f6r\u00e4ndringar och tydliga reaktioner i h\u00e4ndelse av f\u00f6rlorad kontroll.<\/p>\n<p>FFB:s precision \u00e4r en av de mest sl\u00e5ende egenskaperna. Basen \u00f6verf\u00f6r lastvariationer till framaxeln p\u00e5 ett tydligt s\u00e4tt, med ett v\u00e4l bibeh\u00e5llet centrum. Styrningen \u00e4r fast och responsiv och mikrokorrigeringar g\u00f6rs p\u00e5 ett naturligt s\u00e4tt. Du f\u00f6rst\u00e5r omedelbart vad bilen g\u00f6r. Detta \u00e4r s\u00e4rskilt uppskattat p\u00e5 mycket styva formelbilar eller GT-bilar, d\u00e4r varje liten mass\u00f6verf\u00f6ring r\u00e4knas.<\/p>\n<p>I kurvorna \u00e4r k\u00f6regenskaperna mycket bra. Du kan tydligt k\u00e4nna den \u00f6kade anstr\u00e4ngningen n\u00e4r greppet \u00f6kar, och sedan den lilla l\u00e4ttnaden n\u00e4r du b\u00f6rjar g\u00e5 \u00f6ver gr\u00e4nsen. \u00d6verg\u00e5ngen mellan grepp och glid \u00e4r ganska gradvis, vilket \u00e4r till stor hj\u00e4lp n\u00e4r man ska f\u00f6rutse om man f\u00f6rlorar kontrollen. J\u00e4mf\u00f6rt med ett b\u00e4ltesbaserat system vinner vi i omedelbarhet: variationerna i anstr\u00e4ngning \u00e4r mer direkta, mindre \"rundade\".<\/p>\n<p>Greppavl\u00e4sningarna \u00e4r i allm\u00e4nhet mycket bra f\u00f6r den h\u00e4r kategorin. Du kan k\u00e4nna b\u00f6rjan till understyrning, sm\u00e5 f\u00f6rluster av bakre grepp och korrigeringar av chassibalansen. P\u00e5 en oj\u00e4mn bana eller med slitna d\u00e4ck kan du k\u00e4nna hur k\u00f6regenskaperna f\u00f6rs\u00e4mras, vilket \u00f6kar sj\u00e4lvf\u00f6rtroendet. Det \u00e4r h\u00e4r som basen verkligen f\u00f6r\u00e4ndrar upplevelsen, s\u00e4rskilt n\u00e4r du kommer fr\u00e5n ett mer grundl\u00e4ggande system.<\/p>\n<p>Vibratorerna \u00e4r v\u00e4l \u00e5tergivna, med en torr men inte obehaglig k\u00e4nsla om filtren \u00e4r r\u00e4tt inst\u00e4llda. Du kan k\u00e4nna skillnaden mellan en platt vibrator som du kan \"\u00e4ta\" och en aggressiv vibrator som st\u00f6r bilen. Basen har tillr\u00e4ckligt med punch f\u00f6r att f\u00e5 fram informationen, utan att m\u00e4tta. P\u00e5 de stora vibratorerna i stadskretsar eller vissa aggressiva banor kan du v\u00e4lja att j\u00e4mna ut saker och ting n\u00e5got f\u00f6r att undvika att sessionen blir alltf\u00f6r fysisk.<\/p>\n<p>Under l\u00e5nga sessioner \u00e4r konsistensen bra. Vridmomentet f\u00f6rsvagas inte, kedjestaget k\u00e4nns inte s\u00e5 varmt att det f\u00f6r\u00e4ndrar k\u00e4nslan och \u00e5terkopplingen f\u00f6rblir stabil. Tr\u00f6ttheten beror framf\u00f6r allt p\u00e5 vilka inst\u00e4llningar du v\u00e4ljer: vid full effekt, p\u00e5 en mycket styv cockpit, kan det bli sportigt, men om du h\u00e5ller dig inom ett intervall p\u00e5 60-80 % av maximal kraft hittar du en bra kompromiss mellan inlevelse och komfort.<\/p>\n<p>Vid snabba korrigeringar g\u00f6r motorns reaktionsf\u00f6rm\u00e5ga hela skillnaden. Motstyrning, \u00e5terst\u00e4llning av \u00f6verstyrning och snabba riktningsf\u00f6r\u00e4ndringar \u00e4r mer kontrollerbara \u00e4n med en mindre kraftfull eller mer filtrerad bas. Hjulet kommer tillbaka p\u00e5 plats rent, utan m\u00e4rkbar latens, och du kan verkligen \"arbeta\" bilen till det yttersta. P\u00e5 rallyn och med mycket nerv\u00f6sa bilar ger den h\u00e4r aspekten en verklig vinst i kontroll.<\/p>\n<p>J\u00e4mf\u00f6rt med en mindre kraftfull bas (vanligtvis cirka 5-8 Nm) \u00e4r den huvudsakliga k\u00e4nslan reserven. Du har mer utrymme innan du blir m\u00e4ttad. Stora tryck, kompressioner och st\u00f6tar \u00e4r mer distinkta, du k\u00e4nner inte bara en \"v\u00e4gg\" av kraft. J\u00e4mf\u00f6rt med en mer kraftfull bas (20 Nm eller mer) f\u00f6rlorar du lite i ren brutalitet och ultimat marginal, men du vinner ofta i inst\u00e4llningskomfort. La Prima \u00e4r positionerad som en sweet spot f\u00f6r m\u00e5nga sim-racers: tillr\u00e4ckligt med kraft f\u00f6r att ta direktdrivning p\u00e5 allvar, utan att tippa \u00f6ver till extrema fysiska krav.<\/p>\n<p>\u00d6verlag \u00e4r inlevelsen solid: du k\u00e4nner dig kopplad till banan, informationen kommer fram tydligt och du f\u00e5r snabbt sj\u00e4lvf\u00f6rtroende att attackera h\u00e5rdare. Ratten blir ett riktigt k\u00f6rverktyg, inte bara en spelanordning.<\/p>\n<h2>Vem \u00e4r den till f\u00f6r? Vad vi tycker om \/ Vad vi inte tycker om<\/h2>\n<p>La Prima Wheelbase riktar sig helt klart till den motiverade simracerf\u00f6raren, antingen p\u00e5 mellanniv\u00e5 eller p\u00e5 avancerad niv\u00e5, som vill ta sig f\u00f6rbi eller redan har tagit sig f\u00f6rbi instegsratten. Det \u00e4r en utm\u00e4rkt bas f\u00f6r en PC-spelare med en styv cockpit och en \u00f6nskan att k\u00f6ra regelbundet, oavsett om det g\u00e4ller GT, formelbil eller rally. En mycket motiverad nyb\u00f6rjare kan ocks\u00e5 tycka att det \u00e4r en utm\u00e4rkt startpunkt, f\u00f6rutsatt att han accepterar en kort inl\u00e4rningskurva och investerar i en stabil installation.<\/p>\n<p>Det jag s\u00e4rskilt gillar \u00e4r systemets \u00f6vergripande styvhet, kvaliteten p\u00e5 kraft\u00e5terkopplingen och tydligheten i den information som \u00f6verf\u00f6rs. Basen ger en ren och f\u00f6ruts\u00e4gbar k\u00e4nsla, utan \u00f6verdrivet parasitljud. Den lyckas ocks\u00e5 leverera bra anv\u00e4ndbar kraft utan att inf\u00f6ra ultrakomplexa inst\u00e4llningar: du kan f\u00e5 ett mycket bra resultat med n\u00e5gra enkla justeringar. N\u00e4r det g\u00e4ller den upplevda kvaliteten f\u00e5r vi ocks\u00e5 intrycket av en produkt som \u00e4r utformad f\u00f6r att h\u00e5lla och f\u00f6r att passa in i ett sammanh\u00e4ngande ekosystem.<\/p>\n<p>N\u00e4r det g\u00e4ller begr\u00e4nsningar minskar Aseteks mycket PC- och ekosystemorienterade positionering flexibiliteten n\u00e5got f\u00f6r dem som letar efter en enkel l\u00f6sning f\u00f6r flera plattformar eller som gillar att blanda varum\u00e4rken. Vissa kan tycka att estetiken saknar lite personlighet, s\u00e4rskilt om man gillar baser som \u00e4r v\u00e4ldigt \"show off\". Slutligen, med 12 Nm \u00e4r det inte heller ett vridmomentmonster: purister som absolut vill ha 20 Nm och mer kan tycka att basen \u00e4r lite \"klok\", \u00e4ven om de flesta simracingf\u00f6rare i praktiken aldrig kommer att vilja ha mer kraft.<\/p>\n<p>N\u00e4r det g\u00e4ller investeringar \u00e4r La Prima helt klart en produkt som b\u00f6r \u00f6verv\u00e4gas p\u00e5 l\u00e5ng sikt. Det \u00e4r inte ett impulsk\u00f6p, utan en central del av din utrustning. Det upplevda v\u00e4rdet beror i h\u00f6g grad p\u00e5 hur mycket du \u00e4gnar dig \u00e5t simracing: f\u00f6r n\u00e5gon som k\u00f6r ofta \u00e4r skillnaden i k\u00e4nsla j\u00e4mf\u00f6rt med en instegshjul mer \u00e4n tillr\u00e4cklig f\u00f6r att motivera spr\u00e5nget. F\u00f6r en spelare som k\u00f6r mycket s\u00e4llan kan investeringen verka sv\u00e5rare att r\u00e4kna hem.<\/p>\n<h2>Utl\u00e5tande<\/h2>\n<p>Asetek La Prima Wheelbase (12 Nm) inneb\u00e4r en verklig f\u00f6r\u00e4ndring av en setup som \u00e4r avsedd f\u00f6r seri\u00f6s simracing. Den f\u00f6rvandlar en \"hyfsad\" setup till ett trov\u00e4rdigt k\u00f6rverktyg, med tillr\u00e4ckligt kraftfull och exakt kraft\u00e5terkoppling f\u00f6r att driva bilen till sin yttersta gr\u00e4ns. Vi n\u00e4rmar oss helt klart k\u00e4nslan av avancerad mellanklassutrustning, eller till och med den \u00f6vre delen av sortimentet n\u00e4r det g\u00e4ller vissa aspekter av k\u00e4nsla och styvhet.<\/p>\n<p>P\u00e5 marknaden \u00e4r det en central l\u00f6sning: mer ambiti\u00f6s \u00e4n en direktdriven instegsmodell, men mindre extrem och billigare \u00e4n mycket kraftfulla basmaskiner. Dess styrka ligger i balansen mellan prestanda, anv\u00e4ndarv\u00e4nlighet och byggkvalitet. Det \u00e4r inte det perfekta valet om du absolut vill ha enkel konsolkompatibilitet eller om du letar efter r\u00e5 kraft framf\u00f6r allt annat. \u00c5 andra sidan, f\u00f6r en PC-simulerad racer som vill ha en solid, uppgraderingsbar bas som \u00e4r kompatibel med ett strukturerat ekosystem, uppfyller den m\u00e5nga kriterier.<\/p>\n<p>Om du letar efter en seri\u00f6s direktdriven bas som kan ge en stor \u00f6kning av k\u00e4nslan utan att bli ohanterlig p\u00e5 daglig basis, kan den h\u00e4r produkten helt klart g\u00f6ra skillnad i din installation.<\/p>","protected":false},"excerpt":{"rendered":"<p>La Prima gav mig k\u00e4nslan av att g\u00e5 fr\u00e5n en enkel spelratt till ett riktigt k\u00f6rverktyg, med tydlig och konsekvent feedback som \u00f6kar sj\u00e4lvf\u00f6rtroendet p\u00e5 banan. Den riktar sig fr\u00e4mst till motiverade PC-simuleringsf\u00f6rare som redan har en styv cockpit eller \u00e4r redo att uppgradera. Sammantaget ger det en solid, h\u00e5llbar bas som \u00e4r idealisk att anv\u00e4nda som en k\u00e4rninstallation p\u00e5 l\u00e5ng sikt.<\/p>","protected":false},"featured_media":101834,"comment_status":"open","ping_status":"closed","template":"","meta":{"_acf_changed":false,"_et_pb_use_builder":"","_et_pb_old_content":"","_et_gb_content_width":""},"product_brand":[175],"product_cat":[155],"product_tag":[149],"class_list":{"0":"post-101826","1":"product","2":"type-product","3":"status-publish","4":"has-post-thumbnail","6":"product_brand-asetek-simsports","7":"product_cat-base","8":"product_tag-pc","10":"first","11":"instock","12":"shipping-taxable","13":"product-type-external"},"acf":[],"_links":{"self":[{"href":"https:\/\/simracergear.com\/sv\/wp-json\/wp\/v2\/product\/101826","targetHints":{"allow":["GET"]}}],"collection":[{"href":"https:\/\/simracergear.com\/sv\/wp-json\/wp\/v2\/product"}],"about":[{"href":"https:\/\/simracergear.com\/sv\/wp-json\/wp\/v2\/types\/product"}],"replies":[{"embeddable":true,"href":"https:\/\/simracergear.com\/sv\/wp-json\/wp\/v2\/comments?post=101826"}],"wp:featuredmedia":[{"embeddable":true,"href":"https:\/\/simracergear.com\/sv\/wp-json\/wp\/v2\/media\/101834"}],"wp:attachment":[{"href":"https:\/\/simracergear.com\/sv\/wp-json\/wp\/v2\/media?parent=101826"}],"wp:term":[{"taxonomy":"product_brand","embeddable":true,"href":"https:\/\/simracergear.com\/sv\/wp-json\/wp\/v2\/product_brand?post=101826"},{"taxonomy":"product_cat","embeddable":true,"href":"https:\/\/simracergear.com\/sv\/wp-json\/wp\/v2\/product_cat?post=101826"},{"taxonomy":"product_tag","embeddable":true,"href":"https:\/\/simracergear.com\/sv\/wp-json\/wp\/v2\/product_tag?post=101826"}],"curies":[{"name":"wp","href":"https:\/\/api.w.org\/{rel}","templated":true}]}}